{"id":91,"date":"2014-06-25T22:31:22","date_gmt":"2014-06-25T13:31:22","guid":{"rendered":"http:\/\/www.happydance.international\/?page_id=91"},"modified":"2016-10-15T00:04:51","modified_gmt":"2016-10-14T15:04:51","slug":"happy_gold","status":"publish","type":"page","link":"https:\/\/www.happydance.international\/pt\/happy_gold\/","title":{"rendered":"Happy Gold"},"content":{"rendered":"[vc_row][vc_column][vc_column_text]\n\t\t\t<!-- START Happy_gold REVOLUTION SLIDER 6.4.2 --><p class=\"rs-p-wp-fix\"><\/p>\n\t\t\t<rs-module-wrap id=\"rev_slider_2_5_wrapper\" data-source=\"gallery\" style=\"background:#eeeeee;padding:0;\">\n\t\t\t\t<rs-module id=\"rev_slider_2_5\" style=\"\" data-version=\"6.4.2\">\n\t\t\t\t\t<rs-slides>\n\t\t\t\t\t\t<rs-slide data-key=\"rs-5\" data-title=\"happy-gold Video\" data-anim=\"ms:900;\" data-in=\"o:0;\" data-out=\"a:false;\">\n\t\t\t\t\t\t\t<img decoding=\"async\" src=\"\/\/www.happydance.international\/wp-content\/plugins\/revslider\/public\/assets\/assets\/dummy.png\" alt=\"happy-gold Video\" title=\"Happy Gold\" data-lazyload=\"\/\/www.happydance.international\/wp-content\/plugins\/revslider\/public\/assets\/assets\/transparent.png\" data-bg=\"p:center top;\" data-parallax=\"1\" class=\"rev-slidebg\" data-no-retina>\n<!--\n\t\t\t\t\t\t\t--><rs-layer\n\t\t\t\t\t\t\t\tid=\"slider-2-slide-5-layer-1\" \n\t\t\t\t\t\t\t\tclass=\"blue_bold_bg_20\"\n\t\t\t\t\t\t\t\tdata-type=\"text\"\n\t\t\t\t\t\t\t\tdata-color=\"#ffffff\"\n\t\t\t\t\t\t\t\tdata-rsp_ch=\"on\"\n\t\t\t\t\t\t\t\tdata-xy=\"x:c;y:30px;\"\n\t\t\t\t\t\t\t\tdata-text=\"s:20;l:20;fw:900;\"\n\t\t\t\t\t\t\t\tdata-padding=\"t:5;r:8;b:5;l:8;\"\n\t\t\t\t\t\t\t\tdata-frame_0=\"y:top;\"\n\t\t\t\t\t\t\t\tdata-frame_1=\"st:1300;sp:1000;\"\n\t\t\t\t\t\t\t\tdata-frame_999=\"y:top;e:nothing;st:4000;sp:1000;\"\n\t\t\t\t\t\t\t\tstyle=\"z-index:5;background-color:rgba(53,152,220,1);font-family:Raleway;text-shadow:none;\"\n\t\t\t\t\t\t\t>Now Showing a Full-Width Video \n\t\t\t\t\t\t\t<\/rs-layer><!--\n\n\t\t\t\t\t\t\t--><rs-layer\n\t\t\t\t\t\t\t\tid=\"slider-2-slide-5-layer-2\" \n\t\t\t\t\t\t\t\tclass=\"rs-fsv rs-layer-video intrinsic-ignore\"\n\t\t\t\t\t\t\t\tdata-type=\"video\"\n\t\t\t\t\t\t\t\tdata-rsp_ch=\"on\"\n\t\t\t\t\t\t\t\tdata-xy=\"x:0;y:0;\"\n\t\t\t\t\t\t\t\tdata-dim=\"w:100%;h:100%;\"\n\t\t\t\t\t\t\t\tdata-video=\"ap:false;v:100;vd:100;fc:true;l:false;ptimer:false;nse:f;\"\n\t\t\t\t\t\t\t\tdata-poster=\"\/\/www.happydance.international\/wp-content\/uploads\/2014\/07\/Happyglod_youtubethumbnail.jpg\"\n\t\t\t\t\t\t\t\tdata-ytid=\"aSIH2DKWvrg\"\n\t\t\t\t\t\t\t\tdata-vatr=\"version=3&amp;enablejsapi=1&amp;html5=1&amp;volume=100&amp;hd=1&amp;wmode=opaque&amp;controls=1&amp;showinfo=0&amp;origin=https:\/\/www.happydance.international;\"\n\t\t\t\t\t\t\t\tdata-frame_1=\"e:power1.out;st:500;\"\n\t\t\t\t\t\t\t\tdata-frame_999=\"st:w;auto:true;\"\n\t\t\t\t\t\t\t\tstyle=\"z-index:6;\"\n\t\t\t\t\t\t\t>\n\t\t\t\t\t\t\t<\/rs-layer><!--\n-->\t\t\t\t\t\t<\/rs-slide>\n\t\t\t\t\t<\/rs-slides>\n\t\t\t\t<\/rs-module>\n\t\t\t\t<script type=\"text\/javascript\">\n\t\t\t\t\tsetREVStartSize({c: 'rev_slider_2_5',rl:[1240,1024,778,480],el:[],gw:[1170],gh:[700],type:'standard',justify:'',layout:'fullscreen',offsetContainer:'',offset:'',mh:\"0\"});\n\t\t\t\t\tvar\trevapi2,\n\t\t\t\t\t\ttpj;\n\t\t\t\t\tfunction revinit_revslider25() {\n\t\t\t\t\tjQuery(function() {\n\t\t\t\t\t\ttpj = jQuery;\n\t\t\t\t\t\trevapi2 = tpj(\"#rev_slider_2_5\");\n\t\t\t\t\t\ttpj.noConflict();\n\t\t\t\t\t\tif(revapi2==undefined || revapi2.revolution == undefined){\n\t\t\t\t\t\t\trevslider_showDoubleJqueryError(\"rev_slider_2_5\");\n\t\t\t\t\t\t}else{\n\t\t\t\t\t\t\trevapi2.revolution({\n\t\t\t\t\t\t\t\tsliderLayout:\"fullscreen\",\n\t\t\t\t\t\t\t\tduration:16000,\n\t\t\t\t\t\t\t\tvisibilityLevels:\"1240,1024,778,480\",\n\t\t\t\t\t\t\t\tgridwidth:1170,\n\t\t\t\t\t\t\t\tgridheight:700,\n\t\t\t\t\t\t\t\tlazyType:\"single\",\n\t\t\t\t\t\t\t\tspinner:\"spinner4\",\n\t\t\t\t\t\t\t\tperspectiveType:\"local\",\n\t\t\t\t\t\t\t\tresponsiveLevels:\"1240,1024,778,480\",\n\t\t\t\t\t\t\t\tgridEQModule:true,\n\t\t\t\t\t\t\t\tprogressBar: {\n\t\t\t\t\t\t\t\t\tcolor:\"rgba(0,0,0,0.15)\",\n\t\t\t\t\t\t\t\t\tvertical:\"top\",\n\t\t\t\t\t\t\t\t\tsize:5\n\t\t\t\t\t\t\t\t},\n\t\t\t\t\t\t\t\tnavigation: {\n\t\t\t\t\t\t\t\t\tmouseScrollNavigation:false,\n\t\t\t\t\t\t\t\t\ttouch: {\n\t\t\t\t\t\t\t\t\t\ttouchenabled:true,\n\t\t\t\t\t\t\t\t\t\tswipe_threshold:0\n\t\t\t\t\t\t\t\t\t}\n\t\t\t\t\t\t\t\t},\n\t\t\t\t\t\t\t\tparallax: {\n\t\t\t\t\t\t\t\t\tlevels:[7,4,3,2,5,4,3,2,1,0,47,48,49,50,51,55],\n\t\t\t\t\t\t\t\t\ttype:\"mouse\"\n\t\t\t\t\t\t\t\t},\n\t\t\t\t\t\t\t\tfallbacks: {\n\t\t\t\t\t\t\t\t\tallowHTML5AutoPlayOnAndroid:true\n\t\t\t\t\t\t\t\t},\n\t\t\t\t\t\t\t});\n\t\t\t\t\t\t}\n\t\t\t\t\t\t\n\t\t\t\t\t});\n\t\t\t\t\t} \/\/ End of RevInitScript\n\t\t\t\tvar once_revslider25 = false;\n\t\t\t\tif (document.readyState === \"loading\") {document.addEventListener('readystatechange',function() { if((document.readyState === \"interactive\" || document.readyState === \"complete\") && !once_revslider25 ) { once_revslider25 = true; revinit_revslider25();}});} else {once_revslider25 = true; revinit_revslider25();}\n\t\t\t\t<\/script>\n\t\t\t\t<script>\n\t\t\t\t\tvar htmlDivCss = '\t#rev_slider_2_5_wrapper rs-loader.spinner4 div { background-color: #fff !important; } ';\n\t\t\t\t\tvar htmlDiv = document.getElementById('rs-plugin-settings-inline-css');\n\t\t\t\t\tif(htmlDiv) {\n\t\t\t\t\t\thtmlDiv.innerHTML = htmlDiv.innerHTML + htmlDivCss;\n\t\t\t\t\t}else{\n\t\t\t\t\t\tvar htmlDiv = document.createElement('div');\n\t\t\t\t\t\thtmlDiv.innerHTML = '<style>' + htmlDivCss + '<\/style>';\n\t\t\t\t\t\tdocument.getElementsByTagName('head')[0].appendChild(htmlDiv.childNodes[0]);\n\t\t\t\t\t}\n\t\t\t\t<\/script>\n\t\t\t<\/rs-module-wrap>\n\t\t\t<!-- END REVOLUTION SLIDER -->\n[\/vc_column_text][\/vc_column][\/vc_row][vc_row][vc_column width=&#8221;1\/4&#8243;][vc_raw_html]JTNDYSUyMHN0eWxlJTNEJTIyZmxvYXQlM0ElMjByaWdodCUzQiUyMiUyMGhyZWYlM0QlMjJodHRwcyUzQSUyRiUyRnd3dy5oYXBweWRhbmNlLmludGVybmF0aW9uYWwlMkZ3cC1jb250ZW50JTJGdXBsb2FkcyUyRjIwMTUlMkYwOCUyRmRhbmNlci0wMl9zbWFsbC5wbmclMjIlM0UlM0NpbWclMjBjbGFzcyUzRCUyMmFsaWdubm9uZSUyMHNpemUtbWVkaXVtJTIwd3AtaW1hZ2UtMjIzJTIyJTIwc3JjJTNEJTIyaHR0cHMlM0ElMkYlMkZ3d3cuaGFwcHlkYW5jZS5pbnRlcm5hdGlvbmFsJTJGd3AtY29udGVudCUyRnVwbG9hZHMlMkYyMDE1JTJGMDglMkZkYW5jZXItMDJfc21hbGwucG5nJTIyJTIwYWx0JTNEJTIyUGF1bG9fdHJhbnNwYXJlbnRfYmFja2dyb3VuZC5wbmclMjIlMjB3aWR0aCUzRCUyMjE2NyUyMiUyMGhlaWdodCUzRCUyMjMwMCUyMiUyMCUyRiUzRSUzQyUyRmElM0UlMEE=[\/vc_raw_html][\/vc_column][vc_column width=&#8221;3\/4&#8243;][vc_raw_html]JTNDcCUyMGNsYXNzJTNEJTIydHJpYW5nbGUtcmlnaHQlMjBsZWZ0JTIyJTIwc3R5bGUlM0QlMjJmbG9hdCUzQSUyMGxlZnQlM0IlMjBmb250LXNpemUlM0ElMjAyMHB4JTNCJTIwbGluZS1oZWlnaHQlM0ElMjAxLjUlM0IlMjB0b3AlM0ElMjAtMjBweCUzQiUyMGxlZnQlM0ElMjAtMjBweCUzQiUyMiUzRSVDMyU4OSUyMHVtJTIwYXRsZXRhJTIwcHJvZmlzc2lvbmFsJTIwcXVlJTIwcGFydGljaXBhJTIwZW0lMjBkZXNwb3J0b3MlMjBkZSUyMGNvbXBldGklQzMlQTclQzMlQTNvJTIwY29tbyUyMGElMjBBZXIlQzMlQjNiaWNhJTNGJTIwRW50JUMzJUEzbyUyMG8lMjBwcm9ncmFtYSUyMGhhcHB5JTIwZ29sZCUyMCVDMyVBOSUyMHBhcmElMjBzaS4lMjBQYXVsbyUyMFNhbnRvcyUyMHRlbSUyMG1haXMlMjBkZSUyMDIwJTIwYW5vcyUyMGRlJTIwZXhwZXJpJUMzJUFBbmNpYSUyMG5vJTIwdHJlaW5vJTIwZGUlMjBhdGxldGFzJTIwcHJvZmlzc2lvbmFpcyUyMGUlMjBlbnNpbmEtbGhlcyUyMHR1ZG8lMjBvJTIwcXVlJTIwZWxlcyUyMHByZWNpc2FtJTIwcGFyYSUyMGN1bXByaXIlMjBvJTIwc2V1JTIwbWFpb3IlMjBvYmplY3Rpdm8lM0ElMjB0b3JuYXJlbS1zZSUyMGNhbXBlJUMzJUI1ZXMuJTIwQXMlMjBtYWlzJTIwZGUlMjA4MCUyMG1lZGFsaGFzJTIwZGUlMjBvdXJvJTIwY29ucXVpc3RhZGFzJTIwcG9yJTIwYXRsZXRhcyUyMHRyZWluYWRvcyUyMHBvciUyMFBhdWxvJTIwU2FudG9zJTIwYW8lMjBsb25nbyUyMGRvcyUyMCVDMyVCQWx0aW1vcyUyMDIwJTIwYW5vcyUyMGZhbGFtJTIwcG9yJTIwc2klMjElMjBBZ29yYSUyMGNoZWdvdSUyMGElMjBTVUElMjB2ZXolMjBkZSUyMGFjcmVkaXRhciUyMG5vJTIwcHJvZ3JhbWElMjBlJTIwdHJhYmFsaGFyJTIwcGFyYSUyMGFsY2FuJUMzJUE3YXIlMjBvJTIwc2VudGltZW50byUyMERvdXJhZG8lMjBkbyUyMFN1Y2Vzc28uJTIwJTNDJTJGcCUzRSUwQQ==[\/vc_raw_html][\/vc_column][vc_column][vc_column_text]\t\t\t<style type=\"text\/css\">\n\t\t\t\t#content-block-background-1696 { background-image: url(https:\/\/www.happydance.international\/wp-content\/uploads\/2016\/08\/Happy_Gold_medal.jpg); background-position: left bottom; background-repeat: horizontal; background-color: #FD7800; background-attachment: scroll; background-size: auto; }\n\t\t\t\t#content-block-body-1696 { padding: 30px 10px; color: #000000; }\n\t\t\t\t.content-block-body { margin-left: auto; margin-right: auto; position: relative; }\n\t\t\t<\/style>\n\t\t\t\t\t\t\t<style type=\"text\/css\">\n\t\t\t\t\t#wrapper-1 { overflow-x: hidden; }\n\t\t\t\t\t#content-block-background-1696 { margin: 0 -10000px; padding: 0 10000px; }\n\t\t\t\t<\/style>\n\t\t\t\n\t\t\t\n\t\t\t<div class=\"clear\"><\/div>\n\t\t\t<div id=\"content-block-background-1696\" class=\"content-block-background \">\n\t\t\t\t<div id=\"content-block-body-1696\" class=\"content-block-body\">\n\t\t\t\t\t<div class=\"clear\"><\/div>\n\t\t\t\t\t\n<h3 style=\"float: left; display: inline-block; margin: 15px 0px; font-size: 30px !important; line-height: 1.2; color: #000000;\">Visite a P\u00e1gina Principal especial do Happy Gold para adquirir o Happy Gold<\/h3>\n<a class=\"flat-custom-button align-btn-right\" href=\"http:\/\/www.happygoldtraining.com\/\" title=\"Visite\" target=\"_blank\"><span style=\"padding:15px 20px; background-color:#CFB53B; border:2px solid #FFFFFF; color:#FFFFFF; font-size:25px;\">Visite o Happy Gold aqui!<\/span><\/a>\n\t\t\t\t\t<div class=\"clear\"><\/div>\n\t\t\t\t<\/div>\n\t\t\t<\/div>\n\t\t\t<div class=\"clear\"><\/div>\n\t\t\t\t\t\t<style type=\"text\/css\">\n\t\t\t\t#content-block-background-1249 { background-image: url(http:\/\/www.happydance.international\/happydance_images\/statichappydanceimage.jpg); background-position: center bottom; background-repeat: no-repeat; background-color: #24292E; background-attachment: fixed; background-size: auto; }\n\t\t\t\t#content-block-body-1249 { padding: 50px 0 55px; color: #EEEEEE; }\n\t\t\t\t.content-block-body { margin-left: auto; margin-right: auto; position: relative; }\n\t\t\t<\/style>\n\t\t\t\t\t\t\t<style type=\"text\/css\">\n\t\t\t\t\t#wrapper-1 { overflow-x: hidden; }\n\t\t\t\t\t#content-block-background-1249 { margin: 0 -10000px; padding: 0 10000px; }\n\t\t\t\t<\/style>\n\t\t\t\n\t\t\t\n\t\t\t<div class=\"clear\"><\/div>\n\t\t\t<div id=\"content-block-background-1249\" class=\"content-block-background \">\n\t\t\t\t<div id=\"content-block-body-1249\" class=\"content-block-body\">\n\t\t\t\t\t<div class=\"clear\"><\/div>\n\t\t\t\t\t\n<div style=\"text-align: center;\">\n<h4 style=\"margin-bottom: 20px;\"><span style=\"font-size: 38px; color: #fff; line-height: 1;\">Testemunhos do happy gold!<\/span><\/h4>\n<h4 style=\"margin-bottom: 20px;\"><span style=\"font-size: 22px; color: #fff; line-height: 1.5;\">H\u00e1 mais de 20 anos que Paulo dos Santos trabalha com atletas profissionais por todo o mundo. Saiba mais sobre o que os vencedores de medalhas de ouro t\u00eam a dizer sobre a sua experi\u00eancia de trabalho com Paulo e sobre a sua participa\u00e7\u00e3o no programa Happy Gold.<\/span><\/h4>\n<\/div>\n\t\t\t\t\t<div class=\"clear\"><\/div>\n\t\t\t\t<\/div>\n\t\t\t<\/div>\n\t\t\t<div class=\"clear\"><\/div>\n\t\t\t\n<p>&nbsp;<\/p>\n<blockquote style=\"margin-top: 20px;\"><p>Sou uma atleta profissional de aer\u00f3bica. Trabalho com o Paulo dos Santos h\u00e1 quatro anos e posso dizer com toda a sinceridade que os meus resultados foram-se tornando cada vez melhores.<br \/>\nComecei a vencer grandes competi\u00e7\u00f5es (Medalha de Bronze &#8211; Campeonato Mundial de 2012 em Sofia; Medalha de Ouro &#8211; Ta\u00e7a Mundial de 2012 em Kufstein; Medalha de Ouro &#8211; Ta\u00e7a Mundial de 2013 em T\u00f3quio; Medalha de Ouro no campeonato mundial de 2014 em Portugal; Medalha de Ouro &#8211; Campeonato Mundial de 2014).<\/p>\n<p>O Paulo \u00e9 uma pessoa incr\u00edvel, cheio de energias positivas e muito decidido. Consegue &#8220;contagiar&#8221; as pessoas com os seus pensamentos e coloc\u00e1-las no melhor caminho. Happy Dance Power System \u00e9 uma fonte especial que ajuda as pessoas a melhorar e a fortalecer a sua mente. Digo isto por experi\u00eancia pr\u00f3pria. Quando sigo este caminho, sinto-me &#8220;segura&#8221;, confiante e preparada para vencer as pr\u00f3ximas competi\u00e7\u00f5es.<\/p>\n<div style=\"float: right; text-align: right; font-style: normal; font-weight: bold;\">&#8211; Lubi Gazov<br \/>\n\u00c1ustria<br \/>\nCampe\u00e3 Mundial de Aer\u00f3bica<\/div>\n<\/blockquote>\n<div class=\"divider\"><\/div>\n<blockquote><p>Para quem estiver interessado:<\/p>\n<p>Chamo-me Angela McMillan.<br \/>\nSou a treinadora principal da Equipa de Gin\u00e1stica de Han\u00f3i h\u00e1 3 anos. J\u00e1 trabalho com o Paulo Santos, na qualidade de atleta, h\u00e1 mais de 10 anos e ele teve um papel fundamental na conquista do meu t\u00edtulo de Campe\u00e3 Mundial de Aer\u00f3bica em 2004.<\/p>\n<p>Apoio Happy Dance Power System, que o Paulo criou, desde ent\u00e3o. Na minha opini\u00e3o, \u00e9 um \u00f3ptimo programa que consegue mudar vidas, corpos e almas dos mais novos aos mais velhos.<\/p>\n<p>Ao contr\u00e1rio de outros programas, o Happy Dance \u00e9 divertido, educacional e recorre \u00e0 m\u00fasica, ao movimento e a exerc\u00edcios mentais para ajudar a desenvolver n\u00e3o s\u00f3 o movimento e a coordena\u00e7\u00e3o, mas tamb\u00e9m a auto-estima e a felicidade, que \u00e9 o aspecto mais importante na vida de uma crian\u00e7a \u00e0 medida que vai passando pela adolesc\u00eancia at\u00e9 atingir a idade adulta.<\/p>\n<p>Em Han\u00f3i, estamos a implementar a filosofia e t\u00e9cnicas do Happy Dance e estamos a conseguir grandes resultados com crian\u00e7as dos 6 aos 20 anos de idade. Principalmente no que diz respeito \u00e0 sua confian\u00e7a e capacidade de lutar por aquilo que querem e merecem na vida. O Happy Dance \u00e9 um programa \u00fanico e incr\u00edvel que apoio e recomendo vivamente como uma parte essencial da vida de qualquer crian\u00e7a.<\/p>\n<p>Com os melhores cumprimentos,<\/p>\n<div style=\"float: right; text-align: right; font-style: normal; font-weight: bold;\">&#8211; Angela McMillan<br \/>\nTreinado da Equipa de Aer\u00f3bica de Han\u00f3i<br \/>\nCampe\u00e3 Mundial de Aer\u00f3bica<\/div>\n<\/blockquote>\n[\/vc_column_text][\/vc_column][\/vc_row]","protected":false},"excerpt":{"rendered":"<p>[vc_row][vc_column][vc_column_text][\/vc_column_text][\/vc_column][\/vc_row][vc_row][vc_column width=&#8221;1\/4&#8243;][vc_raw_html]JTNDYSUyMHN0eWxlJTNEJTIyZmxvYXQlM0ElMjByaWdodCUzQiUyMiUyMGhyZWYlM0QlMjJodHRwcyUzQSUyRiUyRnd3dy5oYXBweWRhbmNlLmludGVybmF0aW9uYWwlMkZ3cC1jb250ZW50JTJGdXBsb2FkcyUyRjIwMTUlMkYwOCUyRmRhbmNlci0wMl9zbWFsbC5wbmclMjIlM0UlM0NpbWclMjBjbGFzcyUzRCUyMmFsaWdubm9uZSUyMHNpemUtbWVkaXVtJTIwd3AtaW1hZ2UtMjIzJTIyJTIwc3JjJTNEJTIyaHR0cHMlM0ElMkYlMkZ3d3cuaGFwcHlkYW5jZS5pbnRlcm5hdGlvbmFsJTJGd3AtY29udGVudCUyRnVwbG9hZHMlMkYyMDE1JTJGMDglMkZkYW5jZXItMDJfc21hbGwucG5nJTIyJTIwYWx0JTNEJTIyUGF1bG9fdHJhbnNwYXJlbnRfYmFja2dyb3VuZC5wbmclMjIlMjB3aWR0aCUzRCUyMjE2NyUyMiUyMGhlaWdodCUzRCUyMjMwMCUyMiUyMCUyRiUzRSUzQyUyRmElM0UlMEE=[\/vc_raw_html][\/vc_column][vc_column width=&#8221;3\/4&#8243;][vc_raw_html]JTNDcCUyMGNsYXNzJTNEJTIydHJpYW5nbGUtcmlnaHQlMjBsZWZ0JTIyJTIwc3R5bGUlM0QlMjJmbG9hdCUzQSUyMGxlZnQlM0IlMjBmb250LXNpemUlM0ElMjAyMHB4JTNCJTIwbGluZS1oZWlnaHQlM0ElMjAxLjUlM0IlMjB0b3AlM0ElMjAtMjBweCUzQiUyMGxlZnQlM0ElMjAtMjBweCUzQiUyMiUzRSVDMyU4OSUyMHVtJTIwYXRsZXRhJTIwcHJvZmlzc2lvbmFsJTIwcXVlJTIwcGFydGljaXBhJTIwZW0lMjBkZXNwb3J0b3MlMjBkZSUyMGNvbXBldGklQzMlQTclQzMlQTNvJTIwY29tbyUyMGElMjBBZXIlQzMlQjNiaWNhJTNGJTIwRW50JUMzJUEzbyUyMG8lMjBwcm9ncmFtYSUyMGhhcHB5JTIwZ29sZCUyMCVDMyVBOSUyMHBhcmElMjBzaS4lMjBQYXVsbyUyMFNhbnRvcyUyMHRlbSUyMG1haXMlMjBkZSUyMDIwJTIwYW5vcyUyMGRlJTIwZXhwZXJpJUMzJUFBbmNpYSUyMG5vJTIwdHJlaW5vJTIwZGUlMjBhdGxldGFzJTIwcHJvZmlzc2lvbmFpcyUyMGUlMjBlbnNpbmEtbGhlcyUyMHR1ZG8lMjBvJTIwcXVlJTIwZWxlcyUyMHByZWNpc2FtJTIwcGFyYSUyMGN1bXByaXIlMjBvJTIwc2V1JTIwbWFpb3IlMjBvYmplY3Rpdm8lM0ElMjB0b3JuYXJlbS1zZSUyMGNhbXBlJUMzJUI1ZXMuJTIwQXMlMjBtYWlzJTIwZGUlMjA4MCUyMG1lZGFsaGFzJTIwZGUlMjBvdXJvJTIwY29ucXVpc3RhZGFzJTIwcG9yJTIwYXRsZXRhcyUyMHRyZWluYWRvcyUyMHBvciUyMFBhdWxvJTIwU2FudG9zJTIwYW8lMjBsb25nbyUyMGRvcyUyMCVDMyVCQWx0aW1vcyUyMDIwJTIwYW5vcyUyMGZhbGFtJTIwcG9yJTIwc2klMjElMjBBZ29yYSUyMGNoZWdvdSUyMGElMjBTVUElMjB2ZXolMjBkZSUyMGFjcmVkaXRhciUyMG5vJTIwcHJvZ3JhbWElMjBlJTIwdHJhYmFsaGFyJTIwcGFyYSUyMGFsY2FuJUMzJUE3YXIlMjBvJTIwc2VudGltZW50byUyMERvdXJhZG8lMjBkbyUyMFN1Y2Vzc28uJTIwJTNDJTJGcCUzRSUwQQ==[\/vc_raw_html][\/vc_column][vc_column][vc_column_text] &nbsp; Sou uma atleta profissional de aer\u00f3bica. Trabalho com o Paulo dos Santos h\u00e1 quatro anos e posso dizer com toda a sinceridade que os meus resultados foram-se tornando cada vez melhores. Comecei a vencer grandes competi\u00e7\u00f5es (Medalha de Bronze &#8211; Campeonato Mundial de<\/p>\n","protected":false},"author":5,"featured_media":0,"parent":0,"menu_order":0,"comment_status":"closed","ping_status":"closed","template":"page-FullWidth.php","meta":{"footnotes":""},"class_list":["post-91","page","type-page","status-publish","hentry"],"_links":{"self":[{"href":"https:\/\/www.happydance.international\/pt\/wp-json\/wp\/v2\/pages\/91","targetHints":{"allow":["GET"]}}],"collection":[{"href":"https:\/\/www.happydance.international\/pt\/wp-json\/wp\/v2\/pages"}],"about":[{"href":"https:\/\/www.happydance.international\/pt\/wp-json\/wp\/v2\/types\/page"}],"author":[{"embeddable":true,"href":"https:\/\/www.happydance.international\/pt\/wp-json\/wp\/v2\/users\/5"}],"replies":[{"embeddable":true,"href":"https:\/\/www.happydance.international\/pt\/wp-json\/wp\/v2\/comments?post=91"}],"version-history":[{"count":167,"href":"https:\/\/www.happydance.international\/pt\/wp-json\/wp\/v2\/pages\/91\/revisions"}],"predecessor-version":[{"id":1639,"href":"https:\/\/www.happydance.international\/pt\/wp-json\/wp\/v2\/pages\/91\/revisions\/1639"}],"wp:attachment":[{"href":"https:\/\/www.happydance.international\/pt\/wp-json\/wp\/v2\/media?parent=91"}],"curies":[{"name":"wp","href":"https:\/\/api.w.org\/{rel}","templated":true}]}}