{"id":450,"date":"2014-09-24T23:27:00","date_gmt":"2014-09-24T14:27:00","guid":{"rendered":"http:\/\/www.happydance.international\/?page_id=450"},"modified":"2015-10-16T22:42:34","modified_gmt":"2015-10-16T13:42:34","slug":"happy-world","status":"publish","type":"page","link":"https:\/\/www.happydance.international\/pt\/happy-world\/","title":{"rendered":"Happy World"},"content":{"rendered":"[vc_row][vc_column width=&#8221;1\/2&#8243;][vc_column_text]\n<div style=\"text-align: justify; margin-bottom: 10px; font-size: 16px;\">\n<h4 style=\"margin-bottom: 15px;\"><span style=\"font-size: 20px; line-height: 1.6;\">A responsabilidade social e a voca\u00e7\u00e3o filantr\u00f3pica s\u00e3o duas partes essenciais do programa Happy World que tem como objectivo oferecer parte dos lucros obtidos atrav\u00e9s da venda de produtos e programas para fins filantr\u00f3picos.<br \/>\n<\/span><\/h4>\n<p>O programa Happy World trabalha directamente na localiza\u00e7\u00e3o de institui\u00e7\u00f5es necessitadas em v\u00e1rios pa\u00edses de terceiro mundo e decide o melhor a fazer com as doa\u00e7\u00f5es. Para tal, o programa possui um canal interactivo no qual podem participar todos os que desejam contribuir podem dar informa\u00e7\u00f5es sobre institui\u00e7\u00f5es caritativas que oferecem ajuda em qualquer \u00e1rea (como, por exemplo, ajuda \u00e0 comunidade, ao ambiente, aos animais).<\/p>\n<p>Atrav\u00e9s do programa Happy World, as pessoas com dificuldades podem beneficiar de ajuda financeira e tamb\u00e9m da metodologia Happy Dance Power System (t\u00e9cnicas e conhecimento). A proposta \u00e9 a de ajudar os outros, quem quer que sejam, a viver a sua vida com qualidade atrav\u00e9s do seu potencial construtivo. Este conhecimento \u00e9 para todos e a possibilidade da filantropia \u00e9 tamb\u00e9m a oportunidade de atingir um dos objectivos de todos os envolvidos no Happy Dance Power System: construir um mundo mais feliz.<\/p>\n<\/div>\n[\/vc_column_text][\/vc_column][vc_column width=&#8221;1\/2&#8243;][vc_single_image image=&#8221;1119&#8243; border_color=&#8221;grey&#8221; img_link_target=&#8221;_self&#8221; img_size=&#8221;785&#215;808&#8243;][\/vc_column][\/vc_row]","protected":false},"excerpt":{"rendered":"<p>[vc_row][vc_column width=&#8221;1\/2&#8243;][vc_column_text] A responsabilidade social e a voca\u00e7\u00e3o filantr\u00f3pica s\u00e3o duas partes essenciais do programa Happy World que tem como objectivo oferecer parte dos lucros obtidos atrav\u00e9s da venda de produtos e programas para fins filantr\u00f3picos. O programa Happy World trabalha directamente na localiza\u00e7\u00e3o de institui\u00e7\u00f5es necessitadas<\/p>\n","protected":false},"author":5,"featured_media":0,"parent":0,"menu_order":0,"comment_status":"closed","ping_status":"closed","template":"page-FullWidth.php","meta":{"footnotes":""},"class_list":["post-450","page","type-page","status-publish","hentry"],"_links":{"self":[{"href":"https:\/\/www.happydance.international\/pt\/wp-json\/wp\/v2\/pages\/450","targetHints":{"allow":["GET"]}}],"collection":[{"href":"https:\/\/www.happydance.international\/pt\/wp-json\/wp\/v2\/pages"}],"about":[{"href":"https:\/\/www.happydance.international\/pt\/wp-json\/wp\/v2\/types\/page"}],"author":[{"embeddable":true,"href":"https:\/\/www.happydance.international\/pt\/wp-json\/wp\/v2\/users\/5"}],"replies":[{"embeddable":true,"href":"https:\/\/www.happydance.international\/pt\/wp-json\/wp\/v2\/comments?post=450"}],"version-history":[{"count":28,"href":"https:\/\/www.happydance.international\/pt\/wp-json\/wp\/v2\/pages\/450\/revisions"}],"predecessor-version":[{"id":1473,"href":"https:\/\/www.happydance.international\/pt\/wp-json\/wp\/v2\/pages\/450\/revisions\/1473"}],"wp:attachment":[{"href":"https:\/\/www.happydance.international\/pt\/wp-json\/wp\/v2\/media?parent=450"}],"curies":[{"name":"wp","href":"https:\/\/api.w.org\/{rel}","templated":true}]}}