{"id":448,"date":"2014-09-24T23:26:32","date_gmt":"2014-09-24T14:26:32","guid":{"rendered":"http:\/\/www.happydance.international\/?page_id=448"},"modified":"2015-10-16T22:45:41","modified_gmt":"2015-10-16T13:45:41","slug":"happy-imigrant","status":"publish","type":"page","link":"https:\/\/www.happydance.international\/pt\/happy-imigrant\/","title":{"rendered":"Happy Immigrant"},"content":{"rendered":"[vc_row][vc_column width=&#8221;1\/2&#8243;][vc_column_text]\n<div style=\"text-align: justify; font-size: 16px; color: #000;\">\n<h4 style=\"margin-bottom: 15px;\"><span style=\"font-size: 20px; line-height: 1.6;\">O Happy Immigrant \u00e9 um programa do Happy Dance Power System criado especialmente para responder \u00e0s necessidades de adapta\u00e7\u00e3o de pessoas que est\u00e3o a residir no estrangeiro.<br \/>\n<\/span><\/h4>\n<p>Todos sabemos que a adapta\u00e7\u00e3o a uma nova cultura, costumes, tradi\u00e7\u00f5es, comida, leis e uma l\u00edngua estrangeira \u00e9 um desafio que muitos imigrantes enfrentam. O programa Happy Immigrant \u00e9 apoiado por profissionais de diferentes \u00e1reas para ajudar os imigrantes a conhecer as suas capacidades inatas e permitir-lhes ultrapassar as dificuldades inerentes ao processo de imigra\u00e7\u00e3o e atingir os seus objectivos pessoais e profissionais, assim como o seu bem-estar f\u00edsico, mental e emocional no seu novo ambiente.<\/p>\n<\/div>\n[\/vc_column_text][\/vc_column][vc_column width=&#8221;1\/2&#8243;][vc_single_image image=&#8221;966&#8243; border_color=&#8221;grey&#8221; img_link_target=&#8221;_self&#8221; img_size=&#8221;full&#8221;][\/vc_column][\/vc_row]","protected":false},"excerpt":{"rendered":"<p>[vc_row][vc_column width=&#8221;1\/2&#8243;][vc_column_text] O Happy Immigrant \u00e9 um programa do Happy Dance Power System criado especialmente para responder \u00e0s necessidades de adapta\u00e7\u00e3o de pessoas que est\u00e3o a residir no estrangeiro. Todos sabemos que a adapta\u00e7\u00e3o a uma nova cultura, costumes, tradi\u00e7\u00f5es, comida, leis e uma l\u00edngua estrangeira \u00e9<\/p>\n","protected":false},"author":5,"featured_media":0,"parent":0,"menu_order":0,"comment_status":"closed","ping_status":"closed","template":"page-FullWidth.php","meta":{"footnotes":""},"class_list":["post-448","page","type-page","status-publish","hentry"],"_links":{"self":[{"href":"https:\/\/www.happydance.international\/pt\/wp-json\/wp\/v2\/pages\/448","targetHints":{"allow":["GET"]}}],"collection":[{"href":"https:\/\/www.happydance.international\/pt\/wp-json\/wp\/v2\/pages"}],"about":[{"href":"https:\/\/www.happydance.international\/pt\/wp-json\/wp\/v2\/types\/page"}],"author":[{"embeddable":true,"href":"https:\/\/www.happydance.international\/pt\/wp-json\/wp\/v2\/users\/5"}],"replies":[{"embeddable":true,"href":"https:\/\/www.happydance.international\/pt\/wp-json\/wp\/v2\/comments?post=448"}],"version-history":[{"count":17,"href":"https:\/\/www.happydance.international\/pt\/wp-json\/wp\/v2\/pages\/448\/revisions"}],"predecessor-version":[{"id":1474,"href":"https:\/\/www.happydance.international\/pt\/wp-json\/wp\/v2\/pages\/448\/revisions\/1474"}],"wp:attachment":[{"href":"https:\/\/www.happydance.international\/pt\/wp-json\/wp\/v2\/media?parent=448"}],"curies":[{"name":"wp","href":"https:\/\/api.w.org\/{rel}","templated":true}]}}