{"id":443,"date":"2014-09-24T22:51:37","date_gmt":"2014-09-24T13:51:37","guid":{"rendered":"http:\/\/www.happydance.international\/?page_id=443"},"modified":"2015-10-16T22:33:19","modified_gmt":"2015-10-16T13:33:19","slug":"happy-dance-survivor","status":"publish","type":"page","link":"https:\/\/www.happydance.international\/pt\/happy-dance-survivor\/","title":{"rendered":"Happy Dance Survivor"},"content":{"rendered":"[vc_row][vc_column width=&#8221;1\/2&#8243;][vc_column_text]\n<h3 style=\"line-height: 1.5;\">A HAPPY DANCE SURVIVOR \u00e9 uma competi\u00e7\u00e3o que promove a sa\u00fade, a alegria, a amizade e a divers\u00e3o atrav\u00e9s de exerc\u00edcios f\u00edsicos b\u00e1sicos e est\u00e1 aberta a todas as idades.<\/h3>\n<div class=\"divider\"><\/div>\n<h5 style=\"line-height: 1.5;\">Todas as competi\u00e7\u00f5es Happy Survivor s\u00e3o uma \u00f3ptima forma de dan\u00e7ar e ser feliz juntamente com outras pessoas. A uni\u00e3o de todos os participantes \u00e9 t\u00e3o importante como dar o seu melhor.<br \/>\nEm baixo, poder\u00e1 consultar as regras b\u00e1sicas de todas as competi\u00e7\u00f5es:<br \/>\n<\/h5>\n\n<ul class=\"list-1\">\n<li>Divis\u00e3o das Aulas: aula de 30 min de aer\u00f3bica \/ 30 min de dan\u00e7as latinas e samba b\u00e1sico \/ 30 min de Hip-Hop<\/li>\n<li>As aulas s\u00e3o dirigidas por professores qualificados e certificadas pelo Happy Dance Power System.<\/li>\n<li>H\u00e1 um intervalo de 5 min entre as aulas.<\/li>\n<li>As divis\u00f5es de idade s\u00e3o as seguintes: 5 a 10 anos de idade, 11-16 anos de idade, 17-49 anos de idade, 50-80 anos de idade.<\/li>\n<li>Dois dos j\u00faris s\u00e3o professores de educa\u00e7\u00e3o f\u00edsica e os outros dois s\u00e3o convidados especiais.<\/li>\n<li>O crit\u00e9rio art\u00edstico vale 80% e o crit\u00e9rio t\u00e9cnico 20%<\/li>\n<li>Crit\u00e9rio art\u00edstico: carisma, motiva\u00e7\u00e3o, movimentos corporais, musicalidade, comunica\u00e7\u00e3o visual.<\/li>\n<li>Crit\u00e9rio t\u00e9cnico: alinhamento, coordena\u00e7\u00e3o, for\u00e7a, for\u00e7a, flexibilidade, equil\u00edbrio.<\/li>\n<\/ul>\n[\/vc_column_text][\/vc_column][vc_column width=&#8221;1\/2&#8243;]\n[vc_gallery type=&#8221;nivo&#8221; interval=&#8221;3&#8243; images=&#8221;848,849,850,851,852,857,861,860,859,858&#8243; onclick=&#8221;link_image&#8221; custom_links_target=&#8221;_self&#8221; img_size=&#8221;900&#215;600&#8243;][\/vc_column][\/vc_row][vc_row][vc_column width=&#8221;1\/1&#8243;][vc_column_text]\n<p>Tamb\u00e9m atribu\u00edmos pr\u00e9mios especiais para as roupas mais originais.<br \/>\nN\u00e3o existem regras especificas relativamente \u00e0 indument\u00e1ria, mas, por favor, tenha o cuidado de levar roupas que lhe permitam realizar os exerc\u00edcios necess\u00e1rios.<\/p>\n<p>O primeiro, segundo e terceiro lugares ir\u00e3o receber pr\u00e9mios em dinheiro. O quarto e o quinto lugares ir\u00e3o receber presentes gratuitos dos patrocinadores do evento. A pessoa melhor vestida ir\u00e1 tamb\u00e9m receber um pr\u00e9mio especial dos patrocinadores.<\/p>\n<p style=\"color: #000000;\">&#8212;&#8212;As Regras da Competi\u00e7\u00e3o Happy Dance Survivor foram criadas pela Associa\u00e7\u00e3o de Dan\u00e7a do Jap\u00e3o (JDA) e pelo Happy Dance Power System.<\/p>\n[\/vc_column_text][\/vc_column][\/vc_row]","protected":false},"excerpt":{"rendered":"<p>[vc_row][vc_column width=&#8221;1\/2&#8243;][vc_column_text] A HAPPY DANCE SURVIVOR \u00e9 uma competi\u00e7\u00e3o que promove a sa\u00fade, a alegria, a amizade e a divers\u00e3o atrav\u00e9s de exerc\u00edcios f\u00edsicos b\u00e1sicos e est\u00e1 aberta a todas as idades. Todas as competi\u00e7\u00f5es Happy Survivor s\u00e3o uma \u00f3ptima forma de dan\u00e7ar e ser feliz juntamente<\/p>\n","protected":false},"author":5,"featured_media":0,"parent":0,"menu_order":0,"comment_status":"closed","ping_status":"closed","template":"page-FullWidth.php","meta":{"footnotes":""},"class_list":["post-443","page","type-page","status-publish","hentry"],"_links":{"self":[{"href":"https:\/\/www.happydance.international\/pt\/wp-json\/wp\/v2\/pages\/443","targetHints":{"allow":["GET"]}}],"collection":[{"href":"https:\/\/www.happydance.international\/pt\/wp-json\/wp\/v2\/pages"}],"about":[{"href":"https:\/\/www.happydance.international\/pt\/wp-json\/wp\/v2\/types\/page"}],"author":[{"embeddable":true,"href":"https:\/\/www.happydance.international\/pt\/wp-json\/wp\/v2\/users\/5"}],"replies":[{"embeddable":true,"href":"https:\/\/www.happydance.international\/pt\/wp-json\/wp\/v2\/comments?post=443"}],"version-history":[{"count":76,"href":"https:\/\/www.happydance.international\/pt\/wp-json\/wp\/v2\/pages\/443\/revisions"}],"predecessor-version":[{"id":1471,"href":"https:\/\/www.happydance.international\/pt\/wp-json\/wp\/v2\/pages\/443\/revisions\/1471"}],"wp:attachment":[{"href":"https:\/\/www.happydance.international\/pt\/wp-json\/wp\/v2\/media?parent=443"}],"curies":[{"name":"wp","href":"https:\/\/api.w.org\/{rel}","templated":true}]}}