{"id":1229,"date":"2015-07-27T21:10:41","date_gmt":"2015-07-27T12:10:41","guid":{"rendered":"http:\/\/www.happydance.international\/?page_id=1229"},"modified":"2016-10-11T19:16:34","modified_gmt":"2016-10-11T10:16:34","slug":"opportunities","status":"publish","type":"page","link":"https:\/\/www.happydance.international\/pt\/opportunities\/","title":{"rendered":"Oportunidades"},"content":{"rendered":"[vc_row el_id=&#8221;rcorners&#8221; css=&#8221;.vc_custom_1438939743490{background-position: 0 0 !important;background-repeat: repeat !important;}&#8221;][vc_column width=&#8221;1\/1&#8243;][vc_row_inner][vc_column_inner el_class=&#8221;&#8221; width=&#8221;1\/2&#8243;][vc_column_text]\n<div style=\"font-size: 1.7em;\">\n<h2 style=\"text-align: center; color: #ffffff!important; font-family: Oswald; font-weight: 100;\">VENHA PARA A FAM\u00cdLIA<\/h2>\n<\/div>\n<div style=\"font-size: 2.4em;\">\n<h1 style=\"text-align: center; color: #ffff01!important; font-family: Oswald; font-weight: 900; line-height: 0.5em; font-stretch: ultra-expanded;\">HAPPY DANCE<\/h1>\n<\/div>\n<div style=\"font-size: 1.4em;\">\n<h3 style=\"color: #ffffff ! important; font-family: Oswald; font-weight: 400; line-height: 0.6em; font-stretch: ultra-expanded; text-align: center;\">POWER SYSTEM<\/h3>\n<\/div>\n[\/vc_column_text][\/vc_column_inner][vc_column_inner el_class=&#8221;&#8221; width=&#8221;1\/2&#8243;][vc_column_text]\n<div style=\"font-size: 1.4em;\">\n<h2 style=\"margin-top: 10%; text-align: center; color: #ffffff!important; font-family: Oswald; font-weight: 300; line-height: 0.5em; font-stretch: ultra-expanded;\">Oportunidade de Investimento<\/h2>\n<h2 style=\"text-align: center; color: #ffffff!important;\">2016-2017<\/h2>\n<\/div>\n[\/vc_column_text][\/vc_column_inner][\/vc_row_inner][vc_single_image image=&#8221;1337&#8243; alignment=&#8221;center&#8221; border_color=&#8221;grey&#8221; img_link_large=&#8221;&#8221; img_link_target=&#8221;_self&#8221; img_size=&#8221;full&#8221; el_class=&#8221;.rcorners_picture&#8221;][vc_empty_space height=&#8221;32px&#8221;][vc_row_inner el_id=&#8221;rcorners_white&#8221; css=&#8221;.vc_custom_1438957142398{margin-right: 20px !important;margin-bottom: 30px !important;margin-left: 20px !important;border-bottom-width: 10px !important;padding-top: 10px !important;}&#8221;][vc_column_inner el_class=&#8221;&#8221; width=&#8221;1\/1&#8243;][vc_column_text]\n<h2 style=\"text-align: center; font-size: 2em;\">INFORMA\u00c7\u00d5ES, atrav\u00e9s do Happy Dance P.S. Estados Unidos.<\/h2>\n<h3 style=\"font-size: 1.7em; line-height: 1.7em; text-align: center;\">Atendimento em <span style=\"color: #ff0000;\">Portugu\u00eas<\/span>, <span style=\"color: #ff0000;\">Ingl\u00eas<\/span> ou <span style=\"color: #ff0000;\">Espanhol<\/span> pelos e-mails abaixo:<\/h3>\n[\/vc_column_text][\/vc_column_inner][vc_column_inner width=&#8221;1\/2&#8243; css=&#8221;.vc_custom_1438941412023{margin-top: 20px !important;}&#8221;][vc_column_text]\n<h3 style=\"text-align: center; font-weight: 100; font-size: 1.7em;\">Presente em 22 Pa\u00edses<\/h3>\n[\/vc_column_text][vc_single_image image=&#8221;1340&#8243; border_color=&#8221;grey&#8221; img_link_large=&#8221;&#8221; img_link_target=&#8221;_self&#8221; img_size=&#8221;full&#8221;][vc_column_text]\n<p style=\"text-align: center; font-size: 1.5em;\"><strong><a style=\"color: #ff0000;\" href=\"https:\/\/www.happydance.international\">www.happydance.international<\/a><\/strong><\/p>\n[\/vc_column_text][\/vc_column_inner][vc_column_inner width=&#8221;1\/2&#8243;][vc_column_text]\n<div style=\"margin-top: 15%; font-size: 1.5em; font-family: Oswald;\">\n<p><strong><span style=\"text-decoration: underline;\">INVESTIDOR<\/span><\/strong> <em>(Para aquisi\u00e7\u00e3o de Representa\u00e7\u00e3o Comercial do Happy Dance PS em sua \u00e1rea)<\/em><br \/>\n<span style=\"color: #ff0000;\">E-Mail: <a style=\"color: #ff0000;\" href=\"mail&#116;&#111;&#x3a;&#x6d;&#x61;&#x72;&#x6b;&#x65;ting&#64;&#104;&#97;&#x70;&#x70;&#x79;&#x64;&#x61;&#x6e;ce.i&#110;&#116;&#x65;&#x72;&#x6e;&#x61;&#x74;&#x69;onal\">&#x6d;a&#x72;k&#x65;&#116;&#x69;&#x6e;g&#x40;h&#x61;&#112;&#x70;&#121;d&#x61;n&#x63;&#101;&#x2e;&#105;n&#x74;e&#x72;n&#x61;&#116;i&#x6f;n&#x61;l<\/a><\/span><\/p>\n<p><strong><span style=\"text-decoration: underline;\">VENDEDOR<\/span><\/strong> <em>(Para tornar-se agente certificado)<\/em><br \/>\n<span style=\"color: #ff0000;\">E-Mail: <a style=\"color: #ff0000;\" href=\"&#109;&#x61;&#105;&#x6c;&#116;&#x6f;&#58;&#x73;&#97;&#x6c;&#101;&#x73;&#64;&#x68;&#97;&#x70;&#112;&#x79;&#100;&#x61;&#110;&#x63;&#101;&#x2e;&#105;&#x6e;&#116;&#x65;&#114;&#x6e;&#97;&#x74;&#105;&#x6f;&#110;&#x61;&#108;\">&#x76;e&#x6e;&#100;a&#x73;&#64;&#x68;&#x61;p&#x70;&#121;d&#x61;n&#x63;&#101;.&#x69;&#110;t&#x65;r&#x6e;&#97;t&#x69;o&#x6e;&#x61;l<\/a><\/span><\/p>\n<p><strong><span style=\"text-decoration: underline;\">PATROCINADOR<\/span><\/strong> <em>(Para apoiar nossos eventos)<\/em><br \/>\n<span style=\"color: #ff0000;\">E-Mail: <a style=\"color: #ff0000;\" href=\"&#x6d;&#97;i&#x6c;&#x74;o:&#x73;&#112;o&#x6e;&#x73;or&#x40;&#104;a&#x70;&#x70;&#121;d&#x61;&#x6e;c&#x65;&#x2e;&#105;n&#x74;&#x65;rn&#x61;&#116;i&#x6f;&#x6e;al\">&#x70;&#x61;tr&#x6f;&#x63;&#105;ni&#x6f;&#x40;ha&#x70;&#x70;&#121;da&#x6e;&#x63;e.&#x69;&#x6e;&#116;er&#x6e;&#x61;&#116;i&#x6f;&#x6e;&#97;l<\/a><\/span><\/p>\n<\/div>\n[\/vc_column_text][\/vc_column_inner][\/vc_row_inner][\/vc_column][\/vc_row]","protected":false},"excerpt":{"rendered":"<p>[vc_row el_id=&#8221;rcorners&#8221; css=&#8221;.vc_custom_1438939743490{background-position: 0 0 !important;background-repeat: repeat !important;}&#8221;][vc_column width=&#8221;1\/1&#8243;][vc_row_inner][vc_column_inner el_class=&#8221;&#8221; width=&#8221;1\/2&#8243;][vc_column_text] VENHA PARA A FAM\u00cdLIA HAPPY DANCE POWER SYSTEM [\/vc_column_text][\/vc_column_inner][vc_column_inner el_class=&#8221;&#8221; width=&#8221;1\/2&#8243;][vc_column_text] Oportunidade de Investimento 2016-2017 [\/vc_column_text][\/vc_column_inner][\/vc_row_inner][vc_single_image image=&#8221;1337&#8243; alignment=&#8221;center&#8221; border_color=&#8221;grey&#8221; img_link_large=&#8221;&#8221; img_link_target=&#8221;_self&#8221; img_size=&#8221;full&#8221; el_class=&#8221;.rcorners_picture&#8221;][vc_empty_space height=&#8221;32px&#8221;][vc_row_inner el_id=&#8221;rcorners_white&#8221; css=&#8221;.vc_custom_1438957142398{margin-right: 20px !important;margin-bottom: 30px !important;margin-left: 20px !important;border-bottom-width: 10px !important;padding-top: 10px !important;}&#8221;][vc_column_inner<\/p>\n","protected":false},"author":5,"featured_media":0,"parent":0,"menu_order":0,"comment_status":"closed","ping_status":"closed","template":"page-FullWidth.php","meta":{"footnotes":""},"class_list":["post-1229","page","type-page","status-publish","hentry"],"_links":{"self":[{"href":"https:\/\/www.happydance.international\/pt\/wp-json\/wp\/v2\/pages\/1229","targetHints":{"allow":["GET"]}}],"collection":[{"href":"https:\/\/www.happydance.international\/pt\/wp-json\/wp\/v2\/pages"}],"about":[{"href":"https:\/\/www.happydance.international\/pt\/wp-json\/wp\/v2\/types\/page"}],"author":[{"embeddable":true,"href":"https:\/\/www.happydance.international\/pt\/wp-json\/wp\/v2\/users\/5"}],"replies":[{"embeddable":true,"href":"https:\/\/www.happydance.international\/pt\/wp-json\/wp\/v2\/comments?post=1229"}],"version-history":[{"count":30,"href":"https:\/\/www.happydance.international\/pt\/wp-json\/wp\/v2\/pages\/1229\/revisions"}],"predecessor-version":[{"id":1635,"href":"https:\/\/www.happydance.international\/pt\/wp-json\/wp\/v2\/pages\/1229\/revisions\/1635"}],"wp:attachment":[{"href":"https:\/\/www.happydance.international\/pt\/wp-json\/wp\/v2\/media?parent=1229"}],"curies":[{"name":"wp","href":"https:\/\/api.w.org\/{rel}","templated":true}]}}