{"id":113,"date":"2014-06-25T23:28:26","date_gmt":"2014-06-25T14:28:26","guid":{"rendered":"http:\/\/www.happydance.international\/?page_id=113"},"modified":"2016-08-10T23:11:27","modified_gmt":"2016-08-10T14:11:27","slug":"happy-dance","status":"publish","type":"page","link":"https:\/\/www.happydance.international\/pt\/happy-dance\/","title":{"rendered":"O QUE \u00c9 O HAPPY DANCE?"},"content":{"rendered":"[vc_row][vc_column][vc_column_text]\n<div style=\"text-align: center; margin-bottom: 5px;\">\n<h1 style=\"margin-bottom: 15px; line-height: 1.6;\">Happy Dance Power System \u00e9 um programa de estilo de vida como nenhum outro!<br \/>\nCom uma abordagem \u00fanica para ter uma vida mais feliz atrav\u00e9s do movimento, uma alimenta\u00e7\u00e3o saud\u00e1vel e uma atitude positiva.<\/h1>\n<h3>Happy Dance Power System \u00e9 uma combina\u00e7\u00e3o de v\u00e1rios programas que abordam problemas com o estilo de vida de uma forma positiva,<br \/>\ndivertida e interactiva.<\/h3>\n<\/div>\n\t\t\t<style type=\"text\/css\">\n\t\t\t\t#content-block-background-1524 { background-image: url(); background-position: center top; background-repeat: yes; background-color: transparent; background-attachment: scroll; background-size: auto; }\n\t\t\t\t#content-block-body-1524 { padding: 40px 0; color: #252525; }\n\t\t\t\t.content-block-body { margin-left: auto; margin-right: auto; position: relative; }\n\t\t\t<\/style>\n\t\t\t\t\t\t\t<style type=\"text\/css\">\n\t\t\t\t\t#wrapper-1 { overflow-x: hidden; }\n\t\t\t\t\t#content-block-background-1524 { margin: 0 -10000px; padding: 0 10000px; }\n\t\t\t\t<\/style>\n\t\t\t\n\t\t\t\n\t\t\t<div class=\"clear\"><\/div>\n\t\t\t<div id=\"content-block-background-1524\" class=\"content-block-background \">\n\t\t\t\t<div id=\"content-block-body-1524\" class=\"content-block-body\">\n\t\t\t\t\t<div class=\"clear\"><\/div>\n\t\t\t\t\t\n<div class=\"custom \" style=\"background:-moz-linear-gradient(center top , #FFFFFF, #EEEEEE) repeat scroll 0 0 transparent;\n\t\t\t\t\t\t   background: -webkit-gradient(linear, center top, center bottom, from(#FFFFFF), to(#EEEEEE));\n\t\t\t\t\t\t   background: -o-linear-gradient(top, #FFFFFF 0%,#EEEEEE 99%); \/* Opera 11.10+ *\/\n\t\t\t\t\t\t   background: -ms-linear-gradient(top, #FFFFFF 0%,#EEEEEE 99%); \/* IE10+ *\/\n\t\t\t\t\t\t   margin-left:0 !important;\n\t\t\t\t\t\t   margin-right:0 !important;\n\t\t\t\t\t\t   border:1px solid #FFFFFF;\n\t\t\t\t\t\t   background-color: #EEEEEE;\n\t\t\t\t\t\t   width:100%;\n\t\t\t\t\t\t   color:#888888;\"><div class=\"inner-padding\">\n<div style=\"text-align: center;\">\n<div style=\"text-align: center; margin-bottom: 20px; font-size: 16px;\"><\/div>\n<h4 style=\"margin-bottom: 15px;\"><span style=\"font-size: 30px; color: #fd7800;\">Happy Dance Power System <\/span><\/h4>\n<h5 style=\"margin-bottom: 20px;\"><span style=\"font-size: 24px; color: #444444;\">tem algo para todos!<br \/>\n<\/span><\/h5>\n<div style=\"font-size: 16px; color: #000; margin-bottom: 20px; text-align: center;\"><b>O objectivo principal do Happy Dance \u00e9 melhorar as escolhas no estilo de vida de cada um, combater a obesidade e o stress que est\u00e3o relacionados com um tipo de vida insatisfat\u00f3rio.<\/b><\/div>\n<\/div>\n<div style=\"text-align: justify; margin-left: 40px; margin-right: 40px; font-size: 16px; color: #000;\">Fitness Geral, Divers\u00e3o em Fam\u00edlia, Gest\u00e3o de Stress Empresarial. O novo programa que lan\u00e7amos recentemente \u00e9 dirigido aos jovens atrav\u00e9s de um programa de Fitness \/ Movimento baseado no seu curr\u00edculo escolar. O Happy Dance \u00e9 l\u00edder na ind\u00fastria fitness e tem dado capacidade \u00e0s pessoas para expandir e desenvolver n\u00e3o s\u00f3 a sua boa-forma f\u00edsica, mas tamb\u00e9m as rela\u00e7\u00f5es pessoais com os filhos e entes queridos. Alguns dos programas do Happy Dance incluem Hip Hop e Samba. O nosso programa GOLD foi criado especificamente para Aer\u00f3bica.<\/div>\n<\/div><\/div>\n<div class=\"custom \" style=\"background:-moz-linear-gradient(center top , #FFFFFF, #EEEEEE) repeat scroll 0 0 transparent;\n\t\t\t\t\t\t   background: -webkit-gradient(linear, center top, center bottom, from(#FFFFFF), to(#EEEEEE));\n\t\t\t\t\t\t   background: -o-linear-gradient(top, #FFFFFF 0%,#EEEEEE 99%); \/* Opera 11.10+ *\/\n\t\t\t\t\t\t   background: -ms-linear-gradient(top, #FFFFFF 0%,#EEEEEE 99%); \/* IE10+ *\/\n\t\t\t\t\t\t   margin-left:0 !important;\n\t\t\t\t\t\t   margin-right:0 !important;\n\t\t\t\t\t\t   border:1px solid #FFFFFF;\n\t\t\t\t\t\t   background-color: #EEEEEE;\n\t\t\t\t\t\t   width:100%;\n\t\t\t\t\t\t   color:#888888;\"><div class=\"inner-padding\">\n<div style=\"text-align: center;\">\n<h4 style=\"margin-bottom: 5px;\"><span style=\"font-size: 30px; color: #fd7800;\">Paulo Dos Santos<\/span><\/h4>\n<h5 style=\"margin-bottom: 20px;\"><span style=\"font-size: 24px; color: #444444;\">O Criador<\/span><\/h5>\n<\/div>\n<div class=\"custom-frame-wrapper alignright frame-shadow\"><div class=\"custom-frame-inner-wrapper\"><div class=\"custom-frame-padding\"><img loading=\"lazy\" decoding=\"async\" class=\"alignnone size-full wp-image-1607\" src=\"https:\/\/www.happydance.international\/wp-content\/uploads\/2014\/06\/Paulo_Web2.jpg\" alt=\"Paulo_Web2\" width=\"400\" height=\"485\" srcset=\"https:\/\/www.happydance.international\/wp-content\/uploads\/2014\/06\/Paulo_Web2.jpg 400w, https:\/\/www.happydance.international\/wp-content\/uploads\/2014\/06\/Paulo_Web2-247x300.jpg 247w\" sizes=\"auto, (max-width: 400px) 100vw, 400px\" \/><\/div><\/div><\/div>\n<div style=\"text-align: justify; margin-left: 40px; margin-right: 40px; font-size: 16px; color: #000;\"><span class=\"dropcap\"><span style=\"font-size: 46px; margin-top: 10px;\">H<\/span><\/span>appy Dance Power System foi criado por PAULO DOS SANTOS, campe\u00e3o nacional e internacional de aer\u00f3bica. Com antecedentes na dan\u00e7a e no teatro, Paulo, que \u00e9 tamb\u00e9m licenciado em Dan\u00e7a, deixou a sua marca na industria do fitness como um conhecido Apresentador de exerc\u00edcios de Aer\u00f3bica. De momento, \u00e9 professor por todo o mundo, tendo realizado apresenta\u00e7\u00f5es em conven\u00e7\u00f5es internacionais de fitness em mais de 30 pa\u00edses.<\/div>\n<div style=\"text-align: justify; margin-left: 40px; margin-right: 40px; font-size: 16px; color: #000;\">\n<p>A residir no Jap\u00e3o, Paulo tem a sua pr\u00f3pria empresa de produ\u00e7\u00f5es, a PR PRODUCTION Co. LTD. \u00c9 tamb\u00e9m Consultor T\u00e9cnico na JAF (Federa\u00e7\u00e3o de Aer\u00f3bica do Jap\u00e3o) e vice-presidente da JDA (Associa\u00e7\u00e3o de Dan\u00e7a do Jap\u00e3o). Paulo j\u00e1 trabalhou com centenas de atletas de Aer\u00f3bica e conquistou mais de 90 t\u00edtulos nacionais e internacionais.<\/p>\n<p>A paix\u00e3o de Paulo pela dan\u00e7a e pelo movimento aliada ao sucesso dos seus programas inspiraram a ideia de um Mundo que desfruta de uma vida repleta de amor, felicidade e sucesso &#8211; que todos merecemos e que levou \u00e0 cria\u00e7\u00e3o do Happy Dance Power System.<\/p>\n<\/div>\n<\/div><\/div>\n\t\t\t\t\t<div class=\"clear\"><\/div>\n\t\t\t\t<\/div>\n\t\t\t<\/div>\n\t\t\t<div class=\"clear\"><\/div>\n\t\t\t[\/vc_column_text][\/vc_column][\/vc_row]","protected":false},"excerpt":{"rendered":"<p>[vc_row][vc_column][vc_column_text] Happy Dance Power System \u00e9 um programa de estilo de vida como nenhum outro! Com uma abordagem \u00fanica para ter uma vida mais feliz atrav\u00e9s do movimento, uma alimenta\u00e7\u00e3o saud\u00e1vel e uma atitude positiva. Happy Dance Power System \u00e9 uma combina\u00e7\u00e3o de v\u00e1rios programas que abordam<\/p>\n","protected":false},"author":5,"featured_media":0,"parent":0,"menu_order":0,"comment_status":"closed","ping_status":"closed","template":"page-FullWidth.php","meta":{"footnotes":""},"class_list":["post-113","page","type-page","status-publish","hentry"],"_links":{"self":[{"href":"https:\/\/www.happydance.international\/pt\/wp-json\/wp\/v2\/pages\/113","targetHints":{"allow":["GET"]}}],"collection":[{"href":"https:\/\/www.happydance.international\/pt\/wp-json\/wp\/v2\/pages"}],"about":[{"href":"https:\/\/www.happydance.international\/pt\/wp-json\/wp\/v2\/types\/page"}],"author":[{"embeddable":true,"href":"https:\/\/www.happydance.international\/pt\/wp-json\/wp\/v2\/users\/5"}],"replies":[{"embeddable":true,"href":"https:\/\/www.happydance.international\/pt\/wp-json\/wp\/v2\/comments?post=113"}],"version-history":[{"count":100,"href":"https:\/\/www.happydance.international\/pt\/wp-json\/wp\/v2\/pages\/113\/revisions"}],"predecessor-version":[{"id":1609,"href":"https:\/\/www.happydance.international\/pt\/wp-json\/wp\/v2\/pages\/113\/revisions\/1609"}],"wp:attachment":[{"href":"https:\/\/www.happydance.international\/pt\/wp-json\/wp\/v2\/media?parent=113"}],"curies":[{"name":"wp","href":"https:\/\/api.w.org\/{rel}","templated":true}]}}