{"id":944,"date":"2014-10-14T20:03:15","date_gmt":"2014-10-14T11:03:15","guid":{"rendered":"http:\/\/www.happydance.international\/?page_id=944"},"modified":"2015-10-16T22:23:43","modified_gmt":"2015-10-16T13:23:43","slug":"happy-fitness","status":"publish","type":"page","link":"https:\/\/www.happydance.international\/es\/happy-fitness\/","title":{"rendered":"Happy Fitness"},"content":{"rendered":"<div style=\"text-align: justify; margin-left: 40px; margin-right: 40px; font-size: 16px; color: #000;\">El programa Happy Fitness comprende muchas variedades de ejercicios\u00a1 y proporciona algo extra! A diferencia de otros programas, Happy Fitness incorpora simult\u00e1neamente mente y cuerpo. Para tener \u00e9xito en cualquier programa de entrenamiento necesitamos tener la disposici\u00f3n y la motivaci\u00f3n adecuadas para el \u00e9xito, que es exactamente para lo que est\u00e1 dise\u00f1ado el programa Happy Fitness.<\/p>\n<p><strong>Las siguientes lecciones est\u00e1n disponibles:<\/strong><\/p>\n<ul>\n<li><strong><em>Happy Dance clase original (HD) \u2013 45 min<\/em><\/strong><\/li>\n<li><strong><em>Happy Hip Hop (HH) \u2013 45min<\/em><\/strong><\/li>\n<li><strong><em>Happy Jazz (HJ) \u2013 45min<\/em><\/strong><\/li>\n<li><strong><em>Happy Samba(HS) \u2013 45min<\/em><\/strong><\/li>\n<\/ul>\n<p><strong> <\/strong><\/p>\n<p>Todas las clases incluir\u00e1n 10 minutos de calentamiento, 30 minutos de ejercicio coreografiado y 5 minutos de enfriamiento.<\/p>\n<p><strong> <\/strong><\/p>\n<p><strong>Happy Dance clase original<\/strong><\/p>\n<p>Esta clase es una combinaci\u00f3n de todos los estilos de baile coreografiados con la m\u00fasica original de Happy Dance. En esta clase el instructor har\u00e1 una representaci\u00f3n de 30 segundos de estilo libre para capturar e inspirar a los miembros a establecer elnalto nivel de energ\u00eda m\u00e1s alto en la clase.<\/p>\n<p><strong>Happy Hip Hop<\/strong><\/p>\n<p>Las clases de Happy Hip Hop contienen movimientos de hip hop creativos \u2013 exhibiendo la m\u00fasica original de Happy Hip Hop. Con la creatividad como objetivo principal, el instructor realizar\u00e1 una representaci\u00f3n de 30 segundos, la cual convertir\u00e1 las clases de Happy Hip Hop en algo creativo, divertido y original.<\/p>\n<p><strong>Happy Jazz<\/strong><\/p>\n<p>Esta clase se compone de movimientos b\u00e1sicos de Jazz. Est\u00e1 dise\u00f1ada para dotar de creatividad la expresi\u00f3n corporal por medio de efectos de sonido, expresiones faciales y m\u00fasica jazz original. La m\u00fasica de Happy Jazz puede variar en velocidad, haciendo la clase \u00fanica para cada uno.<\/p>\n<p><strong>Happy Samba<\/strong><\/p>\n<p>Una clase de bajo impacto con coreograf\u00eda y pasos creativos usando movimientos de Samba Brasile\u00f1a y bailes latinos.<\/p>\n<p><em>Happy Fitness cambiar\u00e1 tu forma de ver el ejercicio y no s\u00f3lo mejorar\u00e1 tu sistema cardiovascular, sino tambi\u00e9n tu bienestar y salud general.<\/em><\/p>\n<\/div>","protected":false},"excerpt":{"rendered":"<p>El programa Happy Fitness comprende muchas variedades de ejercicios\u00a1 y proporciona algo extra! A diferencia de otros programas, Happy Fitness incorpora simult\u00e1neamente mente y cuerpo. Para tener \u00e9xito en cualquier programa de entrenamiento necesitamos tener la disposici\u00f3n y la motivaci\u00f3n adecuadas para el \u00e9xito, que es exactamente<\/p>\n","protected":false},"author":5,"featured_media":0,"parent":0,"menu_order":0,"comment_status":"closed","ping_status":"closed","template":"page-FullWidth.php","meta":{"footnotes":""},"class_list":["post-944","page","type-page","status-publish","hentry"],"_links":{"self":[{"href":"https:\/\/www.happydance.international\/es\/wp-json\/wp\/v2\/pages\/944","targetHints":{"allow":["GET"]}}],"collection":[{"href":"https:\/\/www.happydance.international\/es\/wp-json\/wp\/v2\/pages"}],"about":[{"href":"https:\/\/www.happydance.international\/es\/wp-json\/wp\/v2\/types\/page"}],"author":[{"embeddable":true,"href":"https:\/\/www.happydance.international\/es\/wp-json\/wp\/v2\/users\/5"}],"replies":[{"embeddable":true,"href":"https:\/\/www.happydance.international\/es\/wp-json\/wp\/v2\/comments?post=944"}],"version-history":[{"count":8,"href":"https:\/\/www.happydance.international\/es\/wp-json\/wp\/v2\/pages\/944\/revisions"}],"predecessor-version":[{"id":1470,"href":"https:\/\/www.happydance.international\/es\/wp-json\/wp\/v2\/pages\/944\/revisions\/1470"}],"wp:attachment":[{"href":"https:\/\/www.happydance.international\/es\/wp-json\/wp\/v2\/media?parent=944"}],"curies":[{"name":"wp","href":"https:\/\/api.w.org\/{rel}","templated":true}]}}