{"id":91,"date":"2014-06-25T22:31:22","date_gmt":"2014-06-25T13:31:22","guid":{"rendered":"http:\/\/www.happydance.international\/?page_id=91"},"modified":"2016-10-15T00:04:51","modified_gmt":"2016-10-14T15:04:51","slug":"happy_gold","status":"publish","type":"page","link":"https:\/\/www.happydance.international\/es\/happy_gold\/","title":{"rendered":"Happy Gold"},"content":{"rendered":"[vc_row][vc_column][vc_column_text]\n\t\t\t<!-- START Happy_gold REVOLUTION SLIDER 6.4.2 --><p class=\"rs-p-wp-fix\"><\/p>\n\t\t\t<rs-module-wrap id=\"rev_slider_2_4_wrapper\" data-source=\"gallery\" style=\"background:#eeeeee;padding:0;\">\n\t\t\t\t<rs-module id=\"rev_slider_2_4\" style=\"\" data-version=\"6.4.2\">\n\t\t\t\t\t<rs-slides>\n\t\t\t\t\t\t<rs-slide data-key=\"rs-5\" data-title=\"happy-gold Video\" data-anim=\"ms:900;\" data-in=\"o:0;\" data-out=\"a:false;\">\n\t\t\t\t\t\t\t<img decoding=\"async\" src=\"\/\/www.happydance.international\/wp-content\/plugins\/revslider\/public\/assets\/assets\/dummy.png\" alt=\"happy-gold Video\" title=\"Happy Gold\" data-lazyload=\"\/\/www.happydance.international\/wp-content\/plugins\/revslider\/public\/assets\/assets\/transparent.png\" data-bg=\"p:center top;\" data-parallax=\"1\" class=\"rev-slidebg\" data-no-retina>\n<!--\n\t\t\t\t\t\t\t--><rs-layer\n\t\t\t\t\t\t\t\tid=\"slider-2-slide-5-layer-1\" \n\t\t\t\t\t\t\t\tclass=\"blue_bold_bg_20\"\n\t\t\t\t\t\t\t\tdata-type=\"text\"\n\t\t\t\t\t\t\t\tdata-color=\"#ffffff\"\n\t\t\t\t\t\t\t\tdata-rsp_ch=\"on\"\n\t\t\t\t\t\t\t\tdata-xy=\"x:c;y:30px;\"\n\t\t\t\t\t\t\t\tdata-text=\"s:20;l:20;fw:900;\"\n\t\t\t\t\t\t\t\tdata-padding=\"t:5;r:8;b:5;l:8;\"\n\t\t\t\t\t\t\t\tdata-frame_0=\"y:top;\"\n\t\t\t\t\t\t\t\tdata-frame_1=\"st:1300;sp:1000;\"\n\t\t\t\t\t\t\t\tdata-frame_999=\"y:top;e:nothing;st:4000;sp:1000;\"\n\t\t\t\t\t\t\t\tstyle=\"z-index:5;background-color:rgba(53,152,220,1);font-family:Raleway;text-shadow:none;\"\n\t\t\t\t\t\t\t>Now Showing a Full-Width Video \n\t\t\t\t\t\t\t<\/rs-layer><!--\n\n\t\t\t\t\t\t\t--><rs-layer\n\t\t\t\t\t\t\t\tid=\"slider-2-slide-5-layer-2\" \n\t\t\t\t\t\t\t\tclass=\"rs-fsv rs-layer-video intrinsic-ignore\"\n\t\t\t\t\t\t\t\tdata-type=\"video\"\n\t\t\t\t\t\t\t\tdata-rsp_ch=\"on\"\n\t\t\t\t\t\t\t\tdata-xy=\"x:0;y:0;\"\n\t\t\t\t\t\t\t\tdata-dim=\"w:100%;h:100%;\"\n\t\t\t\t\t\t\t\tdata-video=\"ap:false;v:100;vd:100;fc:true;l:false;ptimer:false;nse:f;\"\n\t\t\t\t\t\t\t\tdata-poster=\"\/\/www.happydance.international\/wp-content\/uploads\/2014\/07\/Happyglod_youtubethumbnail.jpg\"\n\t\t\t\t\t\t\t\tdata-ytid=\"aSIH2DKWvrg\"\n\t\t\t\t\t\t\t\tdata-vatr=\"version=3&amp;enablejsapi=1&amp;html5=1&amp;volume=100&amp;hd=1&amp;wmode=opaque&amp;controls=1&amp;showinfo=0&amp;origin=https:\/\/www.happydance.international;\"\n\t\t\t\t\t\t\t\tdata-frame_1=\"e:power1.out;st:500;\"\n\t\t\t\t\t\t\t\tdata-frame_999=\"st:w;auto:true;\"\n\t\t\t\t\t\t\t\tstyle=\"z-index:6;\"\n\t\t\t\t\t\t\t>\n\t\t\t\t\t\t\t<\/rs-layer><!--\n-->\t\t\t\t\t\t<\/rs-slide>\n\t\t\t\t\t<\/rs-slides>\n\t\t\t\t<\/rs-module>\n\t\t\t\t<script type=\"text\/javascript\">\n\t\t\t\t\tsetREVStartSize({c: 'rev_slider_2_4',rl:[1240,1024,778,480],el:[],gw:[1170],gh:[700],type:'standard',justify:'',layout:'fullscreen',offsetContainer:'',offset:'',mh:\"0\"});\n\t\t\t\t\tvar\trevapi2,\n\t\t\t\t\t\ttpj;\n\t\t\t\t\tfunction revinit_revslider24() {\n\t\t\t\t\tjQuery(function() {\n\t\t\t\t\t\ttpj = jQuery;\n\t\t\t\t\t\trevapi2 = tpj(\"#rev_slider_2_4\");\n\t\t\t\t\t\ttpj.noConflict();\n\t\t\t\t\t\tif(revapi2==undefined || revapi2.revolution == undefined){\n\t\t\t\t\t\t\trevslider_showDoubleJqueryError(\"rev_slider_2_4\");\n\t\t\t\t\t\t}else{\n\t\t\t\t\t\t\trevapi2.revolution({\n\t\t\t\t\t\t\t\tsliderLayout:\"fullscreen\",\n\t\t\t\t\t\t\t\tduration:16000,\n\t\t\t\t\t\t\t\tvisibilityLevels:\"1240,1024,778,480\",\n\t\t\t\t\t\t\t\tgridwidth:1170,\n\t\t\t\t\t\t\t\tgridheight:700,\n\t\t\t\t\t\t\t\tlazyType:\"single\",\n\t\t\t\t\t\t\t\tspinner:\"spinner4\",\n\t\t\t\t\t\t\t\tperspectiveType:\"local\",\n\t\t\t\t\t\t\t\tresponsiveLevels:\"1240,1024,778,480\",\n\t\t\t\t\t\t\t\tgridEQModule:true,\n\t\t\t\t\t\t\t\tprogressBar: {\n\t\t\t\t\t\t\t\t\tcolor:\"rgba(0,0,0,0.15)\",\n\t\t\t\t\t\t\t\t\tvertical:\"top\",\n\t\t\t\t\t\t\t\t\tsize:5\n\t\t\t\t\t\t\t\t},\n\t\t\t\t\t\t\t\tnavigation: {\n\t\t\t\t\t\t\t\t\tmouseScrollNavigation:false,\n\t\t\t\t\t\t\t\t\ttouch: {\n\t\t\t\t\t\t\t\t\t\ttouchenabled:true,\n\t\t\t\t\t\t\t\t\t\tswipe_threshold:0\n\t\t\t\t\t\t\t\t\t}\n\t\t\t\t\t\t\t\t},\n\t\t\t\t\t\t\t\tparallax: {\n\t\t\t\t\t\t\t\t\tlevels:[7,4,3,2,5,4,3,2,1,0,47,48,49,50,51,55],\n\t\t\t\t\t\t\t\t\ttype:\"mouse\"\n\t\t\t\t\t\t\t\t},\n\t\t\t\t\t\t\t\tfallbacks: {\n\t\t\t\t\t\t\t\t\tallowHTML5AutoPlayOnAndroid:true\n\t\t\t\t\t\t\t\t},\n\t\t\t\t\t\t\t});\n\t\t\t\t\t\t}\n\t\t\t\t\t\t\n\t\t\t\t\t});\n\t\t\t\t\t} \/\/ End of RevInitScript\n\t\t\t\tvar once_revslider24 = false;\n\t\t\t\tif (document.readyState === \"loading\") {document.addEventListener('readystatechange',function() { if((document.readyState === \"interactive\" || document.readyState === \"complete\") && !once_revslider24 ) { once_revslider24 = true; revinit_revslider24();}});} else {once_revslider24 = true; revinit_revslider24();}\n\t\t\t\t<\/script>\n\t\t\t\t<script>\n\t\t\t\t\tvar htmlDivCss = '\t#rev_slider_2_4_wrapper rs-loader.spinner4 div { background-color: #fff !important; } ';\n\t\t\t\t\tvar htmlDiv = document.getElementById('rs-plugin-settings-inline-css');\n\t\t\t\t\tif(htmlDiv) {\n\t\t\t\t\t\thtmlDiv.innerHTML = htmlDiv.innerHTML + htmlDivCss;\n\t\t\t\t\t}else{\n\t\t\t\t\t\tvar htmlDiv = document.createElement('div');\n\t\t\t\t\t\thtmlDiv.innerHTML = '<style>' + htmlDivCss + '<\/style>';\n\t\t\t\t\t\tdocument.getElementsByTagName('head')[0].appendChild(htmlDiv.childNodes[0]);\n\t\t\t\t\t}\n\t\t\t\t<\/script>\n\t\t\t<\/rs-module-wrap>\n\t\t\t<!-- END REVOLUTION SLIDER -->\n[\/vc_column_text][\/vc_column][\/vc_row][vc_row][vc_column width=\u00bb1\/4&#8243;][vc_raw_html]JTNDYSUyMHN0eWxlJTNEJTIyZmxvYXQlM0ElMjByaWdodCUzQiUyMiUyMGhyZWYlM0QlMjJodHRwcyUzQSUyRiUyRnd3dy5oYXBweWRhbmNlLmludGVybmF0aW9uYWwlMkZ3cC1jb250ZW50JTJGdXBsb2FkcyUyRjIwMTUlMkYwOCUyRmRhbmNlci0wMl9zbWFsbC5wbmclMjIlM0UlM0NpbWclMjBjbGFzcyUzRCUyMmFsaWdubm9uZSUyMHNpemUtbWVkaXVtJTIwd3AtaW1hZ2UtMjIzJTIyJTIwc3JjJTNEJTIyaHR0cHMlM0ElMkYlMkZ3d3cuaGFwcHlkYW5jZS5pbnRlcm5hdGlvbmFsJTJGd3AtY29udGVudCUyRnVwbG9hZHMlMkYyMDE1JTJGMDglMkZkYW5jZXItMDJfc21hbGwucG5nJTIyJTIwYWx0JTNEJTIyUGF1bG9fdHJhbnNwYXJlbnRfYmFja2dyb3VuZC5wbmclMjIlMjB3aWR0aCUzRCUyMjE2NyUyMiUyMGhlaWdodCUzRCUyMjMwMCUyMiUyMCUyRiUzRSUzQyUyRmElM0UlMEE=[\/vc_raw_html][\/vc_column][vc_column width=\u00bb3\/4&#8243;][vc_raw_html]JTNDcCUyMGNsYXNzJTNEJTIydHJpYW5nbGUtcmlnaHQlMjBsZWZ0JTIyJTIwc3R5bGUlM0QlMjJmbG9hdCUzQSUyMGxlZnQlM0IlMjBmb250LXNpemUlM0ElMjAyMHB4JTNCJTIwbGluZS1oZWlnaHQlM0ElMjAxLjUlM0IlMjB0b3AlM0ElMjAtMjBweCUzQiUyMGxlZnQlM0ElMjAtMjBweCUzQiUyMiUzRSVDMiVCRkVyZXMlMjB1c3RlZCUyMHVuJTIwYXRsZXRhJTIwcHJvZmVzaW9uYWwlMjBkZWRpY2FkbyUyMGElMjBsYSUyMGNvbXBldGljaSVDMyVCM24lMjBlbiUyMGRlcG9ydGVzJTIwY29tbyUyMGVsJTIwYWVyb2JpYyUzRiUyMEVudG9uY2VzJTIwZWwlMjBwcm9ncmFtYSUyMEhhcHB5JTIwR29sZCUyMGVzJTIwcGFyYSUyMHRpLiUyMCVDMiVBMVBhdWxvJTIwU2FudG9zJTIwdGllbmUlMjBtJUMzJUExcyUyMGRlJTIwMjAlMjBhJUMzJUIxb3MlMjBkZSUyMGV4cGVyaWVuY2lhJTIwZW4lMjBlbnRyZW5hciUyMGF0bGV0YXMlMjBwcm9mZXNpb25hbGVzJTIweSUyMGVuc2UlQzMlQjFhcmxlcyUyMHRvZG8lMjBsbyUyMHF1ZSUyMG5lY2VzaXRhbiUyMHBhcmElMjBhbGNhbnphciUyMHN1JTIwc3VlJUMzJUIxbyUyMGRlJTIwbGxlZ2FyJTIwYSUyMHNlciUyMHVuJTIwY2FtcGUlQzMlQjNuJTIxJTIwJUMyJUExTSVDMyVBMXMlMjBkZSUyMDgwJTIwbWVkYWxsYXMlMjBkZSUyMG9ybyUyMGdhbmFkYXMlMjBwb3IlMjBhdGxldGFzJTIwcXVlJTIwaGFuJTIwc2lkbyUyMGVudHJlbmFkb3MlMjBwb3IlMjBQYXVsbyUyMFNhbnRvcyUyMGVuJTIwbG9zJTIwJUMzJUJBbHRpbW9zJTIwMjAlMjBhJUMzJUIxb3MlMjBoYWJsYW4lMjBwb3IlMjBzJUMzJUFEJTIwbWlzbWFzJTIxJTIwQWhvcmElMjBlcyUyMGVsJTIwbW9tZW50byUyMHBhcmElMjBxdWUlMjBUJUMzJTlBJTIwY3JlYXMlMjBlbiUyMGVsJTIwcHJvZ3JhbWElMjB5JTIwdHJhYmFqZXMlMjBkdXJvJTIwcG9yJTIwY29uc2VndWlyJTIwZWwlMjBzZW50aW1pZW50byUyMGRvcmFkbyUyMGRlbCUyMCVDMyVBOXhpdG8uJTBBJTNDJTJGcCUzRQ==[\/vc_raw_html][\/vc_column][vc_column][vc_column_text]\t\t\t<style type=\"text\/css\">\n\t\t\t\t#content-block-background-1561 { background-image: url(https:\/\/www.happydance.international\/wp-content\/uploads\/2016\/08\/Happy_Gold_medal.jpg); background-position: left bottom; background-repeat: horizontal; background-color: #FD7800; background-attachment: scroll; background-size: auto; }\n\t\t\t\t#content-block-body-1561 { padding: 30px 10px; color: #000000; }\n\t\t\t\t.content-block-body { margin-left: auto; margin-right: auto; position: relative; }\n\t\t\t<\/style>\n\t\t\t\t\t\t\t<style type=\"text\/css\">\n\t\t\t\t\t#wrapper-1 { overflow-x: hidden; }\n\t\t\t\t\t#content-block-background-1561 { margin: 0 -10000px; padding: 0 10000px; }\n\t\t\t\t<\/style>\n\t\t\t\n\t\t\t\n\t\t\t<div class=\"clear\"><\/div>\n\t\t\t<div id=\"content-block-background-1561\" class=\"content-block-background \">\n\t\t\t\t<div id=\"content-block-body-1561\" class=\"content-block-body\">\n\t\t\t\t\t<div class=\"clear\"><\/div>\n\t\t\t\t\t\n<h3 style=\"float: left; display: inline-block; margin: 15px 0px; font-size: 30px !important; line-height: 1.2; color: #000000;\">Visita la p\u00e1gina de Inicio de Happy Gold para adquirir Happy Gold<\/h3>\n<a class=\"flat-custom-button align-btn-right\" href=\"http:\/\/www.happygoldtraining.com\/\" title=\"\u00a1Visita Happy Gold aqu\u00ed!\" target=\"_blank\"><span style=\"padding:15px 20px; background-color:#CFB53B; border:2px solid #FFFFFF; color:#FFFFFF; font-size:25px;\">\u00a1Visita Happy Gold aqu\u00ed!<\/span><\/a>\n\t\t\t\t\t<div class=\"clear\"><\/div>\n\t\t\t\t<\/div>\n\t\t\t<\/div>\n\t\t\t<div class=\"clear\"><\/div>\n\t\t\t\t\t\t<style type=\"text\/css\">\n\t\t\t\t#content-block-background-1866 { background-image: url(http:\/\/www.happydance.international\/happydance_images\/statichappydanceimage.jpg); background-position: center bottom; background-repeat: no-repeat; background-color: #24292E; background-attachment: fixed; background-size: auto; }\n\t\t\t\t#content-block-body-1866 { padding: 50px 0 55px; color: #EEEEEE; }\n\t\t\t\t.content-block-body { margin-left: auto; margin-right: auto; position: relative; }\n\t\t\t<\/style>\n\t\t\t\t\t\t\t<style type=\"text\/css\">\n\t\t\t\t\t#wrapper-1 { overflow-x: hidden; }\n\t\t\t\t\t#content-block-background-1866 { margin: 0 -10000px; padding: 0 10000px; }\n\t\t\t\t<\/style>\n\t\t\t\n\t\t\t\n\t\t\t<div class=\"clear\"><\/div>\n\t\t\t<div id=\"content-block-background-1866\" class=\"content-block-background \">\n\t\t\t\t<div id=\"content-block-body-1866\" class=\"content-block-body\">\n\t\t\t\t\t<div class=\"clear\"><\/div>\n\t\t\t\t\t\n<div style=\"text-align: center;\">\n<h4 style=\"margin-bottom: 20px;\"><span style=\"font-size: 38px; color: #fff; line-height: 1;\">\u00a1Opiniones sobre Happy Gold<\/span><\/h4>\n<h4 style=\"margin-bottom: 20px;\"><span style=\"font-size: 22px; color: #fff; line-height: 1.5;\">Durante veinte a\u00f1os, Paulo dos Santos ha estado trabajando junto a atletas profesionales de todo el mundo. Lee m\u00e1s sobre lo que ganadores de medallas de oro tienen que decir acerca de haber trabajado con Paulo y heber formado parte del programa Happy Gold.<\/span><\/h4>\n<\/div>\n\t\t\t\t\t<div class=\"clear\"><\/div>\n\t\t\t\t<\/div>\n\t\t\t<\/div>\n\t\t\t<div class=\"clear\"><\/div>\n\t\t\t\n<p>&nbsp;<\/p>\n<blockquote style=\"margin-top: 20px;\"><p>Soy un atleta profesional de gimnasia aer\u00f3bica. Desde hace cuatro a\u00f1os estoy trabajando con Paulo dos Santos y realmente puedo decir que mis resultados fueron cada vez a mejor. Empiezo a ganar competiciones muy importantes (Medalla de Bronce en el Campeonato Mundial de 2012 en Sof\u00eda. Medalla de Oro en la Copa del Mundo 2012 en Kufstein. Medalla de oro la Copa Mundial de 2013 en Tokio. Medalla de Oro en la Copa Mundial de Portugal 2014. Medalla de Oro en el Campeonato del Mundo de 2014).<\/p>\n<p>Paulo es una persona incre\u00edble, llena de energ\u00eda positiva y con una mente muy fuerte. \u00c9l puede \u00abinflamar\u00bb a las personas con sus pensamientos y guiarlos en la mejor direcci\u00f3n. Happy Dance Power System es una fuente especial a partir de la cual, la gente puede ser mejor y m\u00e1s fuerte mentalmente, puedo hablar de mi propia experiencia. Mediante este m\u00e9todo me siento \u00abseguro\u00bb, confiado y listo para ir a ganar las siguientes competiciones.<\/p>\n<div style=\"float: right; text-align: right; font-style: normal; font-weight: bold;\">&#8211; Lubi Gazov<br \/>\nAustria<br \/>\nCampe\u00f3n Mundial de Gimnasia Aer\u00f3bica<\/div>\n<\/blockquote>\n<div class=\"divider\"><\/div>\n<blockquote><p>A quien pueda interesar:<\/p>\n<p>Mi nombre es Angela McMillan. Soy la entrenadora principal del equipo Hanoi Aerobic Gymnastics, y lo he sido durante los \u00faltimos 3 a\u00f1os. He estado trabajando junto a Paulo Santos como atleta durante m\u00e1s de 10 a\u00f1os y Paulo jugado un papel importante en que me convirtiera en la Campeona Mundial de Gimnasia Aer\u00f3bica en 2004.<\/p>\n<p>Desde entonces, he apoyado el Happy Dance Power System que Paulo ha creado. Creo que es un gran programa que tiene la capacidad de cambiar la vida, el cuerpo y el alma de j\u00f3venes y adultos.<\/p>\n<p>A diferencia de cualquier otro programa, Happy Dance es divertido, educativo, utiliza la m\u00fasica, el movimiento y ejercicios mentales para ayudar a desarrollar no s\u00f3lo el movimiento y la coordinaci\u00f3n, sino tambi\u00e9n la autoestima y la felicidad, que es el aspecto m\u00e1s importante de la vida de un ni\u00f1o mientras atraviesan la adolescencia camino de la edad adulta.<\/p>\n<p>Aqu\u00ed en Hanoi estamos implementando la filosof\u00eda y las t\u00e9cnicas de Happy Dance, viendo grandes resultados con ni\u00f1os de 6 a 20 a\u00f1os. Sobre todo en la confianza y la capacidad de luchar por m\u00e1s de lo que quieren y se merecen en su vida. Happy Dance es un programa \u00fanico y sorprendente, el cual apoyo y recomiendo como una parte crucial de la vida de cualquier ni\u00f1o.<\/p>\n<p>Atentamente,<\/p>\n<div style=\"float: right; text-align: right; font-style: normal; font-weight: bold;\">&#8211; Angela McMillan<br \/>\nEntrenadora de Hanoi Aerobic Gymnastics<br \/>\nCampeona Mundial de Gimnasia Aer\u00f3bica<\/div>\n<\/blockquote>\n[\/vc_column_text][\/vc_column][\/vc_row]","protected":false},"excerpt":{"rendered":"<p>[vc_row][vc_column][vc_column_text][\/vc_column_text][\/vc_column][\/vc_row][vc_row][vc_column width=\u00bb1\/4&#8243;][vc_raw_html]JTNDYSUyMHN0eWxlJTNEJTIyZmxvYXQlM0ElMjByaWdodCUzQiUyMiUyMGhyZWYlM0QlMjJodHRwcyUzQSUyRiUyRnd3dy5oYXBweWRhbmNlLmludGVybmF0aW9uYWwlMkZ3cC1jb250ZW50JTJGdXBsb2FkcyUyRjIwMTUlMkYwOCUyRmRhbmNlci0wMl9zbWFsbC5wbmclMjIlM0UlM0NpbWclMjBjbGFzcyUzRCUyMmFsaWdubm9uZSUyMHNpemUtbWVkaXVtJTIwd3AtaW1hZ2UtMjIzJTIyJTIwc3JjJTNEJTIyaHR0cHMlM0ElMkYlMkZ3d3cuaGFwcHlkYW5jZS5pbnRlcm5hdGlvbmFsJTJGd3AtY29udGVudCUyRnVwbG9hZHMlMkYyMDE1JTJGMDglMkZkYW5jZXItMDJfc21hbGwucG5nJTIyJTIwYWx0JTNEJTIyUGF1bG9fdHJhbnNwYXJlbnRfYmFja2dyb3VuZC5wbmclMjIlMjB3aWR0aCUzRCUyMjE2NyUyMiUyMGhlaWdodCUzRCUyMjMwMCUyMiUyMCUyRiUzRSUzQyUyRmElM0UlMEE=[\/vc_raw_html][\/vc_column][vc_column width=\u00bb3\/4&#8243;][vc_raw_html]JTNDcCUyMGNsYXNzJTNEJTIydHJpYW5nbGUtcmlnaHQlMjBsZWZ0JTIyJTIwc3R5bGUlM0QlMjJmbG9hdCUzQSUyMGxlZnQlM0IlMjBmb250LXNpemUlM0ElMjAyMHB4JTNCJTIwbGluZS1oZWlnaHQlM0ElMjAxLjUlM0IlMjB0b3AlM0ElMjAtMjBweCUzQiUyMGxlZnQlM0ElMjAtMjBweCUzQiUyMiUzRSVDMiVCRkVyZXMlMjB1c3RlZCUyMHVuJTIwYXRsZXRhJTIwcHJvZmVzaW9uYWwlMjBkZWRpY2FkbyUyMGElMjBsYSUyMGNvbXBldGljaSVDMyVCM24lMjBlbiUyMGRlcG9ydGVzJTIwY29tbyUyMGVsJTIwYWVyb2JpYyUzRiUyMEVudG9uY2VzJTIwZWwlMjBwcm9ncmFtYSUyMEhhcHB5JTIwR29sZCUyMGVzJTIwcGFyYSUyMHRpLiUyMCVDMiVBMVBhdWxvJTIwU2FudG9zJTIwdGllbmUlMjBtJUMzJUExcyUyMGRlJTIwMjAlMjBhJUMzJUIxb3MlMjBkZSUyMGV4cGVyaWVuY2lhJTIwZW4lMjBlbnRyZW5hciUyMGF0bGV0YXMlMjBwcm9mZXNpb25hbGVzJTIweSUyMGVuc2UlQzMlQjFhcmxlcyUyMHRvZG8lMjBsbyUyMHF1ZSUyMG5lY2VzaXRhbiUyMHBhcmElMjBhbGNhbnphciUyMHN1JTIwc3VlJUMzJUIxbyUyMGRlJTIwbGxlZ2FyJTIwYSUyMHNlciUyMHVuJTIwY2FtcGUlQzMlQjNuJTIxJTIwJUMyJUExTSVDMyVBMXMlMjBkZSUyMDgwJTIwbWVkYWxsYXMlMjBkZSUyMG9ybyUyMGdhbmFkYXMlMjBwb3IlMjBhdGxldGFzJTIwcXVlJTIwaGFuJTIwc2lkbyUyMGVudHJlbmFkb3MlMjBwb3IlMjBQYXVsbyUyMFNhbnRvcyUyMGVuJTIwbG9zJTIwJUMzJUJBbHRpbW9zJTIwMjAlMjBhJUMzJUIxb3MlMjBoYWJsYW4lMjBwb3IlMjBzJUMzJUFEJTIwbWlzbWFzJTIxJTIwQWhvcmElMjBlcyUyMGVsJTIwbW9tZW50byUyMHBhcmElMjBxdWUlMjBUJUMzJTlBJTIwY3JlYXMlMjBlbiUyMGVsJTIwcHJvZ3JhbWElMjB5JTIwdHJhYmFqZXMlMjBkdXJvJTIwcG9yJTIwY29uc2VndWlyJTIwZWwlMjBzZW50aW1pZW50byUyMGRvcmFkbyUyMGRlbCUyMCVDMyVBOXhpdG8uJTBBJTNDJTJGcCUzRQ==[\/vc_raw_html][\/vc_column][vc_column][vc_column_text] &nbsp; Soy un atleta profesional de gimnasia aer\u00f3bica. Desde hace cuatro a\u00f1os estoy trabajando con Paulo dos Santos y realmente puedo decir que mis resultados fueron cada vez a mejor. Empiezo a ganar competiciones muy importantes (Medalla de Bronce en el Campeonato Mundial de<\/p>\n","protected":false},"author":5,"featured_media":0,"parent":0,"menu_order":0,"comment_status":"closed","ping_status":"closed","template":"page-FullWidth.php","meta":{"footnotes":""},"class_list":["post-91","page","type-page","status-publish","hentry"],"_links":{"self":[{"href":"https:\/\/www.happydance.international\/es\/wp-json\/wp\/v2\/pages\/91","targetHints":{"allow":["GET"]}}],"collection":[{"href":"https:\/\/www.happydance.international\/es\/wp-json\/wp\/v2\/pages"}],"about":[{"href":"https:\/\/www.happydance.international\/es\/wp-json\/wp\/v2\/types\/page"}],"author":[{"embeddable":true,"href":"https:\/\/www.happydance.international\/es\/wp-json\/wp\/v2\/users\/5"}],"replies":[{"embeddable":true,"href":"https:\/\/www.happydance.international\/es\/wp-json\/wp\/v2\/comments?post=91"}],"version-history":[{"count":167,"href":"https:\/\/www.happydance.international\/es\/wp-json\/wp\/v2\/pages\/91\/revisions"}],"predecessor-version":[{"id":1639,"href":"https:\/\/www.happydance.international\/es\/wp-json\/wp\/v2\/pages\/91\/revisions\/1639"}],"wp:attachment":[{"href":"https:\/\/www.happydance.international\/es\/wp-json\/wp\/v2\/media?parent=91"}],"curies":[{"name":"wp","href":"https:\/\/api.w.org\/{rel}","templated":true}]}}