{"id":450,"date":"2014-09-24T23:27:00","date_gmt":"2014-09-24T14:27:00","guid":{"rendered":"http:\/\/www.happydance.international\/?page_id=450"},"modified":"2015-10-16T22:42:34","modified_gmt":"2015-10-16T13:42:34","slug":"happy-world","status":"publish","type":"page","link":"https:\/\/www.happydance.international\/es\/happy-world\/","title":{"rendered":"Happy World"},"content":{"rendered":"[vc_row][vc_column width=\u00bb1\/2&#8243;][vc_column_text]\n<div style=\"text-align: justify; margin-bottom: 10px; font-size: 16px;\">\n<h4 style=\"margin-bottom: 15px;\"><span style=\"font-size: 20px; line-height: 1.6;\">Siempre comprometidos con la misi\u00f3n social y una vocaci\u00f3n filantr\u00f3pica, el Programa Happy World se dedica a destinar parte del dinero obtenido con la venta de productos a programas dedicados a la filantrop\u00eda.<br \/>\n<\/span><\/h4>\n<p>El programa Happy World feliz trabaja localizando instituciones necesitadas en diferentes pa\u00edses subdesarrollados y seleccionando la mejor estrategia para dar donaciones. Para esto, el programa cuenta con un canal interactivo en el cual pueda participar quien quiera contribuir dando informaci\u00f3n sobre que instituciones de caridad que ofrecen apoyo en cada \u00e1rea (como comunidades, medio ambiente, animales).<\/p>\n<p>A trav\u00e9s del Programa Happy World, las personas necesitadas se beneficiar\u00e1n de ayuda financiera y de la metodolog\u00eda HDPS (t\u00e9cnicas y conocimiento). Aqu\u00ed la propuesta es ayudar a otros, sean quienes sean, a lograr bienestar en sus vidas mediante su potencial constructivo. Este conocimiento es para todos y la filantrop\u00eda es tambi\u00e9n una oportunidad de conseguir uno de los objetivos de todos los involucrados en HDPS: construir un mundo mejor.\n<\/p><\/div>\n[\/vc_column_text][\/vc_column][vc_column width=\u00bb1\/2&#8243;][vc_single_image image=\u00bb1119&#8243; border_color=\u00bbgrey\u00bb img_link_target=\u00bb_self\u00bb img_size=\u00bb785&#215;808&#8243;][\/vc_column][\/vc_row]","protected":false},"excerpt":{"rendered":"<p>[vc_row][vc_column width=\u00bb1\/2&#8243;][vc_column_text] Siempre comprometidos con la misi\u00f3n social y una vocaci\u00f3n filantr\u00f3pica, el Programa Happy World se dedica a destinar parte del dinero obtenido con la venta de productos a programas dedicados a la filantrop\u00eda. El programa Happy World feliz trabaja localizando instituciones necesitadas en diferentes pa\u00edses<\/p>\n","protected":false},"author":5,"featured_media":0,"parent":0,"menu_order":0,"comment_status":"closed","ping_status":"closed","template":"page-FullWidth.php","meta":{"footnotes":""},"class_list":["post-450","page","type-page","status-publish","hentry"],"_links":{"self":[{"href":"https:\/\/www.happydance.international\/es\/wp-json\/wp\/v2\/pages\/450","targetHints":{"allow":["GET"]}}],"collection":[{"href":"https:\/\/www.happydance.international\/es\/wp-json\/wp\/v2\/pages"}],"about":[{"href":"https:\/\/www.happydance.international\/es\/wp-json\/wp\/v2\/types\/page"}],"author":[{"embeddable":true,"href":"https:\/\/www.happydance.international\/es\/wp-json\/wp\/v2\/users\/5"}],"replies":[{"embeddable":true,"href":"https:\/\/www.happydance.international\/es\/wp-json\/wp\/v2\/comments?post=450"}],"version-history":[{"count":28,"href":"https:\/\/www.happydance.international\/es\/wp-json\/wp\/v2\/pages\/450\/revisions"}],"predecessor-version":[{"id":1473,"href":"https:\/\/www.happydance.international\/es\/wp-json\/wp\/v2\/pages\/450\/revisions\/1473"}],"wp:attachment":[{"href":"https:\/\/www.happydance.international\/es\/wp-json\/wp\/v2\/media?parent=450"}],"curies":[{"name":"wp","href":"https:\/\/api.w.org\/{rel}","templated":true}]}}