{"id":443,"date":"2014-09-24T22:51:37","date_gmt":"2014-09-24T13:51:37","guid":{"rendered":"http:\/\/www.happydance.international\/?page_id=443"},"modified":"2015-10-16T22:33:19","modified_gmt":"2015-10-16T13:33:19","slug":"happy-dance-survivor","status":"publish","type":"page","link":"https:\/\/www.happydance.international\/es\/happy-dance-survivor\/","title":{"rendered":"Happy Dance Survivor"},"content":{"rendered":"[vc_row][vc_column width=\u00bb1\/2&#8243;][vc_column_text]\n<h3 style=\"line-height: 1.5;\">HAPPY DANCE SURVIVOR es una competici\u00f3n que promueve la salud, alegr\u00eda, amistad y diversi\u00f3n usando ejercicio f\u00edsico b\u00e1sico, adem\u00e1s est\u00e1 abierto a todas las edades.<\/h3>\n<div class=\"divider\"><\/div>\n<h5 style=\"line-height: 1.5;\">Cada Competici\u00f3n Happy Survivor es una forma genial de bailar y ser felices juntos. La unidad de todos los participantes es tan importante como dar lo mejor de ti.<br \/>\nA continuaci\u00f3n puedes encontrar las reglas b\u00e1sicas de cada competici\u00f3n:<\/h5>\n\n<ul class=\"list-1\">\n<li>Divisi\u00f3n de las clases: 30 min clase de aerobic \/ 30 min baile latino y samba b\u00e1sica \/ 30 min Hip Hop<\/li>\n<li>Las clases son impartidas por profesorado cualificado y acreditado por Happy Dance Power System<\/li>\n<li>Hay un intervalo de 5 minutos entre clases<\/li>\n<li>Las categor\u00edas son: de 5 a 10 a\u00f1os\/ de 11 a 16 a\u00f1os\/ de 17 a 49 a\u00f1os \/ de 50 a 80 a\u00f1os<\/li>\n<li>Dos jueces son profesores de educaci\u00f3n f\u00edsica y los otros dos jueces son invitados especiales<\/li>\n<li>El criterio art\u00edstico cuenta un 80% y el t\u00e9cnico un 20%<\/li>\n<li>Criterio art\u00edstico: carisma, motivaci\u00f3n, movimiento corporal, musicalidad, comunicaci\u00f3n visual.<\/li>\n<li>Criterio t\u00e9cnico: alineamiento, coordinaci\u00f3n, fuerza, flexibilidad, equilibrio.<\/li>\n<\/ul>\n[\/vc_column_text][\/vc_column][vc_column width=\u00bb1\/2&#8243;]\n[vc_gallery type=\u00bbnivo\u00bb interval=\u00bb3&#8243; images=\u00bb848,849,850,851,852,857,861,860,859,858&#8243; onclick=\u00bblink_image\u00bb custom_links_target=\u00bb_self\u00bb img_size=\u00bb900&#215;600&#8243;][\/vc_column][\/vc_row][vc_row][vc_column width=\u00bb1\/1&#8243;][vc_column_text]\n<p>Tambi\u00e9n damos premios especiales al vestuario m\u00e1s original.<br \/>\nNo hay un c\u00f3digo de vestimenta espec\u00edfico pero por favor considera llevar ropa adecuada que te permita realizar los ejercicios requeridos.<\/p>\n<p>El primer, segundo y tercer puesto reciben un premio en efectivo. El cuarto y quinto puesto recibir\u00e1n regalos por parte de los patrocinadores del evento. La persona mejor vestida recibir\u00e1 tambi\u00e9n un premio por parte de los patrocinadores.<\/p>\n<p style=\"color: #000000;\">&#8212;&#8212;La reglas de la Competici\u00f3n Superviviente Happy Dance fueron creadas por la Asociaci\u00f3n Japonesa de Danca (JDA) y por Happy Dance Power System.<\/p>\n[\/vc_column_text][\/vc_column][\/vc_row]","protected":false},"excerpt":{"rendered":"<p>[vc_row][vc_column width=\u00bb1\/2&#8243;][vc_column_text] HAPPY DANCE SURVIVOR es una competici\u00f3n que promueve la salud, alegr\u00eda, amistad y diversi\u00f3n usando ejercicio f\u00edsico b\u00e1sico, adem\u00e1s est\u00e1 abierto a todas las edades. Cada Competici\u00f3n Happy Survivor es una forma genial de bailar y ser felices juntos. La unidad de todos los participantes<\/p>\n","protected":false},"author":5,"featured_media":0,"parent":0,"menu_order":0,"comment_status":"closed","ping_status":"closed","template":"page-FullWidth.php","meta":{"footnotes":""},"class_list":["post-443","page","type-page","status-publish","hentry"],"_links":{"self":[{"href":"https:\/\/www.happydance.international\/es\/wp-json\/wp\/v2\/pages\/443","targetHints":{"allow":["GET"]}}],"collection":[{"href":"https:\/\/www.happydance.international\/es\/wp-json\/wp\/v2\/pages"}],"about":[{"href":"https:\/\/www.happydance.international\/es\/wp-json\/wp\/v2\/types\/page"}],"author":[{"embeddable":true,"href":"https:\/\/www.happydance.international\/es\/wp-json\/wp\/v2\/users\/5"}],"replies":[{"embeddable":true,"href":"https:\/\/www.happydance.international\/es\/wp-json\/wp\/v2\/comments?post=443"}],"version-history":[{"count":76,"href":"https:\/\/www.happydance.international\/es\/wp-json\/wp\/v2\/pages\/443\/revisions"}],"predecessor-version":[{"id":1471,"href":"https:\/\/www.happydance.international\/es\/wp-json\/wp\/v2\/pages\/443\/revisions\/1471"}],"wp:attachment":[{"href":"https:\/\/www.happydance.international\/es\/wp-json\/wp\/v2\/media?parent=443"}],"curies":[{"name":"wp","href":"https:\/\/api.w.org\/{rel}","templated":true}]}}