{"id":374,"date":"2014-08-22T22:17:30","date_gmt":"2014-08-22T13:17:30","guid":{"rendered":"http:\/\/www.happydance.international\/?page_id=374"},"modified":"2016-08-12T19:32:25","modified_gmt":"2016-08-12T10:32:25","slug":"happy-nutrition","status":"publish","type":"page","link":"https:\/\/www.happydance.international\/es\/happy-nutrition\/","title":{"rendered":"Happy Nutrition"},"content":{"rendered":"[vc_row][vc_column][vc_column_text]\t\t\t<style type=\"text\/css\">\n\t\t\t\t#content-block-background-1980 { background-image: url(http:\/\/www.happydance.international\/wp-content\/uploads\/2014\/09\/food-Background8.jpg); background-position: center top; background-repeat: none; background-color: #eee; background-attachment: fixed; background-size: auto; }\n\t\t\t\t#content-block-body-1980 { padding: 40px 0; color: #333333; }\n\t\t\t\t.content-block-body { margin-left: auto; margin-right: auto; position: relative; }\n\t\t\t<\/style>\n\t\t\t\t\t\t\t<style type=\"text\/css\">\n\t\t\t\t\t#wrapper-1 { overflow-x: hidden; }\n\t\t\t\t\t#content-block-background-1980 { margin: 0 -10000px; padding: 0 10000px; }\n\t\t\t\t<\/style>\n\t\t\t\n\t\t\t\t\t\t<script type=\"text\/javascript\">\n\t\t\t\t\/\/ <![CDATA[\n\t\t\t\tjQuery(document).ready(function($){\n\t\t\t\t\t\"use strict\";\n\t\t\t\t\tif( ! $(\"body\").hasClass( \"mobile-detected\" ) ){\n\t\t\t\t\t\t$(\"#content-block-background-\"+1980).each(function(){\n\t\t\t\t\t\t\tvar $bgobj = $(this); \/\/ Assigning the object.\n\t\t\t\t\t\t\tvar xPos = 'center'; \/\/ x bg position value from the user shortcode.\n\t\t\t\t\t\t\t$(window).scroll(function() {\n\t\t\t\t\t\t\t\tvar yPos = -($(window).scrollTop() \/ 3);\n\t\t\t\t\t\t\t\t\/\/ Put together our final background position.\n\t\t\t\t\t\t\t\tvar coords = xPos+' '+yPos+'px';\n\t\t\t\t\t\t\t\t\/\/ Move the background.\n\t\t\t\t\t\t\t\t$bgobj.css({ backgroundPosition: coords });\n\t\t\t\t\t\t\t});\n\t\t\t\t\t\t});\n\t\t\t\t\t}\n\t\t\t\t});\n\t\t\t\t\/\/ ]]>\n\t\t\t<\/script>\n\t\t\t\n\t\t\t<div class=\"clear\"><\/div>\n\t\t\t<div id=\"content-block-background-1980\" class=\"content-block-background \">\n\t\t\t\t<div id=\"content-block-body-1980\" class=\"content-block-body\">\n\t\t\t\t\t<div class=\"clear\"><\/div>\n\t\t\t\t\t\n<div class=\"custom \" style=\"background:-moz-linear-gradient(center top , #FFFFFF, #EEEEEE) repeat scroll 0 0 transparent;\n\t\t\t\t\t\t   background: -webkit-gradient(linear, center top, center bottom, from(#FFFFFF), to(#EEEEEE));\n\t\t\t\t\t\t   background: -o-linear-gradient(top, #FFFFFF 0%,#EEEEEE 99%); \/* Opera 11.10+ *\/\n\t\t\t\t\t\t   background: -ms-linear-gradient(top, #FFFFFF 0%,#EEEEEE 99%); \/* IE10+ *\/\n\t\t\t\t\t\t   margin-left:0 !important;\n\t\t\t\t\t\t   margin-right:0 !important;\n\t\t\t\t\t\t   border:1px solid #FFFFFF;\n\t\t\t\t\t\t   background-color: #EEEEEE;\n\t\t\t\t\t\t   width:100%;\n\t\t\t\t\t\t   color:#888888;\"><div class=\"inner-padding\">\n<div style=\"text-align: center;\">\n<h4 style=\"margin-bottom: 5px;\"><span style=\"font-size: 36px; color: #fd7800;\">Happy Nutrition &#8211; \u00a1nos encanta la comida!<\/span><\/h4>\n<h5 style=\"margin-bottom: 15px;\"><span style=\"font-size: 20px; color: #777777; line-height: 1.5;\"><br \/>\nHappy Nutrition es parte de Happy Dance Power System y su objetivo es crear una vida equilibrada, feliz y saludable.<br \/>\nSomos lo que comemos, literalmente.<br \/>\n<\/span><\/h5>\n<\/div>\n<div style=\"font-size: 14px; color: #777777; margin-left: 20px; margin-right: 20px; margin-bottom: 10px; &lt;br \/&gt;line-height: 2.0;\">Nuestros cerebros funcionan con el combustible que ponemos en nuestros cuerpos. Cada c\u00e9lula est\u00e1 hecha de los alimentos que comemos y el agua que bebemos. Los malos sentimientos, depresi\u00f3n, baja autoestima, as\u00ed como enfermedades y aumento de peso a menudo est\u00e1n causados por una dieta incorrecta. Happy Nutrition ayuda a las personas con p\u00e9rdida de peso, depresi\u00f3n y problemas de salud relacionados con la dieta, a mejorar el bienestar general, la productividad y encontrar el equilibrio interior. Una vez que tenemos el peso perfecto, estamos en equilibrio y bien nutridos, tambi\u00e9n estamos felices, sanos y podemos vivir nuestra vida al m\u00e1ximo. Nutrici\u00f3n Happy estar\u00e1 disponible mediante folletos y libros electr\u00f3nicos, un canal de YouTube con videos que explican la nutrici\u00f3n, la alimentaci\u00f3n saludable, la preparaci\u00f3n de alimentos, etc. Informaci\u00f3n y consejos sobre alimentaci\u00f3n y salud se encontrar\u00e1n en la p\u00e1gina web de Happy Dance, su p\u00e1gina de Facebook y otras redes sociales.<\/div>\n<\/div><\/div>\t\t\t\t\t<div class=\"clear\"><\/div>\n\t\t\t\t<\/div>\n\t\t\t<\/div>\n\t\t\t<div class=\"clear\"><\/div>\n\t\t\t\t\t\t<style type=\"text\/css\">\n\t\t\t\t#content-block-background-1623 { background-image: url(http:\/\/background_image_goes_here); background-position: center top; background-repeat: yes; background-color: #333; background-attachment: scroll; background-size: auto; }\n\t\t\t\t#content-block-body-1623 { padding: 40px 0; color: #252525; }\n\t\t\t\t.content-block-body { margin-left: auto; margin-right: auto; position: relative; }\n\t\t\t<\/style>\n\t\t\t\t\t\t\t<style type=\"text\/css\">\n\t\t\t\t\t#wrapper-1 { overflow-x: hidden; }\n\t\t\t\t\t#content-block-background-1623 { margin: 0 -10000px; padding: 0 10000px; }\n\t\t\t\t<\/style>\n\t\t\t\n\t\t\t\n\t\t\t<div class=\"clear\"><\/div>\n\t\t\t<div id=\"content-block-background-1623\" class=\"content-block-background \">\n\t\t\t\t<div id=\"content-block-body-1623\" class=\"content-block-body\">\n\t\t\t\t\t<div class=\"clear\"><\/div>\n\t\t\t\t\t\n<div style=\"text-align: center;\">\n<h4 style=\"margin: 20px 0 25px;\"><span style=\"font-size: 36px; color: #eeeeee; line-height: 1.6;\">\u00bfEst\u00e1s luchando por perder o mantener tu peso?<span style=\"color: #f95700;\"><br \/>\n\u00a1Podemos ayudarte!<\/span> <\/span><\/h4>\n<h5 style=\"margin-bottom: 20px;\"><span style=\"font-size: 20px; color: #777777; line-height: 1.6;\">Nuestro equipo de nutricionistas certificados es excelente en la ense\u00f1anza y el asesoramiento de control de peso y en ayudar a mantener un peso saludable a largo plazo. La mayor\u00eda de las dietas de moda son de muy corta duraci\u00f3n y con frecuencia el peso regresa despu\u00e9s de un cierto per\u00edodo de tiempo. Nuestros planes de nutrici\u00f3n son muy eficaces, de larga duraci\u00f3n y tambi\u00e9n mejoran la salud general. Nos centramos en platos deliciosos y que satisfagan y promuevan la p\u00e9rdida de peso y la mejora de salud a largo plazo.<\/span><\/h5>\n<div class=\"align-btn-center\"><a class=\"large custom-button\" href=\"mai&#108;&#116;&#x6f;&#x3a;&#x6e;&#x75;tri&#116;&#105;&#x6f;&#x6e;&#x40;&#x68;app&#121;&#100;&#x61;&#x6e;&#x63;&#x65;.in&#116;&#101;&#x72;&#x6e;&#x61;&#x74;ion&#97;&#108;\" title=\"\u00a1Cont\u00e1ctanos para m\u00e1s informaci\u00f3n!\"><span style=\"background-color:#FF5C00; color:#FFFFFF\">\u00a1Cont\u00e1ctanos para m\u00e1s informaci\u00f3n!<\/span><\/a><\/div>\n<\/div>\n\t\t\t\t\t<div class=\"clear\"><\/div>\n\t\t\t\t<\/div>\n\t\t\t<\/div>\n\t\t\t<div class=\"clear\"><\/div>\n\t\t\t\t\t\t<style type=\"text\/css\">\n\t\t\t\t#content-block-background-1575 { background-image: url(http:\/\/www.happydance.international\/wp-content\/uploads\/2014\/09\/food-Background8.jpg); background-position: center top; background-repeat: none; background-color: #eee; background-attachment: fixed; background-size: auto; }\n\t\t\t\t#content-block-body-1575 { padding: 60px 0 50px; color: #333333; }\n\t\t\t\t.content-block-body { margin-left: auto; margin-right: auto; position: relative; }\n\t\t\t<\/style>\n\t\t\t\t\t\t\t<style type=\"text\/css\">\n\t\t\t\t\t#wrapper-1 { overflow-x: hidden; }\n\t\t\t\t\t#content-block-background-1575 { margin: 0 -10000px; padding: 0 10000px; }\n\t\t\t\t<\/style>\n\t\t\t\n\t\t\t\t\t\t<script type=\"text\/javascript\">\n\t\t\t\t\/\/ <![CDATA[\n\t\t\t\tjQuery(document).ready(function($){\n\t\t\t\t\t\"use strict\";\n\t\t\t\t\tif( ! $(\"body\").hasClass( \"mobile-detected\" ) ){\n\t\t\t\t\t\t$(\"#content-block-background-\"+1575).each(function(){\n\t\t\t\t\t\t\tvar $bgobj = $(this); \/\/ Assigning the object.\n\t\t\t\t\t\t\tvar xPos = 'center'; \/\/ x bg position value from the user shortcode.\n\t\t\t\t\t\t\t$(window).scroll(function() {\n\t\t\t\t\t\t\t\tvar yPos = -($(window).scrollTop() \/ 3);\n\t\t\t\t\t\t\t\t\/\/ Put together our final background position.\n\t\t\t\t\t\t\t\tvar coords = xPos+' '+yPos+'px';\n\t\t\t\t\t\t\t\t\/\/ Move the background.\n\t\t\t\t\t\t\t\t$bgobj.css({ backgroundPosition: coords });\n\t\t\t\t\t\t\t});\n\t\t\t\t\t\t});\n\t\t\t\t\t}\n\t\t\t\t});\n\t\t\t\t\/\/ ]]>\n\t\t\t<\/script>\n\t\t\t\n\t\t\t<div class=\"clear\"><\/div>\n\t\t\t<div id=\"content-block-background-1575\" class=\"content-block-background \">\n\t\t\t\t<div id=\"content-block-body-1575\" class=\"content-block-body\">\n\t\t\t\t\t<div class=\"clear\"><\/div>\n\t\t\t\t\t\n<div class=\"one_third\">\n<div class=\"custom \" style=\"background:-moz-linear-gradient(center top , #FFFFFF, #EEEEEE) repeat scroll 0 0 transparent;\n\t\t\t\t\t\t   background: -webkit-gradient(linear, center top, center bottom, from(#FFFFFF), to(#EEEEEE));\n\t\t\t\t\t\t   background: -o-linear-gradient(top, #FFFFFF 0%,#EEEEEE 99%); \/* Opera 11.10+ *\/\n\t\t\t\t\t\t   background: -ms-linear-gradient(top, #FFFFFF 0%,#EEEEEE 99%); \/* IE10+ *\/\n\t\t\t\t\t\t   margin-left:0 !important;\n\t\t\t\t\t\t   margin-right:0 !important;\n\t\t\t\t\t\t   border:1px solid #FFFFFF;\n\t\t\t\t\t\t   background-color: #EEEEEE;\n\t\t\t\t\t\t   width:100%;\n\t\t\t\t\t\t   color:#888888;\"><div class=\"inner-padding\">\n<div style=\"text-align: center; margin: 0 0 0 0;\">\n<h4 style=\"margin-bottom: 5px;\"><span style=\"font-size: 30px; color: #fd7800;\">Asesoramiento privado<\/span><\/h4>\n<h5 style=\"margin-bottom: 15px;\"><span style=\"font-size: 24px; color: #444444;\">Planes de alimentaci\u00f3n personalizados<\/span><\/h5>\n<\/div>\n<div style=\"text-align: center; margin-bottom: 10px;\">En nuestro programa de Happy Nutrition, personalizamos planes y programas de alimentaci\u00f3n para nuestros clientes. Reg\u00edstrese para obtener una consulta privada hoy con uno de nuestros nutricionistas certificados en l\u00ednea, que le ayudar\u00e1 a alcanzar sus metas y crear una vida feliz y equilibrada.<\/div>\n<div class=\"align-btn-center\"><a class=\" light-round-button\" href=\"&#109;&#x61;i&#x6c;&#x74;&#111;&#x3a;n&#x75;&#x74;&#114;&#x69;t&#x69;&#x6f;&#110;&#x40;h&#x61;&#x70;&#112;&#x79;d&#x61;&#x6e;&#99;&#x65;.&#x69;&#x6e;&#116;&#x65;r&#x6e;&#x61;&#116;&#x69;o&#x6e;&#x61;&#108;\" title=\"\" target=\"_blank\"><span>Cont\u00e1ctenos<\/span><\/a><\/div>\n<\/div><\/div><\/div><div class=\"one_third\">\n<div class=\"custom \" style=\"background:-moz-linear-gradient(center top , #FFFFFF, #EEEEEE) repeat scroll 0 0 transparent;\n\t\t\t\t\t\t   background: -webkit-gradient(linear, center top, center bottom, from(#FFFFFF), to(#EEEEEE));\n\t\t\t\t\t\t   background: -o-linear-gradient(top, #FFFFFF 0%,#EEEEEE 99%); \/* Opera 11.10+ *\/\n\t\t\t\t\t\t   background: -ms-linear-gradient(top, #FFFFFF 0%,#EEEEEE 99%); \/* IE10+ *\/\n\t\t\t\t\t\t   margin-left:0 !important;\n\t\t\t\t\t\t   margin-right:0 !important;\n\t\t\t\t\t\t   border:1px solid #FFFFFF;\n\t\t\t\t\t\t   background-color: #EEEEEE;\n\t\t\t\t\t\t   width:100%;\n\t\t\t\t\t\t   color:#888888;\"><div class=\"inner-padding\">\n<div style=\"text-align: center;\">\n<h4 style=\"margin-bottom: 5px;\"><span style=\"font-size: 30px; color: #fd7800;\">Tu peso ideal<\/span><\/h4>\n<h5 style=\"margin-bottom: 15px;\"><span style=\"font-size: 24px; color: #444444;\">Es posible<\/span><\/h5>\n<\/div>\n<div style=\"text-align: center; margin-bottom: 10px;\">Nuestro programa es perfecto para las personas que quieren perder peso, mejorar el tono muscular y el rendimiento deportivo, mejorar su rendimiento cognitivo en el trabajo, aliviar el estr\u00e9s, mejorar la digesti\u00f3n y eliminar otros problemas relacionados con la dieta y \/ o quieren estar m\u00e1s felices y saludables.<\/div>\n<div class=\"align-btn-center\"><a class=\" light-round-button\" href=\"&#x6d;a&#x69;&#x6c;t&#x6f;&#58;n&#x75;&#116;r&#x69;&#116;i&#x6f;&#110;&#64;&#x68;a&#x70;&#x70;y&#x64;&#x61;n&#x63;&#101;.&#x69;&#110;t&#x65;&#114;n&#x61;&#116;i&#x6f;n&#x61;&#x6c;\" title=\"\" target=\"_blank\"><span>Cont\u00e1ctenos<\/span><\/a><\/div>\n<\/div><\/div><\/div><div class=\"one_third last_column\">\n<div class=\"custom \" style=\"background:-moz-linear-gradient(center top , #FFFFFF, #EEEEEE) repeat scroll 0 0 transparent;\n\t\t\t\t\t\t   background: -webkit-gradient(linear, center top, center bottom, from(#FFFFFF), to(#EEEEEE));\n\t\t\t\t\t\t   background: -o-linear-gradient(top, #FFFFFF 0%,#EEEEEE 99%); \/* Opera 11.10+ *\/\n\t\t\t\t\t\t   background: -ms-linear-gradient(top, #FFFFFF 0%,#EEEEEE 99%); \/* IE10+ *\/\n\t\t\t\t\t\t   margin-left:0 !important;\n\t\t\t\t\t\t   margin-right:0 !important;\n\t\t\t\t\t\t   border:1px solid #FFFFFF;\n\t\t\t\t\t\t   background-color: #EEEEEE;\n\t\t\t\t\t\t   width:100%;\n\t\t\t\t\t\t   color:#888888;\"><div class=\"inner-padding\">\n<div style=\"text-align: center;\">\n<h4 style=\"margin-bottom: 5px;\"><span style=\"font-size: 30px; color: #fd7800;\">Comer sano<\/span><\/h4>\n<h5 style=\"margin-bottom: 15px;\"><span style=\"font-size: 24px; color: #444444;\">Y ahorrar dinero<\/span><\/h5>\n<\/div>\n<div style=\"text-align: center; margin-bottom: 10px;\">\u00bfCuentas con un bajo presupuesto y quieres estar sano? No dudes en ponerte en contacto con nuestro equipo de nutrici\u00f3n happy. Podemos ayudarte a comer m\u00e1s sano y ahorrar dinero al mismo tiempo. A menudo, comer sano puede parecer muy caro, ya que la mayor\u00eda de comida basura es barata. Pero hay un mont\u00f3n de consejos y trucos que podemos ense\u00f1arte para comer sano con bajo presupuesto.<\/div>\n<div class=\"align-btn-center\"><a class=\" light-round-button\" href=\"&#109;&#x61;i&#x6c;t&#x6f;:&#110;&#x75;t&#x72;i&#x74;i&#111;&#x6e;&#64;&#x68;a&#x70;p&#121;&#x64;a&#x6e;c&#x65;.&#105;&#x6e;t&#x65;r&#x6e;a&#116;&#x69;o&#x6e;a&#x6c;\" title=\"\" target=\"_blank\"><span>Cont\u00e1ctenos<\/span><\/a><\/div><\/div><\/div><\/div>\n<div class=\"clear\"><\/div>\n<div style=\"float: left; margin-top: 20px;\"><\/div>\n<div class=\"clear\"><\/div>\n<div class=\"one_third\"><div class=\"custom \" style=\"background:-moz-linear-gradient(center top , #FFFFFF, #EEEEEE) repeat scroll 0 0 transparent;\n\t\t\t\t\t\t   background: -webkit-gradient(linear, center top, center bottom, from(#FFFFFF), to(#EEEEEE));\n\t\t\t\t\t\t   background: -o-linear-gradient(top, #FFFFFF 0%,#EEEEEE 99%); \/* Opera 11.10+ *\/\n\t\t\t\t\t\t   background: -ms-linear-gradient(top, #FFFFFF 0%,#EEEEEE 99%); \/* IE10+ *\/\n\t\t\t\t\t\t   margin-left:0 !important;\n\t\t\t\t\t\t   margin-right:0 !important;\n\t\t\t\t\t\t   border:1px solid #FFFFFF;\n\t\t\t\t\t\t   background-color: #EEEEEE;\n\t\t\t\t\t\t   width:100%;\n\t\t\t\t\t\t   color:#888888;\"><div class=\"inner-padding\">\n<div style=\"text-align: center;\">\n<h4 style=\"margin-bottom: 5px;\"><span style=\"font-size: 30px; color: #fd7800;\">Invierte<\/span><\/h4>\n<h5 style=\"margin-bottom: 15px;\"><span style=\"font-size: 24px; color: #444444;\">\u00a1en ti mismo!<\/span><\/h5>\n<\/div>\n<div style=\"text-align: center; margin-bottom: 10px;\">Una salud perfecta y una larga vida no tienen precio. Invierte un poco de dinero en nuestro programa y tal vez en algo de equipamiento y podr\u00e1s ahorrar dinero a largo plazo. Comer sano resulta en gente sana que necesita pagar menos en sus facturas m\u00e9dicas y que tiene la misma talla de ropa durante mucho tiempo (en ocasiones, toda la vida).<\/div>\n<div class=\"align-btn-center\"><a class=\" light-round-button\" href=\"&#x6d;a&#x69;&#x6c;t&#x6f;&#58;n&#x75;&#116;r&#x69;t&#x69;&#x6f;n&#x40;&#104;a&#x70;&#112;y&#x64;a&#x6e;&#x63;e&#x2e;&#x69;n&#x74;&#101;r&#x6e;&#97;t&#x69;o&#x6e;&#x61;l\" title=\"\" target=\"_blank\"><span>Cont\u00e1ctenos<\/span><\/a><\/div>\n<\/div><\/div><\/div><div class=\"one_third\"><div class=\"custom \" style=\"background:-moz-linear-gradient(center top , #FFFFFF, #EEEEEE) repeat scroll 0 0 transparent;\n\t\t\t\t\t\t   background: -webkit-gradient(linear, center top, center bottom, from(#FFFFFF), to(#EEEEEE));\n\t\t\t\t\t\t   background: -o-linear-gradient(top, #FFFFFF 0%,#EEEEEE 99%); \/* Opera 11.10+ *\/\n\t\t\t\t\t\t   background: -ms-linear-gradient(top, #FFFFFF 0%,#EEEEEE 99%); \/* IE10+ *\/\n\t\t\t\t\t\t   margin-left:0 !important;\n\t\t\t\t\t\t   margin-right:0 !important;\n\t\t\t\t\t\t   border:1px solid #FFFFFF;\n\t\t\t\t\t\t   background-color: #EEEEEE;\n\t\t\t\t\t\t   width:100%;\n\t\t\t\t\t\t   color:#888888;\"><div class=\"inner-padding\">\n<div style=\"text-align: center;\">\n<h4 style=\"margin-bottom: 5px;\"><span style=\"font-size: 30px; color: #fd7800;\">Pre y postnatal<\/span><\/h4>\n<h5 style=\"margin-bottom: 15px;\"><span style=\"font-size: 24px; color: #444444;\">Planes alimenticios<\/span><\/h5>\n<\/div>\n<div style=\"text-align: center; margin-bottom: 10px;\">\u00bfNecesitas un plan de alimentaci\u00f3n pre y postnatal? Podemos ayudarte. Nuestro equipo altamente cualificado est\u00e1 ayudando a mujeres embarazadas y madres de todo el mundo para asegurar un beb\u00e9 y una madre saludables as\u00ed como a ponerse en forma despu\u00e9s del nacimiento del beb\u00e9, sin privar a la madre y al beb\u00e9 de los nutrientes importantes que son necesarios para el embarazo y la lactancia.<\/div>\n<div class=\"align-btn-center\"><a class=\" light-round-button\" href=\"mailto:nu&#116;&#114;&#105;&#116;&#x69;&#x6f;&#x6e;&#x40;&#x68;&#x61;&#x70;&#x70;&#x79;&#x64;&#x61;&#x6e;ce.intern&#97;&#116;&#105;&#111;&#x6e;&#x61;&#x6c;\" title=\"\" target=\"_blank\"><span>Cont\u00e1ctenos<\/span><\/a><\/div><\/div><\/div><\/div><div class=\"one_third last_column\">\n<div class=\"custom \" style=\"background:-moz-linear-gradient(center top , #FFFFFF, #EEEEEE) repeat scroll 0 0 transparent;\n\t\t\t\t\t\t   background: -webkit-gradient(linear, center top, center bottom, from(#FFFFFF), to(#EEEEEE));\n\t\t\t\t\t\t   background: -o-linear-gradient(top, #FFFFFF 0%,#EEEEEE 99%); \/* Opera 11.10+ *\/\n\t\t\t\t\t\t   background: -ms-linear-gradient(top, #FFFFFF 0%,#EEEEEE 99%); \/* IE10+ *\/\n\t\t\t\t\t\t   margin-left:0 !important;\n\t\t\t\t\t\t   margin-right:0 !important;\n\t\t\t\t\t\t   border:1px solid #FFFFFF;\n\t\t\t\t\t\t   background-color: #EEEEEE;\n\t\t\t\t\t\t   width:100%;\n\t\t\t\t\t\t   color:#888888;\"><div class=\"inner-padding\">\n<div style=\"text-align: center;\">\n<h4 style=\"margin-bottom: 5px;\"><span style=\"font-size: 30px; color: #fd7800;\">Obs\u00e9quiate a ti mismo<\/span><\/h4>\n<h5 style=\"margin-bottom: 15px;\"><span style=\"font-size: 24px; color: #444444;\">Para una gran piel<\/span><\/h5>\n<\/div>\n<div style=\"text-align: center; margin-bottom: 10px;\">\u00bfEst\u00e1s luchando con problemas de piel, acn\u00e9 o cabello y u\u00f1as quebradizas? Podemos ayudarte. Mala piel y cabello y u\u00f1as quebradizas son a menudo el resultado de una dieta incorrecta. Nuestro equipo calificado puede ayudarle a crear un programa de nutrici\u00f3n que le permitir\u00e1 brillar desde adentro hacia afuera.<\/div>\n<div class=\"align-btn-center\"><a class=\" light-round-button\" href=\"m&#97;&#x69;&#x6c;to&#58;&#x6e;&#x75;tr&#105;&#x74;&#x69;on&#x40;&#x68;&#x61;p&#112;&#x79;&#x64;an&#99;&#x65;&#x2e;in&#116;&#x65;&#x72;na&#x74;&#x69;&#x6f;n&#97;&#x6c;\" title=\"\" target=\"_blank\"><span>Cont\u00e1ctenos<\/span><\/a><\/div>\n<\/div><\/div><\/div>\t\t\t\t\t<div class=\"clear\"><\/div>\n\t\t\t\t<\/div>\n\t\t\t<\/div>\n\t\t\t<div class=\"clear\"><\/div>\n\t\t\t\n<div class=\"two_third\">\n<h4 style=\"margin-bottom: 10px; margin-top: 35px;\"><span style=\"font-size: 20px; color: #777777;\">Conoce a Kristina, nuestra nutricionista principal y la fundadora de feliz Nutrici\u00f3n<\/span><\/h4>\n<p>Kristina Dos Santos es una experta en ejercicio, Profesora de Yoga y nutricionista certificada. Kristina naci\u00f3 en 1980 en Wiesbaden, Alemania. Se traslad\u00f3 a Tokio, Jap\u00f3n, en 2002 y se convirti\u00f3 en una profesora de yoga en 2004.<\/p>\n<p>Dando clases de ejercicio p\u00fablico y privado durante varios a\u00f1os, Kristina se dio cuenta de que convertirse en una especialista en nutrici\u00f3n ser\u00eda un a\u00f1adido maravilloso a su profesi\u00f3n actual, con el fin de dar un servicio completo a los clientes que consista tanto en el ejercicio, as\u00ed como consejos de nutrici\u00f3n.<\/p>\n<p>En 2011 Kristina comenz\u00f3 a estudiar Nutrici\u00f3n. Tiene una Diplomatura en Nutrici\u00f3n con Distinci\u00f3n por el Instituto de Curaci\u00f3n Natural (Institute of Natural Healing) y ostenta el t\u00edtulo\u037e Dip. N (Inst. NH). Adem\u00e1s, Kristina obtuvo un certificado en nutrici\u00f3n basada en plantas por la Universidad eCornell en 2013. Kristina cre\u00f3 el programa Happy Nutrition bas\u00e1ndose en la experiencia obtenida mientras ayudaba a sus clientes a alcanzar las metas deseadas, tales como lograr su peso ideal, creando programas de nutrici\u00f3n pre y postnatales, mejorando el bienestar general de bienestar y felicidad.<br \/>\n<\/div>\n<div class=\"one_third last_column\">\n<img loading=\"lazy\" decoding=\"async\" class=\"alignnone size-full wp-image-1391\" src=\"https:\/\/www.happydance.international\/wp-content\/uploads\/2015\/09\/Kristina2.jpg\" alt=\"Kristina2\" width=\"400\" height=\"364\" srcset=\"https:\/\/www.happydance.international\/wp-content\/uploads\/2015\/09\/Kristina2.jpg 400w, https:\/\/www.happydance.international\/wp-content\/uploads\/2015\/09\/Kristina2-300x273.jpg 300w\" sizes=\"auto, (max-width: 400px) 100vw, 400px\" \/><\/p>\n<blockquote><p>\u00a1Ser positivo y feliz es la clave para alcanzar tus metas!<\/p><\/blockquote>\n<div style=\"float: right; text-align: right; font-style: normal; font-weight: bold;\">&#8211; Kristina Dos Santos<br \/>\nCreadora y nutriciuonista principal de Happy Nutrition<\/div>\n<\/div>[\/vc_column_text][\/vc_column][\/vc_row]","protected":false},"excerpt":{"rendered":"<p>[vc_row][vc_column][vc_column_text] [\/vc_column_text][\/vc_column][\/vc_row]<\/p>\n","protected":false},"author":5,"featured_media":0,"parent":0,"menu_order":0,"comment_status":"closed","ping_status":"closed","template":"page-FullWidth.php","meta":{"footnotes":""},"class_list":["post-374","page","type-page","status-publish","hentry"],"_links":{"self":[{"href":"https:\/\/www.happydance.international\/es\/wp-json\/wp\/v2\/pages\/374","targetHints":{"allow":["GET"]}}],"collection":[{"href":"https:\/\/www.happydance.international\/es\/wp-json\/wp\/v2\/pages"}],"about":[{"href":"https:\/\/www.happydance.international\/es\/wp-json\/wp\/v2\/types\/page"}],"author":[{"embeddable":true,"href":"https:\/\/www.happydance.international\/es\/wp-json\/wp\/v2\/users\/5"}],"replies":[{"embeddable":true,"href":"https:\/\/www.happydance.international\/es\/wp-json\/wp\/v2\/comments?post=374"}],"version-history":[{"count":139,"href":"https:\/\/www.happydance.international\/es\/wp-json\/wp\/v2\/pages\/374\/revisions"}],"predecessor-version":[{"id":1631,"href":"https:\/\/www.happydance.international\/es\/wp-json\/wp\/v2\/pages\/374\/revisions\/1631"}],"wp:attachment":[{"href":"https:\/\/www.happydance.international\/es\/wp-json\/wp\/v2\/media?parent=374"}],"curies":[{"name":"wp","href":"https:\/\/api.w.org\/{rel}","templated":true}]}}