{"id":275,"date":"2014-08-04T23:31:18","date_gmt":"2014-08-04T14:31:18","guid":{"rendered":"http:\/\/www.happydance.international\/?page_id=275"},"modified":"2015-10-16T22:38:08","modified_gmt":"2015-10-16T13:38:08","slug":"happy-kids","status":"publish","type":"page","link":"https:\/\/www.happydance.international\/es\/happy-kids\/","title":{"rendered":"Happy Kids"},"content":{"rendered":"[vc_row][vc_column width=\u00bb1\/1&#8243;][vc_column_text]\n\t\t\t<style type=\"text\/css\">\n\t\t\t\t#content-block-background-1390 { background-image: url(http:\/\/www.happydance.international\/happydance_images\/statichappydanceimage.jpg); background-position: center bottom; background-repeat: no-repeat; background-color: #24292E; background-attachment: fixed; background-size: auto; }\n\t\t\t\t#content-block-body-1390 { padding: 50px 0 55px; color: #EEEEEE; }\n\t\t\t\t.content-block-body { margin-left: auto; margin-right: auto; position: relative; }\n\t\t\t<\/style>\n\t\t\t\t\t\t\t<style type=\"text\/css\">\n\t\t\t\t\t#wrapper-1 { overflow-x: hidden; }\n\t\t\t\t\t#content-block-background-1390 { margin: 0 -10000px; padding: 0 10000px; }\n\t\t\t\t<\/style>\n\t\t\t\n\t\t\t\n\t\t\t<div class=\"clear\"><\/div>\n\t\t\t<div id=\"content-block-background-1390\" class=\"content-block-background \">\n\t\t\t\t<div id=\"content-block-body-1390\" class=\"content-block-body\">\n\t\t\t\t\t<div class=\"clear\"><\/div>\n\t\t\t\t\t\n<div style=\"text-align: center;\">\n<h4 style=\"margin-bottom: 20px;\"><span style=\"font-size: 24px; color: #fff; line-height: 1.6;\">El programa HAPPY KIDS trabaja directamente con ni\u00f1os de 2 a 16 a\u00f1os. Proporcionar\u00e1 una variedad de servicios como consejo visual, fitness familiar, videos de danca infantil, recursos apropiados para la edad, entrenamiento parental, eventos y actividades recreativas como dibujar y leer.<\/span><\/h4>\n<\/div>\n\t\t\t\t\t<div class=\"clear\"><\/div>\n\t\t\t\t<\/div>\n\t\t\t<\/div>\n\t\t\t<div class=\"clear\"><\/div>\n\t\t\t\n[\/vc_column_text][vc_separator color=\u00bbgrey\u00bb][vc_single_image border_color=\u00bbgrey\u00bb img_link_target=\u00bb_self\u00bb image=\u00bb1174&#8243; img_size=\u00bbfull\u00bb alignment=\u00bbcenter\u00bb][vc_separator color=\u00bbgrey\u00bb][\/vc_column][\/vc_row][vc_row][vc_column][vc_column_text]\n[\/vc_column_text][\/vc_column][\/vc_row][vc_row][vc_column width=\u00bb1\/2&#8243;][vc_column_text]\n<div style=\"text-align: justify; margin-bottom: 10px; font-size: 16px;\"><span class=\"dropcap\"><span style=\"font-size: 46px; margin-top: 10px;\">L<\/span><\/span>a forma en la que construimos la mente, el cuerpo y la nutrici\u00f3n de nuestros ni\u00f1os tiene una gran influencia a lo largo de toda su vida. Actualmente los ni\u00f1os obtienen gran cantidad de informaci\u00f3n de la televisi\u00f3n, internet, juegos, familia y amigos. Necesitamos aprender como guiar a nuestros ni\u00f1os en el camino que mejor los prepare para la vida adulta, a la vez que les damos la oportunidad de aprender que la vida es un regalo maravilloso \u00a1y un pu\u00f1ado de diversi\u00f3n!<\/div>\n[\/vc_column_text][\/vc_column][vc_column width=\u00bb1\/2&#8243;][vc_column_text]\n<div style=\"text-align: left; margin-bottom: 10px; font-size: 16px;\"><b>El programa Happy Kids consiste en los siguientes tipos de formaci\u00f3n:<\/b><br \/>\n\n<ul class=\"list-1\">\n<li>formaci\u00f3n de danza libre din\u00e1mica<\/li>\n<li>entrenamiento vocal y confianza<\/li>\n<li>entrenamiento mental para aprender c\u00f3mo lidiar con situaciones cotidianas<\/li>\n<li>entrenamiento b\u00e1sico de la postura corporal<\/li>\n<li>ejercicios de danza creativa para mejorar la coordinaci\u00f3n y la creatividad<\/li>\n<\/ul>\n<\/div>\n[\/vc_column_text][\/vc_column][\/vc_row][vc_row][vc_column][vc_column_text]\n\t\t\t<style type=\"text\/css\">\n\t\t\t\t#content-block-background-1015 { background-image: url(http:\/\/www.happydance.international\/wp-content\/uploads\/2014\/10\/happy_Kids_Background3.jpg); background-position: right top; background-repeat: yes; background-color: #FD7800; background-attachment: fixed; background-size: auto; }\n\t\t\t\t#content-block-body-1015 { padding: 30px 0; color: #000000; }\n\t\t\t\t.content-block-body { margin-left: auto; margin-right: auto; position: relative; }\n\t\t\t<\/style>\n\t\t\t\t\t\t\t<style type=\"text\/css\">\n\t\t\t\t\t#wrapper-1 { overflow-x: hidden; }\n\t\t\t\t\t#content-block-background-1015 { margin: 0 -10000px; padding: 0 10000px; }\n\t\t\t\t<\/style>\n\t\t\t\n\t\t\t\n\t\t\t<div class=\"clear\"><\/div>\n\t\t\t<div id=\"content-block-background-1015\" class=\"content-block-background \">\n\t\t\t\t<div id=\"content-block-body-1015\" class=\"content-block-body\">\n\t\t\t\t\t<div class=\"clear\"><\/div>\n\t\t\t\t\t\n<h3 style=\"text-align: center; display: inline-block; margin: 5px 0; font-size: 35px !important; line-height: 1.2; color: #000000;\">Responsabilidad Happy Kids<\/h3>\n\t\t\t\t\t<div class=\"clear\"><\/div>\n\t\t\t\t<\/div>\n\t\t\t<\/div>\n\t\t\t<div class=\"clear\"><\/div>\n\t\t\t\n[\/vc_column_text][\/vc_column][\/vc_row][vc_row][vc_column width=\u00bb1\/1&#8243; el_class=\u00bbsmaller-text\u00bb][vc_text_separator title_align=\u00bbseparator_align_center\u00bb color=\u00bbgrey\u00bb][vc_column_text]\n<p style=\"font-size: 16px; line-height: 1.6;\">El programa Happy Kids es asistido por profesionales que ofrecer\u00e1n a los instructores de Happy Kids el conocimiento suficiente y la habilidad de ser capaces de trabajar con ni\u00f1os. Trabajar con ni\u00f1os es una gran responsabilidad y depende de nosotros ofrecer la informaci\u00f3n adecuada a las generaciones m\u00e1s j\u00f3venes. Los instructores realizar\u00e1n un curso b\u00e1sico de Happy Kids y luego se evaluar\u00e1n sus capacidades, habilidades y cualidades de liderazgo para ser competentes a la hora de trabajar con ni\u00f1os, de acuerdo con las leyes de los pa\u00edses donde se d\u00e9 el curso Happy Kids.<\/p>\n<p style=\"font-size: 16px; line-height: 1.6;\">Happy Kids ayudar\u00e1 a tus hijos a ser m\u00e1s maduros, seguros de s\u00ed mismos, autodidactas que desarrollar\u00e1n un fuerte sentido de la autoestima, capacit\u00e1ndoles para tomar decisiones positivas en sus vidas.\n<\/p>\n[\/vc_column_text][\/vc_column][\/vc_row]","protected":false},"excerpt":{"rendered":"<p>[vc_row][vc_column width=\u00bb1\/1&#8243;][vc_column_text] [\/vc_column_text][vc_separator color=\u00bbgrey\u00bb][vc_single_image border_color=\u00bbgrey\u00bb img_link_target=\u00bb_self\u00bb image=\u00bb1174&#8243; img_size=\u00bbfull\u00bb alignment=\u00bbcenter\u00bb][vc_separator color=\u00bbgrey\u00bb][\/vc_column][\/vc_row][vc_row][vc_column][vc_column_text] [\/vc_column_text][\/vc_column][\/vc_row][vc_row][vc_column width=\u00bb1\/2&#8243;][vc_column_text] a forma en la que construimos la mente, el cuerpo y la nutrici\u00f3n de nuestros ni\u00f1os tiene una gran influencia a lo largo de toda su vida. Actualmente los ni\u00f1os obtienen gran cantidad de informaci\u00f3n<\/p>\n","protected":false},"author":5,"featured_media":0,"parent":0,"menu_order":0,"comment_status":"closed","ping_status":"closed","template":"page-FullWidth.php","meta":{"footnotes":""},"class_list":["post-275","page","type-page","status-publish","hentry"],"_links":{"self":[{"href":"https:\/\/www.happydance.international\/es\/wp-json\/wp\/v2\/pages\/275","targetHints":{"allow":["GET"]}}],"collection":[{"href":"https:\/\/www.happydance.international\/es\/wp-json\/wp\/v2\/pages"}],"about":[{"href":"https:\/\/www.happydance.international\/es\/wp-json\/wp\/v2\/types\/page"}],"author":[{"embeddable":true,"href":"https:\/\/www.happydance.international\/es\/wp-json\/wp\/v2\/users\/5"}],"replies":[{"embeddable":true,"href":"https:\/\/www.happydance.international\/es\/wp-json\/wp\/v2\/comments?post=275"}],"version-history":[{"count":57,"href":"https:\/\/www.happydance.international\/es\/wp-json\/wp\/v2\/pages\/275\/revisions"}],"predecessor-version":[{"id":1472,"href":"https:\/\/www.happydance.international\/es\/wp-json\/wp\/v2\/pages\/275\/revisions\/1472"}],"wp:attachment":[{"href":"https:\/\/www.happydance.international\/es\/wp-json\/wp\/v2\/media?parent=275"}],"curies":[{"name":"wp","href":"https:\/\/api.w.org\/{rel}","templated":true}]}}