{"id":1229,"date":"2015-07-27T21:10:41","date_gmt":"2015-07-27T12:10:41","guid":{"rendered":"http:\/\/www.happydance.international\/?page_id=1229"},"modified":"2016-10-11T19:16:34","modified_gmt":"2016-10-11T10:16:34","slug":"opportunities","status":"publish","type":"page","link":"https:\/\/www.happydance.international\/es\/opportunities\/","title":{"rendered":"Oportunidades"},"content":{"rendered":"[vc_row el_id=\u00bbrcorners\u00bb css=\u00bb.vc_custom_1438939743490{background-position: 0 0 !important;background-repeat: repeat !important;}\u00bb][vc_column width=\u00bb1\/1&#8243;][vc_row_inner][vc_column_inner el_class=\u00bb\u00bb width=\u00bb1\/2&#8243;][vc_column_text]\n<div style=\"font-size: 1.7em;\">\n<h2 style=\"text-align: center; color: #ffffff!important; font-family: Oswald; font-weight: 100;\">S\u00c9 MIEMBRO DE LA FAMILIA<\/h2>\n<\/div>\n<div style=\"font-size: 2.4em;\">\n<h1 style=\"text-align: center; color: #ffff01!important; font-family: Oswald; font-weight: 900; line-height: 0.5em; font-stretch: ultra-expanded;\">HAPPY DANCE<\/h1>\n<\/div>\n<div style=\"font-size: 1.4em;\">\n<h3 style=\"color: #ffffff ! important; font-family: Oswald; font-weight: 400; line-height: 0.6em; font-stretch: ultra-expanded; text-align: center;\">POWER SYSTEM<\/h3>\n<\/div>\n[\/vc_column_text][\/vc_column_inner][vc_column_inner el_class=\u00bb\u00bb width=\u00bb1\/2&#8243;][vc_column_text]\n<div style=\"font-size: 1.4em;\">\n<h2 style=\"margin-top: 10%; text-align: center; color: #ffffff!important; font-family: Oswald; font-weight: 300; line-height: 0.5em; font-stretch: ultra-expanded;\">Oportunidad de inversi\u00f3n<\/h2>\n<h2 style=\"text-align: center; color: #ffffff!important;\">2016-2017<\/h2>\n<\/div>\n[\/vc_column_text][\/vc_column_inner][\/vc_row_inner][vc_single_image image=\u00bb1337&#8243; alignment=\u00bbcenter\u00bb border_color=\u00bbgrey\u00bb img_link_large=\u00bb\u00bb img_link_target=\u00bb_self\u00bb img_size=\u00bbfull\u00bb el_class=\u00bb.rcorners_picture\u00bb][vc_empty_space height=\u00bb32px\u00bb][vc_row_inner el_id=\u00bbrcorners_white\u00bb css=\u00bb.vc_custom_1438957142398{margin-right: 20px !important;margin-bottom: 30px !important;margin-left: 20px !important;border-bottom-width: 10px !important;padding-top: 10px !important;}\u00bb][vc_column_inner el_class=\u00bb\u00bb width=\u00bb1\/1&#8243;][vc_column_text]\n<h2 style=\"text-align: center; font-size: 2em;\">OBT\u00c9N M\u00c1S INFORMACI\u00d3N SOBRE OPORTUNIDADES DE INVERSI\u00d3N DE HAPPY DANCE P.S. ESTADOS UNIDOS<\/h2>\n<h3 style=\"font-size: 1.7em; line-height: 1.7em; text-align: center;\">Hablamos <span style=\"color: #ff0000;\">Portugu\u00e9s<\/span>, <span style=\"color: #ff0000;\">Ingl\u00e9s<\/span> y <span style=\"color: #ff0000;\">Espa\u00f1ol<\/span>.<br \/>\nS\u00f3lo tienes que enviar un mensaje a uno de los siguientes e-mails, y estaremos m\u00e1s que encantados de ayudarte:<\/h3>\n[\/vc_column_text][\/vc_column_inner][vc_column_inner width=\u00bb1\/2&#8243; css=\u00bb.vc_custom_1438941412023{margin-top: 20px !important;}\u00bb][vc_column_text]\n<h3 style=\"text-align: center; font-weight: 100; font-size: 1.7em;\">Presente en 22 pa\u00edses<\/h3>\n[\/vc_column_text][vc_single_image image=\u00bb1340&#8243; border_color=\u00bbgrey\u00bb img_link_large=\u00bb\u00bb img_link_target=\u00bb_self\u00bb img_size=\u00bbfull\u00bb][vc_column_text]\n<p style=\"text-align: center; font-size: 1.5em;\"><strong><a style=\"color: #ff0000;\" href=\"https:\/\/www.happydance.international\">www.happydance.international<\/a><\/strong><\/p>\n[\/vc_column_text][\/vc_column_inner][vc_column_inner width=\u00bb1\/2&#8243;][vc_column_text]\n<div style=\"margin-top: 15%; font-size: 1.5em; font-family: Oswald;\">\n<p><strong><span style=\"text-decoration: underline;\">INVERSORES<\/span><\/strong> <em>(Hazte representante Happy Dance PS en tu \u00e1rea)<\/em><br \/>\n<span style=\"color: #ff0000;\">E-Mail: <a style=\"color: #ff0000;\" href=\"ma&#105;&#x6c;&#x74;&#x6f;:ma&#114;&#x6b;&#x65;&#x74;in&#103;&#64;&#x68;&#x61;&#x70;py&#100;&#x61;&#x6e;&#x63;e.i&#110;&#x74;&#x65;&#x72;na&#116;&#105;&#x6f;&#x6e;&#x61;l\">mark&#101;&#116;&#x69;&#x6e;&#x67;&#x40;&#x68;&#x61;ppyda&#110;&#99;&#x65;&#x2e;&#x69;&#x6e;&#x74;&#x65;rnat&#105;&#111;&#x6e;&#x61;&#x6c;<\/a><\/span><\/p>\n<p><strong><span style=\"text-decoration: underline;\">VENTAS<\/span><\/strong> <em>(Convi\u00e9rtete en un agente certificado) :<\/em><br \/>\n<span style=\"color: #ff0000;\">E-Mail: <a style=\"color: #ff0000;\" href=\"&#x6d;a&#x69;l&#x74;&#111;:&#x73;a&#x6c;e&#x73;&#64;h&#x61;p&#x70;&#121;d&#x61;n&#x63;e&#x2e;&#105;n&#x74;e&#x72;&#110;&#x61;&#x74;i&#x6f;n&#x61;&#108;\">sa&#108;&#x65;&#x73;&#64;ha&#112;&#x70;&#x79;dan&#99;&#x65;&#x2e;in&#116;&#x65;&#x72;&#x6e;at&#105;&#x6f;&#x6e;&#x61;l<\/a><\/span><\/p>\n<p><strong><span style=\"text-decoration: underline;\">PATROCINADORES<\/span><\/strong> <em>(contribuya a los eventos)<\/em><br \/>\n<span style=\"color: #ff0000;\">E-Mail: <a style=\"color: #ff0000;\" href=\"&#109;&#x61;i&#x6c;t&#x6f;:&#x73;p&#111;&#x6e;&#115;&#x6f;r&#x40;h&#x61;p&#112;&#x79;&#100;&#x61;n&#x63;e&#x2e;i&#x6e;t&#101;&#x72;&#110;&#x61;t&#x69;o&#x6e;a&#108;\">s&#112;&#x6f;&#x6e;so&#x72;&#x40;ha&#112;&#x70;&#x79;d&#97;&#x6e;&#x63;e.&#x69;&#x6e;te&#114;&#x6e;&#x61;t&#105;&#x6f;&#x6e;al<\/a><\/span><\/p>\n<\/div>\n[\/vc_column_text][\/vc_column_inner][\/vc_row_inner][\/vc_column][\/vc_row]","protected":false},"excerpt":{"rendered":"<p>[vc_row el_id=\u00bbrcorners\u00bb css=\u00bb.vc_custom_1438939743490{background-position: 0 0 !important;background-repeat: repeat !important;}\u00bb][vc_column width=\u00bb1\/1&#8243;][vc_row_inner][vc_column_inner el_class=\u00bb\u00bb width=\u00bb1\/2&#8243;][vc_column_text] S\u00c9 MIEMBRO DE LA FAMILIA HAPPY DANCE POWER SYSTEM [\/vc_column_text][\/vc_column_inner][vc_column_inner el_class=\u00bb\u00bb width=\u00bb1\/2&#8243;][vc_column_text] Oportunidad de inversi\u00f3n 2016-2017 [\/vc_column_text][\/vc_column_inner][\/vc_row_inner][vc_single_image image=\u00bb1337&#8243; alignment=\u00bbcenter\u00bb border_color=\u00bbgrey\u00bb img_link_large=\u00bb\u00bb img_link_target=\u00bb_self\u00bb img_size=\u00bbfull\u00bb el_class=\u00bb.rcorners_picture\u00bb][vc_empty_space height=\u00bb32px\u00bb][vc_row_inner el_id=\u00bbrcorners_white\u00bb css=\u00bb.vc_custom_1438957142398{margin-right: 20px !important;margin-bottom: 30px !important;margin-left: 20px !important;border-bottom-width: 10px !important;padding-top: 10px<\/p>\n","protected":false},"author":5,"featured_media":0,"parent":0,"menu_order":0,"comment_status":"closed","ping_status":"closed","template":"page-FullWidth.php","meta":{"footnotes":""},"class_list":["post-1229","page","type-page","status-publish","hentry"],"_links":{"self":[{"href":"https:\/\/www.happydance.international\/es\/wp-json\/wp\/v2\/pages\/1229","targetHints":{"allow":["GET"]}}],"collection":[{"href":"https:\/\/www.happydance.international\/es\/wp-json\/wp\/v2\/pages"}],"about":[{"href":"https:\/\/www.happydance.international\/es\/wp-json\/wp\/v2\/types\/page"}],"author":[{"embeddable":true,"href":"https:\/\/www.happydance.international\/es\/wp-json\/wp\/v2\/users\/5"}],"replies":[{"embeddable":true,"href":"https:\/\/www.happydance.international\/es\/wp-json\/wp\/v2\/comments?post=1229"}],"version-history":[{"count":30,"href":"https:\/\/www.happydance.international\/es\/wp-json\/wp\/v2\/pages\/1229\/revisions"}],"predecessor-version":[{"id":1635,"href":"https:\/\/www.happydance.international\/es\/wp-json\/wp\/v2\/pages\/1229\/revisions\/1635"}],"wp:attachment":[{"href":"https:\/\/www.happydance.international\/es\/wp-json\/wp\/v2\/media?parent=1229"}],"curies":[{"name":"wp","href":"https:\/\/api.w.org\/{rel}","templated":true}]}}