{"id":116,"date":"2014-06-25T23:33:44","date_gmt":"2014-06-25T14:33:44","guid":{"rendered":"http:\/\/www.happydance.international\/?page_id=116"},"modified":"2016-08-10T23:26:59","modified_gmt":"2016-08-10T14:26:59","slug":"happy-dance-instructor","status":"publish","type":"page","link":"https:\/\/www.happydance.international\/es\/happy-dance-instructor\/","title":{"rendered":"INSTRUCTOR HAPPY DANCE"},"content":{"rendered":"<div class=\"one_fourth\">\n<img loading=\"lazy\" decoding=\"async\" class=\"alignnone wp-image-1325 size-full\" src=\"https:\/\/www.happydance.international\/wp-content\/uploads\/2015\/08\/dancer-02_small.png\" width=\"400\" height=\"561\" srcset=\"https:\/\/www.happydance.international\/wp-content\/uploads\/2015\/08\/dancer-02_small.png 400w, https:\/\/www.happydance.international\/wp-content\/uploads\/2015\/08\/dancer-02_small-214x300.png 214w\" sizes=\"auto, (max-width: 400px) 100vw, 400px\" \/><br \/>\n<\/div>\n<div class=\"one_half\">\n<p class=\"triangle-right left\" style=\"float: left; font-size: 20px; line-height: 1.5; top: -20px; left: -20px;\">\u00bfEst\u00e1s interesado en difundir la felicidad por el mundo? \u00a1Convi\u00e9rtete en un instructor Happy Dance y ense\u00f1a a otros como la felicidad proviene de bailar juntos! Hay tres niveles de instructores Happy Dance los cuales puedes ver a continuaci\u00f3n:<\/p>\n<\/div>\n<div class=\"one_fourth last_column\"><\/div>\n<div class=\"clear\"><\/div>\n<div class=\"one_third\">\n<div style=\"margin-top: 30px;\">\n<div style=\"float: left; text-align: center;\">\n<h3><a title=\"Bronze instructor\" href=\"http:\/\/www.happydance.international\/bronze-instructor\/\"><img loading=\"lazy\" decoding=\"async\" class=\"alignnone size-full wp-image-1610\" src=\"https:\/\/www.happydance.international\/wp-content\/uploads\/2014\/06\/HD-CERT-PRINT-master-with-trademark-bronze.png\" alt=\"HD CERT PRINT master with trademark-bronze\" width=\"600\" height=\"431\" srcset=\"https:\/\/www.happydance.international\/wp-content\/uploads\/2014\/06\/HD-CERT-PRINT-master-with-trademark-bronze.png 600w, https:\/\/www.happydance.international\/wp-content\/uploads\/2014\/06\/HD-CERT-PRINT-master-with-trademark-bronze-300x216.png 300w\" sizes=\"auto, (max-width: 600px) 100vw, 600px\" \/><\/a><\/h3>\n<h3><a title=\"Bronze instructor\" href=\"http:\/\/www.happydance.international\/bronze-instructor\/\">Instructor Bronce<\/a><\/h3>\n<p style=\"float: left; text-align: center;\">Como un instructor Bronce ser\u00e1s introducido en todos los detalles importantes de Happy Dance Power System. Podr\u00e1s dar clases Happy Dance a personas en nivel principiante del programa Happy Fitness. Los estilos de baile y ejercicios incluidos en las clases Happy Dance que dar\u00e1s son:<br \/>\nHappy Hip Hop o Happy Samba Latina o Clases Aero Happy.<\/p>\n<\/div>\n<\/div>\n<\/div>\n<div class=\"one_third\">\n<div style=\"margin-top: 30px;\">\n<div style=\"float: left; text-align: center;\">\n<h3><a title=\"Silver instructor\" href=\"http:\/\/www.happydance.international\/silver-instructor\/\"><img loading=\"lazy\" decoding=\"async\" class=\"alignnone size-full wp-image-1612\" src=\"https:\/\/www.happydance.international\/wp-content\/uploads\/2014\/06\/HD-CERT-PRINT-master-with-trademark-silver.png\" alt=\"HD CERT PRINT master with trademark-silver\" width=\"600\" height=\"431\" srcset=\"https:\/\/www.happydance.international\/wp-content\/uploads\/2014\/06\/HD-CERT-PRINT-master-with-trademark-silver.png 600w, https:\/\/www.happydance.international\/wp-content\/uploads\/2014\/06\/HD-CERT-PRINT-master-with-trademark-silver-300x216.png 300w\" sizes=\"auto, (max-width: 600px) 100vw, 600px\" \/><\/a><\/h3>\n<h3><a title=\"Silver instructor\" href=\"http:\/\/www.happydance.international\/silver-instructor\/\">Instructor Plata<\/a><\/h3>\n<p style=\"float: left; text-align: center;\">Como un entrenador nivel plata ser\u00e1s capaz de dar clases de aerobic y baile a personas de nivel principiante y avanzado del programa Happy Fitness. Los ejercicios y estilos de baile incluidos en las clases que dar\u00e1s ser\u00e1n:<br \/>\nHappy Hip Hop, Happy Samba Latina y estilo Happy Aerobic.<\/p>\n<\/div>\n<\/div>\n<\/div>\n<div class=\"one_third last_column\">\n<div style=\"margin-top: 30px;\">\n<div style=\"float: left; text-align: center;\">\n<h3><a title=\"Gold instructor\" href=\"http:\/\/www.happydance.international\/gold-instructor\/\"><img loading=\"lazy\" decoding=\"async\" class=\"alignnone size-full wp-image-1611\" src=\"https:\/\/www.happydance.international\/wp-content\/uploads\/2014\/06\/HD-CERT-PRINT-master-with-trademark-gold.png\" alt=\"HD CERT PRINT master with trademark-gold\" width=\"600\" height=\"431\" srcset=\"https:\/\/www.happydance.international\/wp-content\/uploads\/2014\/06\/HD-CERT-PRINT-master-with-trademark-gold.png 600w, https:\/\/www.happydance.international\/wp-content\/uploads\/2014\/06\/HD-CERT-PRINT-master-with-trademark-gold-300x216.png 300w\" sizes=\"auto, (max-width: 600px) 100vw, 600px\" \/><\/a><\/h3>\n<h3><a title=\"Gold instructor\" href=\"http:\/\/www.happydance.international\/gold-instructor\/\">Instructor Oro<\/a><\/h3>\n<p style=\"float: left; text-align: center;\">Como un entrenador nivel oro ser\u00e1s capaz de entrenar a otros instructores, por lo que tendr\u00e1s un nivel de Entrenador Maestro. Entregar\u00e1s certificados de todos los niveles a instructores que hayan completado con \u00e9xito un curso de Instructor de Happy Dance.<br \/>\nAl mismo tiempo, estar\u00e1s capacitado para dar clases Happy Dance a personas de todos los niveles en el programa Happy Fitness, Programa Negocios Happy y Programa Ni\u00f1os Happy.<\/p>\n<\/div>\n<\/div>\n<\/div>\n<div class=\"one_third\"><div class=\"custom \" style=\"background:-moz-linear-gradient(center top , #c38765, #c38765) repeat scroll 0 0 transparent;\n\t\t\t\t\t\t   background: -webkit-gradient(linear, center top, center bottom, from(#c38765), to(#c38765));\n\t\t\t\t\t\t   background: -o-linear-gradient(top, #c38765 0%,#c38765 99%); \/* Opera 11.10+ *\/\n\t\t\t\t\t\t   background: -ms-linear-gradient(top, #c38765 0%,#c38765 99%); \/* IE10+ *\/\n\t\t\t\t\t\t   margin-left:0 !important;\n\t\t\t\t\t\t   margin-right:0 !important;\n\t\t\t\t\t\t   border:1px solid #3A889B;\n\t\t\t\t\t\t   background-color: #c38765;\n\t\t\t\t\t\t   width:100%;\n\t\t\t\t\t\t   color:#FFFFFF;\"><div class=\"inner-padding\">\n<div style=\"text-align: center;\">\n<h4 style=\"margin-bottom: 5px;\"><span style=\"font-size: 30px; color: #ffffff; line-height: 1;\">Instructor Bronce<\/span><\/h4>\n<h5 style=\"margin-bottom: 25px;\"><\/h5>\n<\/div>\n\n<ul class=\"list-2\">\n<li>Clases para principiantes<\/li>\n<li>Happy Hip-Hop<\/li>\n<li>Happy Samba<\/li>\n<li>Happy Aero<\/li>\n<\/ul>\n\n<div style=\"margin-top: 20px; margin-bottom: 15px;\"><div class=\"align-btn-center\"><a class=\"flat-custom-button\" href=\"&#x6d;&#97;i&#x6c;&#x74;&#111;:&#x63;&#x6f;&#110;t&#x61;&#x63;&#116;&#64;&#x68;&#x61;&#112;p&#x79;&#x64;&#97;n&#x63;&#x65;&#46;i&#x6e;&#x74;&#101;r&#x6e;&#x61;&#116;i&#x6f;&#x6e;&#97;l\" title=\"\"><span style=\"padding:10px 20px; background-color:#FFFFFF; border:3px solid #3A889B; color:#777777; font-size:14px;\">Cont\u00e1ctenos<\/span><\/a><\/div><\/div>\n<\/div><\/div><\/div> <div class=\"one_third\"><div class=\"custom \" style=\"background:-moz-linear-gradient(center top , #9c9292, #9c9292) repeat scroll 0 0 transparent;\n\t\t\t\t\t\t   background: -webkit-gradient(linear, center top, center bottom, from(#9c9292), to(#9c9292));\n\t\t\t\t\t\t   background: -o-linear-gradient(top, #9c9292 0%,#9c9292 99%); \/* Opera 11.10+ *\/\n\t\t\t\t\t\t   background: -ms-linear-gradient(top, #9c9292 0%,#9c9292 99%); \/* IE10+ *\/\n\t\t\t\t\t\t   margin-left:0 !important;\n\t\t\t\t\t\t   margin-right:0 !important;\n\t\t\t\t\t\t   border:1px solid #4D8538;\n\t\t\t\t\t\t   background-color: #9c9292;\n\t\t\t\t\t\t   width:100%;\n\t\t\t\t\t\t   color:#FFFFFF;\"><div class=\"inner-padding\">\n<div style=\"text-align: center;\">\n<h4 style=\"margin-bottom: 5px;\"><span style=\"font-size: 30px; color: #ffffff; line-height: 1;\">Instructor Plata<\/span><\/h4>\n<h5 style=\"margin-bottom: 25px;\"><\/h5>\n<\/div>\n\n<ul class=\"list-2\">\n<li>Clases para principiantes<\/li>\n<li>Clases avanzadas<\/li>\n<li>Happy Hip-Hop<\/li>\n<li>Happy Samba<\/li>\n<li>Happy Aero<\/li>\n<\/ul>\n\n<div style=\"margin-top: 20px; margin-bottom: 15px;\"><div class=\"align-btn-center\"><a class=\"flat-custom-button\" href=\"&#x6d;&#x61;&#x69;&#x6c;&#x74;&#x6f;&#x3a;&#x63;&#x6f;&#x6e;&#x74;&#x61;&#x63;&#x74;&#64;&#104;&#97;&#112;&#112;&#121;dance.interna&#x74;&#x69;&#x6f;&#x6e;&#x61;&#x6c;\" title=\"\"><span style=\"padding:10px 20px; background-color:#FFFFFF; border:3px solid #4D8538; color:#777777; font-size:14px;\">Cont\u00e1ctenos<\/span><\/a><\/div><\/div>\n<\/div><\/div><\/div> <div class=\"one_third last_column\"><div class=\"custom \" style=\"background:-moz-linear-gradient(center top , #c5902d, #c5902d) repeat scroll 0 0 transparent;\n\t\t\t\t\t\t   background: -webkit-gradient(linear, center top, center bottom, from(#c5902d), to(#c5902d));\n\t\t\t\t\t\t   background: -o-linear-gradient(top, #c5902d 0%,#c5902d 99%); \/* Opera 11.10+ *\/\n\t\t\t\t\t\t   background: -ms-linear-gradient(top, #c5902d 0%,#c5902d 99%); \/* IE10+ *\/\n\t\t\t\t\t\t   margin-left:0 !important;\n\t\t\t\t\t\t   margin-right:0 !important;\n\t\t\t\t\t\t   border:1px solid #C96400;\n\t\t\t\t\t\t   background-color: #c5902d;\n\t\t\t\t\t\t   width:100%;\n\t\t\t\t\t\t   color:#FFFFFF;\"><div class=\"inner-padding\">\n<div style=\"text-align: center;\">\n<h4 style=\"margin-bottom: 5px;\"><span style=\"font-size: 30px; color: #ffffff; line-height: 1;\">Instructor Oro<\/span><\/h4>\n<h5 style=\"margin-bottom: 25px;\"><\/h5>\n<\/div>\n\n<ul class=\"list-2\">\n<li>Ense\u00f1a a los instructores<\/li>\n<li>Entrega nuestros certificados<\/li>\n<li>L\u00edder del taller Happy Dance<\/li>\n<li>Clases avanzadas<\/li>\n<li>Clases para principiantes<\/li>\n<li>Happy Hip-Hop<\/li>\n<li>Happy Samba<\/li>\n<li>Happy Aero<\/li>\n<\/ul>\n\n<div style=\"margin-top: 20px; margin-bottom: 15px;\"><div class=\"align-btn-center\"><a class=\"flat-custom-button\" href=\"&#109;&#x61;i&#x6c;t&#111;&#x3a;c&#x6f;n&#x74;a&#99;&#x74;&#64;&#x68;a&#x70;&#x70;&#121;&#x64;a&#x6e;c&#101;&#x2e;i&#x6e;t&#x65;r&#110;&#x61;t&#x69;o&#110;&#x61;l\" title=\"\"><span style=\"padding:10px 20px; background-color:#FFFFFF; border:3px solid #C96400; color:#777777; font-size:14px;\">Cont\u00e1ctenos<\/span><\/a><\/div><\/div>\n<\/div><\/div><\/div>","protected":false},"excerpt":{"rendered":"\u00bfEst\u00e1s interesado en difundir la felicidad por el mundo? \u00a1Convi\u00e9rtete en un instructor Happy Dance y ense\u00f1a a otros como la felicidad proviene de bailar juntos! Hay tres niveles de instructores Happy Dance los cuales puedes ver a continuaci\u00f3n: Instructor Bronce Como un instructor Bronce ser\u00e1s introducido","protected":false},"author":5,"featured_media":0,"parent":0,"menu_order":0,"comment_status":"closed","ping_status":"closed","template":"page-FullWidth.php","meta":{"footnotes":""},"class_list":["post-116","page","type-page","status-publish","hentry"],"_links":{"self":[{"href":"https:\/\/www.happydance.international\/es\/wp-json\/wp\/v2\/pages\/116","targetHints":{"allow":["GET"]}}],"collection":[{"href":"https:\/\/www.happydance.international\/es\/wp-json\/wp\/v2\/pages"}],"about":[{"href":"https:\/\/www.happydance.international\/es\/wp-json\/wp\/v2\/types\/page"}],"author":[{"embeddable":true,"href":"https:\/\/www.happydance.international\/es\/wp-json\/wp\/v2\/users\/5"}],"replies":[{"embeddable":true,"href":"https:\/\/www.happydance.international\/es\/wp-json\/wp\/v2\/comments?post=116"}],"version-history":[{"count":54,"href":"https:\/\/www.happydance.international\/es\/wp-json\/wp\/v2\/pages\/116\/revisions"}],"predecessor-version":[{"id":1615,"href":"https:\/\/www.happydance.international\/es\/wp-json\/wp\/v2\/pages\/116\/revisions\/1615"}],"wp:attachment":[{"href":"https:\/\/www.happydance.international\/es\/wp-json\/wp\/v2\/media?parent=116"}],"curies":[{"name":"wp","href":"https:\/\/api.w.org\/{rel}","templated":true}]}}