{"id":113,"date":"2014-06-25T23:28:26","date_gmt":"2014-06-25T14:28:26","guid":{"rendered":"http:\/\/www.happydance.international\/?page_id=113"},"modified":"2016-08-10T23:11:27","modified_gmt":"2016-08-10T14:11:27","slug":"happy-dance","status":"publish","type":"page","link":"https:\/\/www.happydance.international\/es\/happy-dance\/","title":{"rendered":"\u00bfQu\u00e9 es Happy Dance?"},"content":{"rendered":"[vc_row][vc_column][vc_column_text]\n<div style=\"text-align: center; margin-bottom: 5px;\">\n<h1 style=\"margin-bottom: 15px; line-height: 1.6;\">\u00a1Happy Dance Power System es un programa de estilo de vida como ning\u00fan otro!<br \/>\nCon su enfoque \u00fanico para vivir una vida m\u00e1s feliz a trav\u00e9s del movimiento, la alimentaci\u00f3n saludable y una mentalidad positiva.<\/h1>\n<h3>Happy Dance Power System se compone de diferentes programas enfocados a cuestiones de estilo de vida de una manera positiva, divertida e interactiva.<\/h3>\n<\/div>\n\t\t\t<style type=\"text\/css\">\n\t\t\t\t#content-block-background-1871 { background-image: url(); background-position: center top; background-repeat: yes; background-color: transparent; background-attachment: scroll; background-size: auto; }\n\t\t\t\t#content-block-body-1871 { padding: 40px 0; color: #252525; }\n\t\t\t\t.content-block-body { margin-left: auto; margin-right: auto; position: relative; }\n\t\t\t<\/style>\n\t\t\t\t\t\t\t<style type=\"text\/css\">\n\t\t\t\t\t#wrapper-1 { overflow-x: hidden; }\n\t\t\t\t\t#content-block-background-1871 { margin: 0 -10000px; padding: 0 10000px; }\n\t\t\t\t<\/style>\n\t\t\t\n\t\t\t\n\t\t\t<div class=\"clear\"><\/div>\n\t\t\t<div id=\"content-block-background-1871\" class=\"content-block-background \">\n\t\t\t\t<div id=\"content-block-body-1871\" class=\"content-block-body\">\n\t\t\t\t\t<div class=\"clear\"><\/div>\n\t\t\t\t\t\n<div class=\"custom \" style=\"background:-moz-linear-gradient(center top , #FFFFFF, #EEEEEE) repeat scroll 0 0 transparent;\n\t\t\t\t\t\t   background: -webkit-gradient(linear, center top, center bottom, from(#FFFFFF), to(#EEEEEE));\n\t\t\t\t\t\t   background: -o-linear-gradient(top, #FFFFFF 0%,#EEEEEE 99%); \/* Opera 11.10+ *\/\n\t\t\t\t\t\t   background: -ms-linear-gradient(top, #FFFFFF 0%,#EEEEEE 99%); \/* IE10+ *\/\n\t\t\t\t\t\t   margin-left:0 !important;\n\t\t\t\t\t\t   margin-right:0 !important;\n\t\t\t\t\t\t   border:1px solid #FFFFFF;\n\t\t\t\t\t\t   background-color: #EEEEEE;\n\t\t\t\t\t\t   width:100%;\n\t\t\t\t\t\t   color:#888888;\"><div class=\"inner-padding\">\n<div style=\"text-align: center;\">\n<div style=\"text-align: center; margin-bottom: 20px; font-size: 16px;\"><\/div>\n<h4 style=\"margin-bottom: 15px;\"><span style=\"font-size: 30px; color: #fd7800;\">Happy Dance Power System<\/span><\/h4>\n<h5 style=\"margin-bottom: 20px;\"><span style=\"font-size: 24px; color: #444444;\">\u00a1Tiene algo para cada uno!<br \/>\n<\/span><\/h5>\n<div style=\"font-size: 16px; color: #000; margin-bottom: 20px; text-align: center;\"><b>Happy Dance se centra en mejorar las elecciones de estilo de vida, la lucha contra la obesidad y el estr\u00e9s los cuales est\u00e1n relacionados con depresi\u00f3n y una vida insatisfecha.<\/b><\/div>\n<\/div>\n<div style=\"text-align: justify; margin-left: 40px; margin-right: 40px; font-size: 16px; color: #000;\">Gimnasia general, diversi\u00f3n familiar, gesti\u00f3n del estr\u00e9s corporativo. Nuestro programa reci\u00e9n lanzado est\u00e1 ofrecido por j\u00f3venes con un curr\u00edculum basado en fitness y movimiento. Happy Dance lidera la industria del fitness dando fuerza a las personas para crecer y desarrollarse, no s\u00f3lo en aptitud f\u00edsica, sino tambi\u00e9n en la relaci\u00f3n con sus hijos y seres queridos. Algunos de los muchos programas de Happy Dance son Hip Hop, Samba y nuestro programa GOLD dise\u00f1ado espec\u00edficamente para Gimnasia Aer\u00f3bica.<\/div>\n<\/div><\/div>\n<div class=\"custom \" style=\"background:-moz-linear-gradient(center top , #FFFFFF, #EEEEEE) repeat scroll 0 0 transparent;\n\t\t\t\t\t\t   background: -webkit-gradient(linear, center top, center bottom, from(#FFFFFF), to(#EEEEEE));\n\t\t\t\t\t\t   background: -o-linear-gradient(top, #FFFFFF 0%,#EEEEEE 99%); \/* Opera 11.10+ *\/\n\t\t\t\t\t\t   background: -ms-linear-gradient(top, #FFFFFF 0%,#EEEEEE 99%); \/* IE10+ *\/\n\t\t\t\t\t\t   margin-left:0 !important;\n\t\t\t\t\t\t   margin-right:0 !important;\n\t\t\t\t\t\t   border:1px solid #FFFFFF;\n\t\t\t\t\t\t   background-color: #EEEEEE;\n\t\t\t\t\t\t   width:100%;\n\t\t\t\t\t\t   color:#888888;\"><div class=\"inner-padding\">\n<div style=\"text-align: center;\">\n<h4 style=\"margin-bottom: 5px;\"><span style=\"font-size: 30px; color: #fd7800;\">Paulo Dos Santos<\/span><\/h4>\n<h5 style=\"margin-bottom: 20px;\"><span style=\"font-size: 24px; color: #444444;\">El creador<\/span><\/h5>\n<\/div>\n<div class=\"custom-frame-wrapper alignright frame-shadow\"><div class=\"custom-frame-inner-wrapper\"><div class=\"custom-frame-padding\"><img loading=\"lazy\" decoding=\"async\" class=\"alignnone size-full wp-image-1607\" src=\"https:\/\/www.happydance.international\/wp-content\/uploads\/2014\/06\/Paulo_Web2.jpg\" alt=\"Paulo_Web2\" width=\"400\" height=\"485\" srcset=\"https:\/\/www.happydance.international\/wp-content\/uploads\/2014\/06\/Paulo_Web2.jpg 400w, https:\/\/www.happydance.international\/wp-content\/uploads\/2014\/06\/Paulo_Web2-247x300.jpg 247w\" sizes=\"auto, (max-width: 400px) 100vw, 400px\" \/><\/div><\/div><\/div>\n<div style=\"text-align: justify; margin-left: 40px; margin-right: 40px; font-size: 16px; color: #000;\"><span class=\"dropcap\"><span style=\"font-size: 46px; margin-top: 10px;\">H<\/span><\/span>appy Dance Power System ha sido creado por PAULO DOS SANTOS, campe\u00f3n nacional e internacional en Gimnasia Aer\u00f3bica. Posee experiencia en danza y teatro y un t\u00edtulo de Arte con especializaci\u00f3n en Danza, Paulo dej\u00f3 su marca en la industria del fitness como un buen conocido Presentador Aer\u00f3bico y est\u00e1 ense\u00f1ando por todo el mundo en diversas convenciones internacionales de aptitud f\u00edsica en m\u00e1s de 30 pa\u00edses.<\/div>\n<div style=\"text-align: justify; margin-left: 40px; margin-right: 40px; font-size: 16px; color: #000;\">\n<p>Ahora residente en Jap\u00f3n, Paulo es due\u00f1o de su propia empresa de Producciones, PR PRODUCTION Co. LTD. Tambi\u00e9n es asesor t\u00e9cnico para la JAF (Federaci\u00f3n Japonesa de Aer\u00f3bic) y Vicepresidente de la JDA (Asociaci\u00f3n Japonesa de Baile). Paulo ha trabajado con cientos de atletas de Gimnasia Aer\u00f3bica con resultados de m\u00e1s de 90 t\u00edtulos Mundiales Nacionales e Internacionales.<\/p>\n<p>El amor de Paulo por la danza y el movimiento y el \u00e9xito de sus programas inspir\u00f3 una visi\u00f3n del mundo para disfrutat de una vida de amor, felicidad y \u00e9xito \u2013 la cual todos merecemos, por lo que se cre\u00f3 el HAPPY DANCE POWER SYSTEM.<\/p>\n<\/div>\n<\/div><\/div>\n\t\t\t\t\t<div class=\"clear\"><\/div>\n\t\t\t\t<\/div>\n\t\t\t<\/div>\n\t\t\t<div class=\"clear\"><\/div>\n\t\t\t[\/vc_column_text][\/vc_column][\/vc_row]","protected":false},"excerpt":{"rendered":"<p>[vc_row][vc_column][vc_column_text] \u00a1Happy Dance Power System es un programa de estilo de vida como ning\u00fan otro! Con su enfoque \u00fanico para vivir una vida m\u00e1s feliz a trav\u00e9s del movimiento, la alimentaci\u00f3n saludable y una mentalidad positiva. Happy Dance Power System se compone de diferentes programas enfocados a<\/p>\n","protected":false},"author":5,"featured_media":0,"parent":0,"menu_order":0,"comment_status":"closed","ping_status":"closed","template":"page-FullWidth.php","meta":{"footnotes":""},"class_list":["post-113","page","type-page","status-publish","hentry"],"_links":{"self":[{"href":"https:\/\/www.happydance.international\/es\/wp-json\/wp\/v2\/pages\/113","targetHints":{"allow":["GET"]}}],"collection":[{"href":"https:\/\/www.happydance.international\/es\/wp-json\/wp\/v2\/pages"}],"about":[{"href":"https:\/\/www.happydance.international\/es\/wp-json\/wp\/v2\/types\/page"}],"author":[{"embeddable":true,"href":"https:\/\/www.happydance.international\/es\/wp-json\/wp\/v2\/users\/5"}],"replies":[{"embeddable":true,"href":"https:\/\/www.happydance.international\/es\/wp-json\/wp\/v2\/comments?post=113"}],"version-history":[{"count":100,"href":"https:\/\/www.happydance.international\/es\/wp-json\/wp\/v2\/pages\/113\/revisions"}],"predecessor-version":[{"id":1609,"href":"https:\/\/www.happydance.international\/es\/wp-json\/wp\/v2\/pages\/113\/revisions\/1609"}],"wp:attachment":[{"href":"https:\/\/www.happydance.international\/es\/wp-json\/wp\/v2\/media?parent=113"}],"curies":[{"name":"wp","href":"https:\/\/api.w.org\/{rel}","templated":true}]}}