{"id":91,"date":"2014-06-25T22:31:22","date_gmt":"2014-06-25T13:31:22","guid":{"rendered":"http:\/\/www.happydance.international\/?page_id=91"},"modified":"2016-10-15T00:04:51","modified_gmt":"2016-10-14T15:04:51","slug":"happy_gold","status":"publish","type":"page","link":"https:\/\/www.happydance.international\/de\/happy_gold\/","title":{"rendered":"Happy Gold"},"content":{"rendered":"[vc_row][vc_column][vc_column_text]\n\t\t\t<!-- START Happy_gold REVOLUTION SLIDER 6.4.2 --><p class=\"rs-p-wp-fix\"><\/p>\n\t\t\t<rs-module-wrap id=\"rev_slider_2_2_wrapper\" data-source=\"gallery\" style=\"background:#eeeeee;padding:0;\">\n\t\t\t\t<rs-module id=\"rev_slider_2_2\" style=\"\" data-version=\"6.4.2\">\n\t\t\t\t\t<rs-slides>\n\t\t\t\t\t\t<rs-slide data-key=\"rs-5\" data-title=\"happy-gold Video\" data-anim=\"ms:900;\" data-in=\"o:0;\" data-out=\"a:false;\">\n\t\t\t\t\t\t\t<img decoding=\"async\" src=\"\/\/www.happydance.international\/wp-content\/plugins\/revslider\/public\/assets\/assets\/dummy.png\" alt=\"happy-gold Video\" title=\"Happy Gold\" data-lazyload=\"\/\/www.happydance.international\/wp-content\/plugins\/revslider\/public\/assets\/assets\/transparent.png\" data-bg=\"p:center top;\" data-parallax=\"1\" class=\"rev-slidebg\" data-no-retina>\n<!--\n\t\t\t\t\t\t\t--><rs-layer\n\t\t\t\t\t\t\t\tid=\"slider-2-slide-5-layer-1\" \n\t\t\t\t\t\t\t\tclass=\"blue_bold_bg_20\"\n\t\t\t\t\t\t\t\tdata-type=\"text\"\n\t\t\t\t\t\t\t\tdata-color=\"#ffffff\"\n\t\t\t\t\t\t\t\tdata-rsp_ch=\"on\"\n\t\t\t\t\t\t\t\tdata-xy=\"x:c;y:30px;\"\n\t\t\t\t\t\t\t\tdata-text=\"s:20;l:20;fw:900;\"\n\t\t\t\t\t\t\t\tdata-padding=\"t:5;r:8;b:5;l:8;\"\n\t\t\t\t\t\t\t\tdata-frame_0=\"y:top;\"\n\t\t\t\t\t\t\t\tdata-frame_1=\"st:1300;sp:1000;\"\n\t\t\t\t\t\t\t\tdata-frame_999=\"y:top;e:nothing;st:4000;sp:1000;\"\n\t\t\t\t\t\t\t\tstyle=\"z-index:5;background-color:rgba(53,152,220,1);font-family:Raleway;text-shadow:none;\"\n\t\t\t\t\t\t\t>Now Showing a Full-Width Video \n\t\t\t\t\t\t\t<\/rs-layer><!--\n\n\t\t\t\t\t\t\t--><rs-layer\n\t\t\t\t\t\t\t\tid=\"slider-2-slide-5-layer-2\" \n\t\t\t\t\t\t\t\tclass=\"rs-fsv rs-layer-video intrinsic-ignore\"\n\t\t\t\t\t\t\t\tdata-type=\"video\"\n\t\t\t\t\t\t\t\tdata-rsp_ch=\"on\"\n\t\t\t\t\t\t\t\tdata-xy=\"x:0;y:0;\"\n\t\t\t\t\t\t\t\tdata-dim=\"w:100%;h:100%;\"\n\t\t\t\t\t\t\t\tdata-video=\"ap:false;v:100;vd:100;fc:true;l:false;ptimer:false;nse:f;\"\n\t\t\t\t\t\t\t\tdata-poster=\"\/\/www.happydance.international\/wp-content\/uploads\/2014\/07\/Happyglod_youtubethumbnail.jpg\"\n\t\t\t\t\t\t\t\tdata-ytid=\"aSIH2DKWvrg\"\n\t\t\t\t\t\t\t\tdata-vatr=\"version=3&amp;enablejsapi=1&amp;html5=1&amp;volume=100&amp;hd=1&amp;wmode=opaque&amp;controls=1&amp;showinfo=0&amp;origin=https:\/\/www.happydance.international;\"\n\t\t\t\t\t\t\t\tdata-frame_1=\"e:power1.out;st:500;\"\n\t\t\t\t\t\t\t\tdata-frame_999=\"st:w;auto:true;\"\n\t\t\t\t\t\t\t\tstyle=\"z-index:6;\"\n\t\t\t\t\t\t\t>\n\t\t\t\t\t\t\t<\/rs-layer><!--\n-->\t\t\t\t\t\t<\/rs-slide>\n\t\t\t\t\t<\/rs-slides>\n\t\t\t\t<\/rs-module>\n\t\t\t\t<script type=\"text\/javascript\">\n\t\t\t\t\tsetREVStartSize({c: 'rev_slider_2_2',rl:[1240,1024,778,480],el:[],gw:[1170],gh:[700],type:'standard',justify:'',layout:'fullscreen',offsetContainer:'',offset:'',mh:\"0\"});\n\t\t\t\t\tvar\trevapi2,\n\t\t\t\t\t\ttpj;\n\t\t\t\t\tfunction revinit_revslider22() {\n\t\t\t\t\tjQuery(function() {\n\t\t\t\t\t\ttpj = jQuery;\n\t\t\t\t\t\trevapi2 = tpj(\"#rev_slider_2_2\");\n\t\t\t\t\t\ttpj.noConflict();\n\t\t\t\t\t\tif(revapi2==undefined || revapi2.revolution == undefined){\n\t\t\t\t\t\t\trevslider_showDoubleJqueryError(\"rev_slider_2_2\");\n\t\t\t\t\t\t}else{\n\t\t\t\t\t\t\trevapi2.revolution({\n\t\t\t\t\t\t\t\tsliderLayout:\"fullscreen\",\n\t\t\t\t\t\t\t\tduration:16000,\n\t\t\t\t\t\t\t\tvisibilityLevels:\"1240,1024,778,480\",\n\t\t\t\t\t\t\t\tgridwidth:1170,\n\t\t\t\t\t\t\t\tgridheight:700,\n\t\t\t\t\t\t\t\tlazyType:\"single\",\n\t\t\t\t\t\t\t\tspinner:\"spinner4\",\n\t\t\t\t\t\t\t\tperspectiveType:\"local\",\n\t\t\t\t\t\t\t\tresponsiveLevels:\"1240,1024,778,480\",\n\t\t\t\t\t\t\t\tgridEQModule:true,\n\t\t\t\t\t\t\t\tprogressBar: {\n\t\t\t\t\t\t\t\t\tcolor:\"rgba(0,0,0,0.15)\",\n\t\t\t\t\t\t\t\t\tvertical:\"top\",\n\t\t\t\t\t\t\t\t\tsize:5\n\t\t\t\t\t\t\t\t},\n\t\t\t\t\t\t\t\tnavigation: {\n\t\t\t\t\t\t\t\t\tmouseScrollNavigation:false,\n\t\t\t\t\t\t\t\t\ttouch: {\n\t\t\t\t\t\t\t\t\t\ttouchenabled:true,\n\t\t\t\t\t\t\t\t\t\tswipe_threshold:0\n\t\t\t\t\t\t\t\t\t}\n\t\t\t\t\t\t\t\t},\n\t\t\t\t\t\t\t\tparallax: {\n\t\t\t\t\t\t\t\t\tlevels:[7,4,3,2,5,4,3,2,1,0,47,48,49,50,51,55],\n\t\t\t\t\t\t\t\t\ttype:\"mouse\"\n\t\t\t\t\t\t\t\t},\n\t\t\t\t\t\t\t\tfallbacks: {\n\t\t\t\t\t\t\t\t\tallowHTML5AutoPlayOnAndroid:true\n\t\t\t\t\t\t\t\t},\n\t\t\t\t\t\t\t});\n\t\t\t\t\t\t}\n\t\t\t\t\t\t\n\t\t\t\t\t});\n\t\t\t\t\t} \/\/ End of RevInitScript\n\t\t\t\tvar once_revslider22 = false;\n\t\t\t\tif (document.readyState === \"loading\") {document.addEventListener('readystatechange',function() { if((document.readyState === \"interactive\" || document.readyState === \"complete\") && !once_revslider22 ) { once_revslider22 = true; revinit_revslider22();}});} else {once_revslider22 = true; revinit_revslider22();}\n\t\t\t\t<\/script>\n\t\t\t\t<script>\n\t\t\t\t\tvar htmlDivCss = '\t#rev_slider_2_2_wrapper rs-loader.spinner4 div { background-color: #fff !important; } ';\n\t\t\t\t\tvar htmlDiv = document.getElementById('rs-plugin-settings-inline-css');\n\t\t\t\t\tif(htmlDiv) {\n\t\t\t\t\t\thtmlDiv.innerHTML = htmlDiv.innerHTML + htmlDivCss;\n\t\t\t\t\t}else{\n\t\t\t\t\t\tvar htmlDiv = document.createElement('div');\n\t\t\t\t\t\thtmlDiv.innerHTML = '<style>' + htmlDivCss + '<\/style>';\n\t\t\t\t\t\tdocument.getElementsByTagName('head')[0].appendChild(htmlDiv.childNodes[0]);\n\t\t\t\t\t}\n\t\t\t\t<\/script>\n\t\t\t<\/rs-module-wrap>\n\t\t\t<!-- END REVOLUTION SLIDER -->\n[\/vc_column_text][\/vc_column][\/vc_row][vc_row css=&#8220;.vc_custom_1470835731341{margin-bottom: 2% !important;}&#8220;][\/vc_row][vc_row][vc_column width=&#8220;1\/4&#8243;][vc_raw_html]JTNDYSUyMHN0eWxlJTNEJTIyZmxvYXQlM0ElMjByaWdodCUzQiUyMiUyMGhyZWYlM0QlMjJodHRwcyUzQSUyRiUyRnd3dy5oYXBweWRhbmNlLmludGVybmF0aW9uYWwlMkZ3cC1jb250ZW50JTJGdXBsb2FkcyUyRjIwMTUlMkYwOCUyRmRhbmNlci0wMl9zbWFsbC5wbmclMjIlM0UlM0NpbWclMjBjbGFzcyUzRCUyMmFsaWdubm9uZSUyMHNpemUtbWVkaXVtJTIwd3AtaW1hZ2UtMjIzJTIyJTIwc3JjJTNEJTIyaHR0cHMlM0ElMkYlMkZ3d3cuaGFwcHlkYW5jZS5pbnRlcm5hdGlvbmFsJTJGd3AtY29udGVudCUyRnVwbG9hZHMlMkYyMDE1JTJGMDglMkZkYW5jZXItMDJfc21hbGwucG5nJTIyJTIwYWx0JTNEJTIyUGF1bG9fdHJhbnNwYXJlbnRfYmFja2dyb3VuZC5wbmclMjIlMjB3aWR0aCUzRCUyMjE2NyUyMiUyMGhlaWdodCUzRCUyMjMwMCUyMiUyMCUyRiUzRSUzQyUyRmElM0UlMEE=[\/vc_raw_html][\/vc_column][vc_column width=&#8220;3\/4&#8243;][vc_raw_html]JTNDcCUyMGNsYXNzJTNEJTIydHJpYW5nbGUtcmlnaHQlMjBsZWZ0JTIyJTIwc3R5bGUlM0QlMjJmbG9hdCUzQSUyMGxlZnQlM0IlMjBmb250LXNpemUlM0ElMjAyMnB4JTNCJTIwbGluZS1oZWlnaHQlM0ElMjAxLjVlbSUzQiUyMiUzRVNpbmQlMjBTaWUlMjBlaW5lJTIwQXRobGV0aW4lMkMlMjBlaW4lMjBBdGhsZXQlMjBpbiUyMGRlciUyMFNwb3J0YWVyb2JpYyUyMEJyYW5jaGUlM0YlMjBEYW5uJTIwaXN0JTIwZGFzJTIwSGFwcHklMjBHb2xkJTIwUHJvZ3JhbW0lMjBnZW5hdSUyMGRhcyUyMFJpY2h0aWdlJTIwZiVDMyVCQ3IlMjBTaWUuJTIwTWl0JTIwc2VpbmVuJTIwdmllbGYlQzMlQTRsdGlnZW4lMkMlMjBpbiUyMCVDMyVCQ2JlciUyMDIwJTIwSmFocmVuJTIwZ2VzYW1tZWx0ZW4lMjBFcmZhaHJ1bmdlbiUyMGhhdCUyMFBhdWxvJTIwRG9zJTIwU2FudG9zJTIwYmVyZWl0cyUyMHZpZWxlJTIwUHJvJTIwQXRobGV0ZW4lMjBlcmZvbGdyZWljaCUyMGF1ZiUyMGlocmVtJTIwV2VnJTIwenVtJTIwQ2hhbXBpb24lMjBiZWdsZWl0ZXQuJTIwRiVDMyVCQ3IlMjBkaWUlMjBiZXNvbmRlcmUlMjBRdWFsaXQlQzMlQTR0JTIwZGVzJTIwVHJhaW5pbmdzJTIwc3ByaWNodCUyMGRpZSUyMFRhdHNhY2hlJTJDJTIwZGFzcyUyMHNlaW5lJTIwQXRobGV0ZW4lMjBiaXNoZXIlMjBtZWhyJTIwYWxzJTIwOTAlMjBHb2xkbWVkYWlsbGVuJTIwZ2V3b25uZW4lMjBoYWJlbi4lMjBJaHJlJTIwWmVpdCUyMGlzdCUyMEpFVFpUJTIwZ2Vrb21tZW4uJTIwV2VubiUyMFNpZSUyMHNpY2glMjBmJUMzJUJDciUyMGRhcyUyMHByb2Zlc3Npb25lbGxlJTIwdW5kJTIwc28lMjB2aWVsZmFjaCUyMGJldyVDMyVBNGhydGUlMjBIYXBweSUyMEdvbGQlMjBQcm9ncmFtbSUyMGVudHNjaGVpZGVuJTJDJTIwayVDMyVCNm5uZW4lMjBhdWNoJTIwU2llJTIwc2ljaCUyMGF1ZiUyMGRlbiUyMFdlZyUyMHp1ciUyMEdvbGRtZWRhaWxsZSUyMG1hY2hlbi4lM0MlMkZwJTNF[\/vc_raw_html][\/vc_column][\/vc_row][vc_row][vc_column]\n\t\t\t<style type=\"text\/css\">\n\t\t\t\t#content-block-background-1314 { background-image: url(https:\/\/www.happydance.international\/wp-content\/uploads\/2016\/08\/Happy_Gold_medal.jpg); background-position: left bottom; background-repeat: horizontal; background-color: #FD7800; background-attachment: scroll; background-size: auto; }\n\t\t\t\t#content-block-body-1314 { padding: 30px 10px; color: #000000; }\n\t\t\t\t.content-block-body { margin-left: auto; margin-right: auto; position: relative; }\n\t\t\t<\/style>\n\t\t\t\t\t\t\t<style type=\"text\/css\">\n\t\t\t\t\t#wrapper-1 { overflow-x: hidden; }\n\t\t\t\t\t#content-block-background-1314 { margin: 0 -10000px; padding: 0 10000px; }\n\t\t\t\t<\/style>\n\t\t\t\n\t\t\t\n\t\t\t<div class=\"clear\"><\/div>\n\t\t\t<div id=\"content-block-background-1314\" class=\"content-block-background \">\n\t\t\t\t<div id=\"content-block-body-1314\" class=\"content-block-body\">\n\t\t\t\t\t<div class=\"clear\"><\/div>\n\t\t\t\t\t\n<h3 style=\"float: left; display: inline-block; margin: 15px 0px; font-size: 30px !important; line-height: 1.2; color: #000000;\">Besuchen Sie jetzt die Happy Gold Webseite, um Happy Gold zu kaufen.<\/h3>\n<a class=\"flat-custom-button align-btn-right\" href=\"http:\/\/www.happygoldtraining.com\/\" title=\"Happy Gold\" target=\"_blank\"><span style=\"padding:15px 20px; background-color:#CFB53B; border:2px solid #FFFFFF; color:#FFFFFF; font-size:25px;\">Besuchen Sie Happy Gold hier!<\/span><\/a>\n\t\t\t\t\t<div class=\"clear\"><\/div>\n\t\t\t\t<\/div>\n\t\t\t<\/div>\n\t\t\t<div class=\"clear\"><\/div>\n\t\t\t\t\t\t<style type=\"text\/css\">\n\t\t\t\t#content-block-background-1109 { background-image: url(http:\/\/www.happydance.international\/happydance_images\/statichappydanceimage.jpg); background-position: center bottom; background-repeat: no-repeat; background-color: #24292E; background-attachment: fixed; background-size: auto; }\n\t\t\t\t#content-block-body-1109 { padding: 50px 0 55px; color: #EEEEEE; }\n\t\t\t\t.content-block-body { margin-left: auto; margin-right: auto; position: relative; }\n\t\t\t<\/style>\n\t\t\t\t\t\t\t<style type=\"text\/css\">\n\t\t\t\t\t#wrapper-1 { overflow-x: hidden; }\n\t\t\t\t\t#content-block-background-1109 { margin: 0 -10000px; padding: 0 10000px; }\n\t\t\t\t<\/style>\n\t\t\t\n\t\t\t\n\t\t\t<div class=\"clear\"><\/div>\n\t\t\t<div id=\"content-block-background-1109\" class=\"content-block-background \">\n\t\t\t\t<div id=\"content-block-body-1109\" class=\"content-block-body\">\n\t\t\t\t\t<div class=\"clear\"><\/div>\n\t\t\t\t\t\n<div style=\"text-align: center;\">\n<h4 style=\"margin-bottom: 20px;\"><span style=\"font-size: 38px; color: #fff; line-height: 1;\">Kommentare zum Happy Gold Programm<\/span><\/h4>\n<h4 style=\"margin-bottom: 20px;\"><span style=\"font-size: 22px; color: #fff; line-height: 1.5;\"> Seit \u00fcber 20 Jahren arbeitet Paulo Dos Santos mit pro Athleten weltweit zusammen. Nachfolgend lesen Sie Kommentare von Goldmedaillengewinnerinnen. Sie beschreiben die gute Zusammenarbeit mit Paulo Dos Santos und die Besonderheiten des Happy Gold Programms. <\/span><\/h4>\n<\/div>\n\t\t\t\t\t<div class=\"clear\"><\/div>\n\t\t\t\t<\/div>\n\t\t\t<\/div>\n\t\t\t<div class=\"clear\"><\/div>\n\t\t\t[\/vc_column]\n[\/vc_row][vc_row][vc_column][vc_column_text]\n&nbsp;<\/p>\n<blockquote style=\"margin-top: 20px;\"><p>Mein Name ist Lubi Gazov<br \/>\nIch bin eine professionelle Aerobic Gymnastik Athletin. Seit vier Jahren arbeite ich mit Paulo Dos Santos zusammen und kann best\u00e4tigen, dass sich meine Resultate im Laufe der Zeit immer weiter verbessert haben. Folgende Medaillen und Wettk\u00e4mpfe habe ich mit Unterst\u00fctzung von Paulo Dos Santos gewonnen: Bronze Medaille \u2013 Weltmeisterschaft 2012 in Sofia; Gold Medaille \u2013 World Cup 2012 in Kufstein; Gold Medaille \u2013 World Cup 2013 in Tokyo; Gold Medaille \u2013 World Cup Portugal 2014; Gold Medaille \u2013 World Championship 2014.<br \/>\nPaulo ist eine ganz besondere Pers\u00f6nlichkeit voller positiver Energie, einem sehr starken Charakter und ausgepr\u00e4gter Motivationskraft. Seine Ambitionen sind \u201eansteckend\u201d. Er hat eine besondere Begabung, Athleten auf ihrem Weg zum Erfolg zu begleiten. Auch das Programm von Happy Dance Power System kann hierzu einen wichtigen Beitrag leisten: Immer wieder erhalte ich Anregungen, wie ich mich physisch und psychisch verbessern kann. Durch dieses wunderbare Trainingsprogramm f\u00fchle ich mich stark, selbstbewusst und sehr gut vorbereitet, um weitere Goldmedaillen zu gewinnen.<\/p>\n<div style=\"float: right; text-align: right; font-style: normal; font-weight: bold;\">&#8211; Lubi Gazov<br \/>\n\u00d6stereich<br \/>\nAerobic Gymnastik World Champion<\/div>\n<\/blockquote>\n<div class=\"divider\"><\/div>\n<blockquote><p>Mein Name ist Angela McMillan<br \/>\nSeit drei Jahren bin ich Cheftrainerin des Hanoi Aerobic Gymnastik Team. Seit \u00fcber 10 Jahren arbeite ich mit Paulo Dos Santos zusammen. Ich verdanke ihm und seinem einzigartigen Programm, dass ich 2004 Aerobic Gymnastik Weltmeisterin wurde. Seitdem unterst\u00fctze ich Happy Dance Power System. Ich glaube an dieses einzigartige Programm. Ich bin \u00fcberzeugt, dass es bei alten und jungen Menschen K\u00f6rper und Seele und damit auch das ganze Leben positiv ver\u00e4ndern kann.<br \/>\nHappy Dance Power System hat viele Vorz\u00fcge: Es macht \u2013 verglichen mit anderen Programmen &#8211; unglaublich viel Spa\u00df und ist p\u00e4dagogisch wertvoll. Bewegungsabl\u00e4ufe werden beim Training mit Musik einge\u00fcbt und tragen zu einer besseren Koordination bei. Einheiten zum mentalen Training machen selbstbewusster und damit auch gl\u00fccklicher. Ein starkes Selbstbewusstsein ist vor allem f\u00fcr die Entwicklung von Kindern wichtig, damit sie ihre Ziele jeder Zeit erfolgreich umsetzen k\u00f6nnen.<br \/>\nPhilosophie und Trainingsmethoden von Happy Dance Power System wenden wir hier in Hanoi f\u00fcr Kinder zwischen 6 und 20 Jahren an. Die Erfolge sind gro\u00dfartig: Vor allem Selbstbewusstsein und Motivation werden gef\u00f6rdert. Happy Dance Power System ist ein einzigartiges und wundervolles Programm. Es leistet einen wichtigen Beitrag f\u00fcr die positive Entwicklung eines jeden Kindes.<\/p>\n<div style=\"float: right; text-align: right; font-style: normal; font-weight: bold;\">&#8211; Angela McMillan<br \/>\nHanoi Aerobic Gymnastics Coach<br \/>\nWorld Aerobic Gymnastics Champion<\/div>\n<\/blockquote>\n[\/vc_column_text][\/vc_column][\/vc_row]","protected":false},"excerpt":{"rendered":"<p>[vc_row][vc_column][vc_column_text][\/vc_column_text][\/vc_column][\/vc_row][vc_row css=&#8220;.vc_custom_1470835731341{margin-bottom: 2% !important;}&#8220;][\/vc_row][vc_row][vc_column width=&#8220;1\/4&#8243;][vc_raw_html]JTNDYSUyMHN0eWxlJTNEJTIyZmxvYXQlM0ElMjByaWdodCUzQiUyMiUyMGhyZWYlM0QlMjJodHRwcyUzQSUyRiUyRnd3dy5oYXBweWRhbmNlLmludGVybmF0aW9uYWwlMkZ3cC1jb250ZW50JTJGdXBsb2FkcyUyRjIwMTUlMkYwOCUyRmRhbmNlci0wMl9zbWFsbC5wbmclMjIlM0UlM0NpbWclMjBjbGFzcyUzRCUyMmFsaWdubm9uZSUyMHNpemUtbWVkaXVtJTIwd3AtaW1hZ2UtMjIzJTIyJTIwc3JjJTNEJTIyaHR0cHMlM0ElMkYlMkZ3d3cuaGFwcHlkYW5jZS5pbnRlcm5hdGlvbmFsJTJGd3AtY29udGVudCUyRnVwbG9hZHMlMkYyMDE1JTJGMDglMkZkYW5jZXItMDJfc21hbGwucG5nJTIyJTIwYWx0JTNEJTIyUGF1bG9fdHJhbnNwYXJlbnRfYmFja2dyb3VuZC5wbmclMjIlMjB3aWR0aCUzRCUyMjE2NyUyMiUyMGhlaWdodCUzRCUyMjMwMCUyMiUyMCUyRiUzRSUzQyUyRmElM0UlMEE=[\/vc_raw_html][\/vc_column][vc_column width=&#8220;3\/4&#8243;][vc_raw_html]JTNDcCUyMGNsYXNzJTNEJTIydHJpYW5nbGUtcmlnaHQlMjBsZWZ0JTIyJTIwc3R5bGUlM0QlMjJmbG9hdCUzQSUyMGxlZnQlM0IlMjBmb250LXNpemUlM0ElMjAyMnB4JTNCJTIwbGluZS1oZWlnaHQlM0ElMjAxLjVlbSUzQiUyMiUzRVNpbmQlMjBTaWUlMjBlaW5lJTIwQXRobGV0aW4lMkMlMjBlaW4lMjBBdGhsZXQlMjBpbiUyMGRlciUyMFNwb3J0YWVyb2JpYyUyMEJyYW5jaGUlM0YlMjBEYW5uJTIwaXN0JTIwZGFzJTIwSGFwcHklMjBHb2xkJTIwUHJvZ3JhbW0lMjBnZW5hdSUyMGRhcyUyMFJpY2h0aWdlJTIwZiVDMyVCQ3IlMjBTaWUuJTIwTWl0JTIwc2VpbmVuJTIwdmllbGYlQzMlQTRsdGlnZW4lMkMlMjBpbiUyMCVDMyVCQ2JlciUyMDIwJTIwSmFocmVuJTIwZ2VzYW1tZWx0ZW4lMjBFcmZhaHJ1bmdlbiUyMGhhdCUyMFBhdWxvJTIwRG9zJTIwU2FudG9zJTIwYmVyZWl0cyUyMHZpZWxlJTIwUHJvJTIwQXRobGV0ZW4lMjBlcmZvbGdyZWljaCUyMGF1ZiUyMGlocmVtJTIwV2VnJTIwenVtJTIwQ2hhbXBpb24lMjBiZWdsZWl0ZXQuJTIwRiVDMyVCQ3IlMjBkaWUlMjBiZXNvbmRlcmUlMjBRdWFsaXQlQzMlQTR0JTIwZGVzJTIwVHJhaW5pbmdzJTIwc3ByaWNodCUyMGRpZSUyMFRhdHNhY2hlJTJDJTIwZGFzcyUyMHNlaW5lJTIwQXRobGV0ZW4lMjBiaXNoZXIlMjBtZWhyJTIwYWxzJTIwOTAlMjBHb2xkbWVkYWlsbGVuJTIwZ2V3b25uZW4lMjBoYWJlbi4lMjBJaHJlJTIwWmVpdCUyMGlzdCUyMEpFVFpUJTIwZ2Vrb21tZW4uJTIwV2VubiUyMFNpZSUyMHNpY2glMjBmJUMzJUJDciUyMGRhcyUyMHByb2Zlc3Npb25lbGxlJTIwdW5kJTIwc28lMjB2aWVsZmFjaCUyMGJldyVDMyVBNGhydGUlMjBIYXBweSUyMEdvbGQlMjBQcm9ncmFtbSUyMGVudHNjaGVpZGVuJTJDJTIwayVDMyVCNm5uZW4lMjBhdWNoJTIwU2llJTIwc2ljaCUyMGF1ZiUyMGRlbiUyMFdlZyUyMHp1ciUyMEdvbGRtZWRhaWxsZSUyMG1hY2hlbi4lM0MlMkZwJTNF[\/vc_raw_html][\/vc_column][\/vc_row][vc_row][vc_column] [\/vc_column] [\/vc_row][vc_row][vc_column][vc_column_text] &nbsp; Mein Name ist Lubi Gazov Ich bin eine professionelle Aerobic Gymnastik Athletin. Seit vier Jahren arbeite ich mit Paulo Dos Santos zusammen und kann best\u00e4tigen, dass sich meine Resultate im Laufe der Zeit immer weiter verbessert haben. Folgende<\/p>\n","protected":false},"author":5,"featured_media":0,"parent":0,"menu_order":0,"comment_status":"closed","ping_status":"closed","template":"page-FullWidth.php","meta":{"footnotes":""},"class_list":["post-91","page","type-page","status-publish","hentry"],"_links":{"self":[{"href":"https:\/\/www.happydance.international\/de\/wp-json\/wp\/v2\/pages\/91","targetHints":{"allow":["GET"]}}],"collection":[{"href":"https:\/\/www.happydance.international\/de\/wp-json\/wp\/v2\/pages"}],"about":[{"href":"https:\/\/www.happydance.international\/de\/wp-json\/wp\/v2\/types\/page"}],"author":[{"embeddable":true,"href":"https:\/\/www.happydance.international\/de\/wp-json\/wp\/v2\/users\/5"}],"replies":[{"embeddable":true,"href":"https:\/\/www.happydance.international\/de\/wp-json\/wp\/v2\/comments?post=91"}],"version-history":[{"count":167,"href":"https:\/\/www.happydance.international\/de\/wp-json\/wp\/v2\/pages\/91\/revisions"}],"predecessor-version":[{"id":1639,"href":"https:\/\/www.happydance.international\/de\/wp-json\/wp\/v2\/pages\/91\/revisions\/1639"}],"wp:attachment":[{"href":"https:\/\/www.happydance.international\/de\/wp-json\/wp\/v2\/media?parent=91"}],"curies":[{"name":"wp","href":"https:\/\/api.w.org\/{rel}","templated":true}]}}