{"id":763,"date":"2014-10-01T21:35:57","date_gmt":"2014-10-01T12:35:57","guid":{"rendered":"http:\/\/www.happydance.international\/?page_id=763"},"modified":"2015-10-16T22:01:28","modified_gmt":"2015-10-16T13:01:28","slug":"happy-dance-programs","status":"publish","type":"page","link":"https:\/\/www.happydance.international\/de\/happy-dance-programs\/","title":{"rendered":"HAPPY DANCE PROGRAME"},"content":{"rendered":"<div style=\"text-align: justify; margin-left: 40px; margin-right: 40px; font-size: 16px; color: #000;\">\n<h4 style=\"margin-bottom: 15px;\"><span style=\"font-size: 22px;\">Happy Dance Power System bietet Programme an, mit deren Hilfe alle Menschen ges\u00fcnder, positiver, ausgeglichener und gl\u00fccklicher werden k\u00f6nnen. Es spielt keine Rolle, woher sie kommen und was sie sich f\u00fcr ihre Zukunft w\u00fcnschen, das Happy Dance Power System passt sich Ihren Bed\u00fcrfnissen an!<br \/>\n<\/span><\/h4>\n<p>W\u00e4hlen Sie die zu Ihnen passenden Programme aus und stellen Sie sich ein indivduelles Programm zusammen.<\/p>\n<p><b>Informieren Sie sich jetzt \u00fcber alle Programme. Klicken Sie hierzu die unteren Felder an.<\/b><\/p>\n<a class=\"large custom-button align-btn-left\" href=\"http:\/\/www.happydance.international\/de\/happy_gold\/\" title=\"Happy Gold\"><span style=\"background-color:#DAA520; color:#FFFFFF\">Happy Gold<\/span><\/a>\n<a class=\"large custom-button align-btn-left\" href=\"http:\/\/www.happydance.international\/de\/happy-nutrition\/\" title=\"Happy Ern\u00e4hrung\"><span style=\"background-color:#008000; color:#FFFFFF\">Happy Ern\u00e4hrung<\/span><\/a>\n<a class=\"large custom-button align-btn-left\" href=\"http:\/\/www.happydance.international\/de\/happy-fitness\/\" title=\"Happy Fitness\"><span style=\"background-color:#FF0000; color:#FFFFFF\">Happy Fitness<\/span><\/a>\n<a class=\"large custom-button align-btn-left\" href=\"http:\/\/www.happydance.international\/de\/happy-kids\/\" title=\"Happy Kids\"><span style=\"background-color:#DC143C; color:#FFFFFF\">Happy Kids<\/span><\/a>\n<a class=\"large custom-button align-btn-left\" href=\"http:\/\/www.happydance.international\/de\/happy-world\/\" title=\"Happy World\"><span style=\"background-color:#FF5C00; color:#FFFFFF\">Happy World<\/span><\/a>\n<a class=\"large custom-button align-btn-left\" href=\"http:\/\/www.happydance.international\/de\/happy-imigrant\/\" title=\"Happy Imigrant\"><span style=\"background-color:#6495ED; color:#FFFFFF\">Happy Imigrant<\/span><\/a>\n<div class=\"clear\"><\/div>\n<p style=\"margin-top: 20px;\">Falls Sie weitere Fragen haben, wenden Sie sich bitte an die folgende Email Adresse:<br \/>\n<a href=\"c&#x6f;&#x6e;t&#97;&#x63;t&#64;&#x68;a&#112;&#x70;yd&#x61;&#x6e;c&#x65;&#x2e;i&#110;&#x74;e&#114;&#x6e;at&#x69;&#x6f;n&#x61;&#x6c;\">&#99;&#x6f;n&#x74;a&#x63;t&#x40;h&#x61;p&#112;&#x79;&#100;&#x61;n&#x63;e&#x2e;i&#x6e;t&#x65;r&#110;&#x61;&#116;&#x69;o&#x6e;a&#x6c;<\/a><\/p>\n<\/div>","protected":false},"excerpt":{"rendered":"<p>Happy Dance Power System bietet Programme an, mit deren Hilfe alle Menschen ges\u00fcnder, positiver, ausgeglichener und gl\u00fccklicher werden k\u00f6nnen. Es spielt keine Rolle, woher sie kommen und was sie sich f\u00fcr ihre Zukunft w\u00fcnschen, das Happy Dance Power System passt sich Ihren Bed\u00fcrfnissen an! W\u00e4hlen Sie die<\/p>\n","protected":false},"author":5,"featured_media":0,"parent":0,"menu_order":0,"comment_status":"closed","ping_status":"closed","template":"page-FullWidth.php","meta":{"footnotes":""},"class_list":["post-763","page","type-page","status-publish","hentry"],"_links":{"self":[{"href":"https:\/\/www.happydance.international\/de\/wp-json\/wp\/v2\/pages\/763","targetHints":{"allow":["GET"]}}],"collection":[{"href":"https:\/\/www.happydance.international\/de\/wp-json\/wp\/v2\/pages"}],"about":[{"href":"https:\/\/www.happydance.international\/de\/wp-json\/wp\/v2\/types\/page"}],"author":[{"embeddable":true,"href":"https:\/\/www.happydance.international\/de\/wp-json\/wp\/v2\/users\/5"}],"replies":[{"embeddable":true,"href":"https:\/\/www.happydance.international\/de\/wp-json\/wp\/v2\/comments?post=763"}],"version-history":[{"count":34,"href":"https:\/\/www.happydance.international\/de\/wp-json\/wp\/v2\/pages\/763\/revisions"}],"predecessor-version":[{"id":1467,"href":"https:\/\/www.happydance.international\/de\/wp-json\/wp\/v2\/pages\/763\/revisions\/1467"}],"wp:attachment":[{"href":"https:\/\/www.happydance.international\/de\/wp-json\/wp\/v2\/media?parent=763"}],"curies":[{"name":"wp","href":"https:\/\/api.w.org\/{rel}","templated":true}]}}