{"id":450,"date":"2014-09-24T23:27:00","date_gmt":"2014-09-24T14:27:00","guid":{"rendered":"http:\/\/www.happydance.international\/?page_id=450"},"modified":"2015-10-16T22:42:34","modified_gmt":"2015-10-16T13:42:34","slug":"happy-world","status":"publish","type":"page","link":"https:\/\/www.happydance.international\/de\/happy-world\/","title":{"rendered":"Happy Welt"},"content":{"rendered":"[vc_row][vc_column width=&#8220;1\/2&#8243;][vc_column_text]\n<div style=\"text-align: justify; margin-bottom: 10px; font-size: 16px;\">\n<h4 style=\"margin-bottom: 15px;\"><span style=\"font-size: 20px; line-height: 1.6;\">Ein wichtiger Bestandteil des Happy Dance Power Systems ist es, einen Teil unseres Umsatzes zu spenden.<br \/>\n<\/span><\/h4>\n<p>Das Happy Welt Programm arbeitet direkt mit Institutionen in L\u00e4ndern der Dritten Welt zusammen und hat einen guten \u00dcberblick, in welchen Bereichen Spendengelder am meisten ben\u00f6tigt werden. Zur besseren Koordination von Aktivit\u00e4ten haben wir einen interaktiven Bereich eingerichtet, von dem aus wir Personen oder Organisation (wie z.B. aus den Bereichen Tierschutz, Umweltschutz, Ausbildung von Kindern in L\u00e4ndern der Dritten Welt, Welthungerhilfe usw.) unterst\u00fctzen, an weltweiten Aktionen teilnehmen und Information \u00fcber geplante Aktionen weiterleiten k\u00f6nnen.<\/p>\n<p>Menschen, die Hilfe ben\u00f6tigen, werden durch das Happy Welt Programm mit finanziellen Mitteln versorgt und k\u00f6nnen von der Happy Dance Power System Philosophie profitieren. Uns ist dabei wichtig allen Menschen \u2013egal, woher sie kommen- zu helfen, damit sich ihr Alltagsleben positiv und nachhaltig verbesserten kann. Wir stellen unser Wissen und K\u00f6nnen allen zur Verf\u00fcgung, um unserem Hauptziel DIE WELT GL\u00dcCKLICHER ZU MACHEN immer n\u00e4her zu kommen.<\/p>\n<\/div>\n[\/vc_column_text][\/vc_column][vc_column width=&#8220;1\/2&#8243;][vc_single_image image=&#8220;1119&#8243; border_color=&#8220;grey&#8220; img_link_target=&#8220;_self&#8220; img_size=&#8220;785&#215;808&#8243;][\/vc_column][\/vc_row]","protected":false},"excerpt":{"rendered":"<p>[vc_row][vc_column width=&#8220;1\/2&#8243;][vc_column_text] Ein wichtiger Bestandteil des Happy Dance Power Systems ist es, einen Teil unseres Umsatzes zu spenden. Das Happy Welt Programm arbeitet direkt mit Institutionen in L\u00e4ndern der Dritten Welt zusammen und hat einen guten \u00dcberblick, in welchen Bereichen Spendengelder am meisten ben\u00f6tigt werden. Zur besseren<\/p>\n","protected":false},"author":5,"featured_media":0,"parent":0,"menu_order":0,"comment_status":"closed","ping_status":"closed","template":"page-FullWidth.php","meta":{"footnotes":""},"class_list":["post-450","page","type-page","status-publish","hentry"],"_links":{"self":[{"href":"https:\/\/www.happydance.international\/de\/wp-json\/wp\/v2\/pages\/450","targetHints":{"allow":["GET"]}}],"collection":[{"href":"https:\/\/www.happydance.international\/de\/wp-json\/wp\/v2\/pages"}],"about":[{"href":"https:\/\/www.happydance.international\/de\/wp-json\/wp\/v2\/types\/page"}],"author":[{"embeddable":true,"href":"https:\/\/www.happydance.international\/de\/wp-json\/wp\/v2\/users\/5"}],"replies":[{"embeddable":true,"href":"https:\/\/www.happydance.international\/de\/wp-json\/wp\/v2\/comments?post=450"}],"version-history":[{"count":28,"href":"https:\/\/www.happydance.international\/de\/wp-json\/wp\/v2\/pages\/450\/revisions"}],"predecessor-version":[{"id":1473,"href":"https:\/\/www.happydance.international\/de\/wp-json\/wp\/v2\/pages\/450\/revisions\/1473"}],"wp:attachment":[{"href":"https:\/\/www.happydance.international\/de\/wp-json\/wp\/v2\/media?parent=450"}],"curies":[{"name":"wp","href":"https:\/\/api.w.org\/{rel}","templated":true}]}}