{"id":448,"date":"2014-09-24T23:26:32","date_gmt":"2014-09-24T14:26:32","guid":{"rendered":"http:\/\/www.happydance.international\/?page_id=448"},"modified":"2015-10-16T22:45:41","modified_gmt":"2015-10-16T13:45:41","slug":"happy-imigrant","status":"publish","type":"page","link":"https:\/\/www.happydance.international\/de\/happy-imigrant\/","title":{"rendered":"Happy Immigrant"},"content":{"rendered":"[vc_row][vc_column width=&#8220;1\/2&#8243;][vc_column_text]\n<div style=\"text-align: justify;  font-size: 16px; color: #000;\">\n<h4 style=\"margin-bottom: 15px;\"><span style=\"font-size: 20px; line-height: 1.6;\">Das Happy Immigrant Programm ist speziell f\u00fcr Menschen vorgesehen, die au\u00dferhalb der Heimat leben und Schwierigkeiten mit ihrer neuen Umgebung haben.<br \/>\n<\/span><\/h4>\n<p>Sich an andere Sitten anzupassen, fremde Sprachen zu lernen, ungewohntes Essen, neue Traditionen und andere Gesetzen kennen zu lernen, stellt oft eine gro\u00dfe Herausforderung dar. Das Happy Immigrant Programm wird von professionellen Mitarbeitern aus verschiedenen Arbeitsfeldern geleitet. Das Happy Imigrant Programm hilft Einwanderern sich ihrer Anpassungsm\u00f6glichkeiten bewusst zu werden, um schwierige Situationen in der neuen Heimat besser bew\u00e4ltigen zu k\u00f6nnen. Somit k\u00f6nnen Sie als Einwanderer ihre pers\u00f6nlichen und beruflichen Ziele effektiver verfolgen und Ihr physisches und psychisches Wohlergehen verbessern. <\/p><\/div>\n[\/vc_column_text][\/vc_column][vc_column width=&#8220;1\/2&#8243;][vc_single_image image=&#8220;966&#8243; border_color=&#8220;grey&#8220; img_link_target=&#8220;_self&#8220; img_size=&#8220;full&#8220;][\/vc_column][\/vc_row]","protected":false},"excerpt":{"rendered":"<p>[vc_row][vc_column width=&#8220;1\/2&#8243;][vc_column_text] Das Happy Immigrant Programm ist speziell f\u00fcr Menschen vorgesehen, die au\u00dferhalb der Heimat leben und Schwierigkeiten mit ihrer neuen Umgebung haben. Sich an andere Sitten anzupassen, fremde Sprachen zu lernen, ungewohntes Essen, neue Traditionen und andere Gesetzen kennen zu lernen, stellt oft eine gro\u00dfe Herausforderung<\/p>\n","protected":false},"author":5,"featured_media":0,"parent":0,"menu_order":0,"comment_status":"closed","ping_status":"closed","template":"page-FullWidth.php","meta":{"footnotes":""},"class_list":["post-448","page","type-page","status-publish","hentry"],"_links":{"self":[{"href":"https:\/\/www.happydance.international\/de\/wp-json\/wp\/v2\/pages\/448","targetHints":{"allow":["GET"]}}],"collection":[{"href":"https:\/\/www.happydance.international\/de\/wp-json\/wp\/v2\/pages"}],"about":[{"href":"https:\/\/www.happydance.international\/de\/wp-json\/wp\/v2\/types\/page"}],"author":[{"embeddable":true,"href":"https:\/\/www.happydance.international\/de\/wp-json\/wp\/v2\/users\/5"}],"replies":[{"embeddable":true,"href":"https:\/\/www.happydance.international\/de\/wp-json\/wp\/v2\/comments?post=448"}],"version-history":[{"count":17,"href":"https:\/\/www.happydance.international\/de\/wp-json\/wp\/v2\/pages\/448\/revisions"}],"predecessor-version":[{"id":1474,"href":"https:\/\/www.happydance.international\/de\/wp-json\/wp\/v2\/pages\/448\/revisions\/1474"}],"wp:attachment":[{"href":"https:\/\/www.happydance.international\/de\/wp-json\/wp\/v2\/media?parent=448"}],"curies":[{"name":"wp","href":"https:\/\/api.w.org\/{rel}","templated":true}]}}