{"id":443,"date":"2014-09-24T22:51:37","date_gmt":"2014-09-24T13:51:37","guid":{"rendered":"http:\/\/www.happydance.international\/?page_id=443"},"modified":"2015-10-16T22:33:19","modified_gmt":"2015-10-16T13:33:19","slug":"happy-dance-survivor","status":"publish","type":"page","link":"https:\/\/www.happydance.international\/de\/happy-dance-survivor\/","title":{"rendered":"Happy Dance Survivor"},"content":{"rendered":"[vc_row][vc_column width=&#8220;1\/2&#8243;][vc_column_text]\n<h3 style=\"line-height: 1.5;\">Happy Dance Survivor ist ein Wettbewerb, der Gesundheit, Freude, Freundschaft f\u00f6rdert und viel Spa\u00df durch grundlegende \u00dcbungen bringt. Happy Dance Survivor ist f\u00fcr alle Altersgruppen geeignet.<\/h3>\n<div class=\"divider\"><\/div>\n<h5 style=\"line-height: 1.5;\">Unsere Happy Dance Survivor Wettbewerbe sind ideal, um sich durch Tanz und Bewegung fit zu machen und Spa\u00df mit Freunden zu haben. Der Zusammenhalt der Teilnehmerinnen und Teilnehmer ist f\u00fcr uns genauso wichtig wie die jeweils eigene Ambition, den Wettbewerb zu gewinnen.<br \/>\nUnd das sind die Regeln f\u00fcr unsere Happy Dance Survivor Wettbewerbe:<\/h5>\n\n<ul class=\"list-1\">\n<li>Stundeneinteilung: 30 Minuten Aerobic\/ 30 Minuten Latin Dance und Samba\/ 30 Minuten Hip Hop<\/li>\n<li>Die Stunden werden von qualifizierten Happy Dance Trainerinnen und Trainern unterrichtet.<\/li>\n<li>Zwischen jedem Unterrichtssegment gibt es eine 5 min\u00fctige Pause.<\/li>\n<li>Die Teilnahme bezieht sich auf folgende Altersgruppen: 5-10 Jahre, 11-16 Jahre, 17-49 Jahre, 50-80 Jahre.<\/li>\n<li>Die Jury besteht aus zwei Sportlehrern und zwei Gastschiedsrichtern.<\/li>\n<li>Die k\u00fcnstlerische Bewertung liegt bei 80%, die technische Bewertung bei 20%.<\/li>\n<li>Zur k\u00fcnstlerischen Bewertung geh\u00f6ren: Ausstrahlung, Motivation, K\u00f6rperbeherrschung, Koordination zur Musik und visueller Augenkontakt.<\/li>\n<li>Zur Technischen Bewertung geh\u00f6ren: K\u00f6rperhaltung, Koordination, Kraft, Balance und Gelenkigkeit. <\/li>\n<\/ul>\n[\/vc_column_text][\/vc_column][vc_column width=&#8220;1\/2&#8243;]\n[vc_gallery type=&#8220;nivo&#8220; interval=&#8220;3&#8243; images=&#8220;848,849,850,851,852,857,861,860,859,858&#8243; onclick=&#8220;link_image&#8220; custom_links_target=&#8220;_self&#8220; img_size=&#8220;900&#215;600&#8243;][\/vc_column][\/vc_row][vc_row][vc_column width=&#8220;1\/1&#8243;][vc_column_text]\n<p>Besondere Preise geben wir f\u00fcr die originellsten Kost\u00fcme. Sie k\u00f6nnen sich kleiden wie Sie m\u00f6chten. Bitte achten Sie dennoch auf eine angemessene Kleidung, damit Sie die \u00dcbungen problemlos mitmachen k\u00f6nnen.<br \/>\nDie ersten, zweiten und dritten Pl\u00e4tze erhalten ein Preisgeld. Die Pl\u00e4tze vier und f\u00fcnf erhalten Geschenke von den Sponsoren des Wettbewerbs. Der erste Platz erh\u00e4lt zus\u00e4tzlich zum Preisgeld auch ein Geschenk der Sponsoren. <\/p>\n<p style=\"color: #000000;\">&#8212;&#8212;Die Regelungen des Happy Dance Survivor Wettbewerbs sind von der Japan Dance Association (JDA) und vom Happy Dance Power System (HDPS) festgelegt worden.\n<\/p>\n[\/vc_column_text][\/vc_column][\/vc_row]","protected":false},"excerpt":{"rendered":"<p>[vc_row][vc_column width=&#8220;1\/2&#8243;][vc_column_text] Happy Dance Survivor ist ein Wettbewerb, der Gesundheit, Freude, Freundschaft f\u00f6rdert und viel Spa\u00df durch grundlegende \u00dcbungen bringt. Happy Dance Survivor ist f\u00fcr alle Altersgruppen geeignet. Unsere Happy Dance Survivor Wettbewerbe sind ideal, um sich durch Tanz und Bewegung fit zu machen und Spa\u00df mit<\/p>\n","protected":false},"author":5,"featured_media":0,"parent":0,"menu_order":0,"comment_status":"closed","ping_status":"closed","template":"page-FullWidth.php","meta":{"footnotes":""},"class_list":["post-443","page","type-page","status-publish","hentry"],"_links":{"self":[{"href":"https:\/\/www.happydance.international\/de\/wp-json\/wp\/v2\/pages\/443","targetHints":{"allow":["GET"]}}],"collection":[{"href":"https:\/\/www.happydance.international\/de\/wp-json\/wp\/v2\/pages"}],"about":[{"href":"https:\/\/www.happydance.international\/de\/wp-json\/wp\/v2\/types\/page"}],"author":[{"embeddable":true,"href":"https:\/\/www.happydance.international\/de\/wp-json\/wp\/v2\/users\/5"}],"replies":[{"embeddable":true,"href":"https:\/\/www.happydance.international\/de\/wp-json\/wp\/v2\/comments?post=443"}],"version-history":[{"count":76,"href":"https:\/\/www.happydance.international\/de\/wp-json\/wp\/v2\/pages\/443\/revisions"}],"predecessor-version":[{"id":1471,"href":"https:\/\/www.happydance.international\/de\/wp-json\/wp\/v2\/pages\/443\/revisions\/1471"}],"wp:attachment":[{"href":"https:\/\/www.happydance.international\/de\/wp-json\/wp\/v2\/media?parent=443"}],"curies":[{"name":"wp","href":"https:\/\/api.w.org\/{rel}","templated":true}]}}