{"id":374,"date":"2014-08-22T22:17:30","date_gmt":"2014-08-22T13:17:30","guid":{"rendered":"http:\/\/www.happydance.international\/?page_id=374"},"modified":"2016-08-12T19:32:25","modified_gmt":"2016-08-12T10:32:25","slug":"happy-nutrition","status":"publish","type":"page","link":"https:\/\/www.happydance.international\/de\/happy-nutrition\/","title":{"rendered":"Happy Ern\u00e4hrung"},"content":{"rendered":"[vc_row][vc_column][vc_column_text]\t\t\t<style type=\"text\/css\">\n\t\t\t\t#content-block-background-1885 { background-image: url(http:\/\/www.happydance.international\/wp-content\/uploads\/2014\/09\/food-Background8.jpg); background-position: center top; background-repeat: none; background-color: #eee; background-attachment: fixed; background-size: auto; }\n\t\t\t\t#content-block-body-1885 { padding: 40px 0; color: #333333; }\n\t\t\t\t.content-block-body { margin-left: auto; margin-right: auto; position: relative; }\n\t\t\t<\/style>\n\t\t\t\t\t\t\t<style type=\"text\/css\">\n\t\t\t\t\t#wrapper-1 { overflow-x: hidden; }\n\t\t\t\t\t#content-block-background-1885 { margin: 0 -10000px; padding: 0 10000px; }\n\t\t\t\t<\/style>\n\t\t\t\n\t\t\t\t\t\t<script type=\"text\/javascript\">\n\t\t\t\t\/\/ <![CDATA[\n\t\t\t\tjQuery(document).ready(function($){\n\t\t\t\t\t\"use strict\";\n\t\t\t\t\tif( ! $(\"body\").hasClass( \"mobile-detected\" ) ){\n\t\t\t\t\t\t$(\"#content-block-background-\"+1885).each(function(){\n\t\t\t\t\t\t\tvar $bgobj = $(this); \/\/ Assigning the object.\n\t\t\t\t\t\t\tvar xPos = 'center'; \/\/ x bg position value from the user shortcode.\n\t\t\t\t\t\t\t$(window).scroll(function() {\n\t\t\t\t\t\t\t\tvar yPos = -($(window).scrollTop() \/ 3);\n\t\t\t\t\t\t\t\t\/\/ Put together our final background position.\n\t\t\t\t\t\t\t\tvar coords = xPos+' '+yPos+'px';\n\t\t\t\t\t\t\t\t\/\/ Move the background.\n\t\t\t\t\t\t\t\t$bgobj.css({ backgroundPosition: coords });\n\t\t\t\t\t\t\t});\n\t\t\t\t\t\t});\n\t\t\t\t\t}\n\t\t\t\t});\n\t\t\t\t\/\/ ]]>\n\t\t\t<\/script>\n\t\t\t\n\t\t\t<div class=\"clear\"><\/div>\n\t\t\t<div id=\"content-block-background-1885\" class=\"content-block-background \">\n\t\t\t\t<div id=\"content-block-body-1885\" class=\"content-block-body\">\n\t\t\t\t\t<div class=\"clear\"><\/div>\n\t\t\t\t\t\n<div class=\"custom \" style=\"background:-moz-linear-gradient(center top , #FFFFFF, #EEEEEE) repeat scroll 0 0 transparent;\n\t\t\t\t\t\t   background: -webkit-gradient(linear, center top, center bottom, from(#FFFFFF), to(#EEEEEE));\n\t\t\t\t\t\t   background: -o-linear-gradient(top, #FFFFFF 0%,#EEEEEE 99%); \/* Opera 11.10+ *\/\n\t\t\t\t\t\t   background: -ms-linear-gradient(top, #FFFFFF 0%,#EEEEEE 99%); \/* IE10+ *\/\n\t\t\t\t\t\t   margin-left:0 !important;\n\t\t\t\t\t\t   margin-right:0 !important;\n\t\t\t\t\t\t   border:1px solid #FFFFFF;\n\t\t\t\t\t\t   background-color: #EEEEEE;\n\t\t\t\t\t\t   width:100%;\n\t\t\t\t\t\t   color:#888888;\"><div class=\"inner-padding\">\n<div style=\"text-align: center;\">\n<h4 style=\"margin-bottom: 5px;\"><span style=\"font-size: 36px; color: #fd7800;\">Happy Ern\u00e4hrung &#8211; wir lieben gutes Essen!<\/span><\/h4>\n<h5 style=\"margin-bottom: 15px;\"><span style=\"font-size: 20px; color: #777777; line-height: 1.5;\"><br \/>\nHappy Ern\u00e4hrung ist ein weiterer Teilbereich von Happy Dance Power System. Unser Ziel ist die Motivation von Menschen, ein gesundes, ausgewogenes und gl\u00fcckliches Leben zu f\u00fchren, frei nach dem Motto: \u201eDu bist was Du isst\u201c.<br \/>\n<\/span><\/h5>\n<\/div>\n<div style=\"font-size: 14px; color: #777777; margin-left: 20px; margin-right: 20px; margin-bottom: 10px; line-height: 2.0;\">Mit dem was wir essen versorgen wir unseren K\u00f6rper mit Stoffen, die wir einerseits zur Energiegewinnung und andererseits zum Aufbau neuer K\u00f6rperzellen brauchen. Eine ausgewogene Ern\u00e4hrung ist hilfreich, damit der K\u00f6rper diese Aufgaben gut erf\u00fcllen kann. Ern\u00e4hren wir uns hingegen einseitige und mangelhaft, wird der K\u00f6rper auf lange Sicht gesehen krank. H\u00e4ufig kommt es zu Begleitsymptomen wie Depression, \u00dcbergewicht und mangelndes Selbstbewusstsein.<br \/>\nHappy Ern\u00e4hrung unterst\u00fctzt Sie solche und \u00e4hnliche Probleme, die auf eine unzureichende Ern\u00e4hrung zur\u00fcckzuf\u00fchren sind zu l\u00f6sen. Wir m\u00f6chten dazu beitragen Ihr Wohlbefinden, Ihre Produktivit\u00e4t und das Gleichgewicht von K\u00f6rper und Seele wieder herzustellen, damit Sie das Leben wieder in vollen Z\u00fcgen genie\u00dfen k\u00f6nnen.<br \/>\nInformationen zu Happy Ern\u00e4hrung erhalten Sie \u00fcber unsere Brosch\u00fcren und e-B\u00fccher. Videos im YouTube Kanal geben beispielsweise Auskunft \u00fcber gesunde Ern\u00e4hrung und Kochen.<\/div>\n<\/div><\/div>\t\t\t\t\t<div class=\"clear\"><\/div>\n\t\t\t\t<\/div>\n\t\t\t<\/div>\n\t\t\t<div class=\"clear\"><\/div>\n\t\t\t\t\t\t<style type=\"text\/css\">\n\t\t\t\t#content-block-background-1595 { background-image: url(http:\/\/background_image_goes_here); background-position: center top; background-repeat: yes; background-color: #333; background-attachment: scroll; background-size: auto; }\n\t\t\t\t#content-block-body-1595 { padding: 40px 0; color: #252525; }\n\t\t\t\t.content-block-body { margin-left: auto; margin-right: auto; position: relative; }\n\t\t\t<\/style>\n\t\t\t\t\t\t\t<style type=\"text\/css\">\n\t\t\t\t\t#wrapper-1 { overflow-x: hidden; }\n\t\t\t\t\t#content-block-background-1595 { margin: 0 -10000px; padding: 0 10000px; }\n\t\t\t\t<\/style>\n\t\t\t\n\t\t\t\n\t\t\t<div class=\"clear\"><\/div>\n\t\t\t<div id=\"content-block-background-1595\" class=\"content-block-background \">\n\t\t\t\t<div id=\"content-block-body-1595\" class=\"content-block-body\">\n\t\t\t\t\t<div class=\"clear\"><\/div>\n\t\t\t\t\t\n<div style=\"text-align: center;\">\n<h4 style=\"margin: 20px 0 25px;\"><span style=\"font-size: 36px; color: #eeeeee; line-height: 1.6;\">Haben Sie Schwierigkeiten Ihr Gewicht zu reduzieren oder zu halten?<span style=\"color: #f95700;\"><br \/>\nWir k\u00f6nnen Ihnen helfen.<\/span> <\/span><\/h4>\n<h5 style=\"margin-bottom: 20px;\"><span style=\"font-size: 20px; color: #777777; line-height: 1.6;\">Unser hochqualifiziertes Expertenteam mit ausgebildeten Ern\u00e4hrungsberaterinnen und -beratern zeigt Ihnen nicht nur auf wie sie die Pfunde loszuwerden, sondern auch langfristig Ihr Idealgewicht halten k\u00f6nnen. Die meisten Di\u00e4ten sind nur sehr kurzfristig erfolgreich, mit dem Jo-Jo-Effekt kommen die abgenommenen Pfunde oft wieder zur\u00fcck. Mit unseren Ern\u00e4hrungsprogrammen verbessern Sie Ihr gesamtes Gesundheitsbild. Happy Ern\u00e4hrung basiert auf leckeren Mahlzeiten, die den Hunger stillen und gleichzeitig Gewichtsabnahme und Gesundheit f\u00f6rdern.<br \/>\nNehmen Sie online Kontakt mit unserem Beraterteam auf. Mit einer individuell auf Ihre Bed\u00fcrfnisse abgestimmten Beratung erhalten Sie Anregungen f\u00fcr eine gesunde und ausgewogene Lebensf\u00fchrung. Nachfolgend sehen Sie ein paar Beispiele in denen das Happy Ern\u00e4hrungs Programm Ihre Ern\u00e4hrungsgewohnheiten bereichern kann:<br \/>\n<\/span><\/h5>\n<div class=\"align-btn-center\"><a class=\"large custom-button\" href=\"&#x6d;&#x61;&#x69;&#x6c;&#x74;&#x6f;&#58;&#110;utriti&#x6f;&#x6e;&#x40;&#x68;&#x61;&#x70;&#112;&#121;dance.&#x69;&#x6e;&#x74;&#x65;&#x72;&#x6e;&#97;&#116;&#105;onal\" title=\"Kontaktieren Sie unser Team\"><span style=\"background-color:#FF5C00; color:#FFFFFF\">Kontaktieren Sie uns um mehr zu erfahren!<\/span><\/a><\/div>\n<\/div>\n\t\t\t\t\t<div class=\"clear\"><\/div>\n\t\t\t\t<\/div>\n\t\t\t<\/div>\n\t\t\t<div class=\"clear\"><\/div>\n\t\t\t\t\t\t<style type=\"text\/css\">\n\t\t\t\t#content-block-background-1862 { background-image: url(http:\/\/www.happydance.international\/wp-content\/uploads\/2014\/09\/food-Background8.jpg); background-position: center top; background-repeat: none; background-color: #eee; background-attachment: fixed; background-size: auto; }\n\t\t\t\t#content-block-body-1862 { padding: 60px 0 50px; color: #333333; }\n\t\t\t\t.content-block-body { margin-left: auto; margin-right: auto; position: relative; }\n\t\t\t<\/style>\n\t\t\t\t\t\t\t<style type=\"text\/css\">\n\t\t\t\t\t#wrapper-1 { overflow-x: hidden; }\n\t\t\t\t\t#content-block-background-1862 { margin: 0 -10000px; padding: 0 10000px; }\n\t\t\t\t<\/style>\n\t\t\t\n\t\t\t\t\t\t<script type=\"text\/javascript\">\n\t\t\t\t\/\/ <![CDATA[\n\t\t\t\tjQuery(document).ready(function($){\n\t\t\t\t\t\"use strict\";\n\t\t\t\t\tif( ! $(\"body\").hasClass( \"mobile-detected\" ) ){\n\t\t\t\t\t\t$(\"#content-block-background-\"+1862).each(function(){\n\t\t\t\t\t\t\tvar $bgobj = $(this); \/\/ Assigning the object.\n\t\t\t\t\t\t\tvar xPos = 'center'; \/\/ x bg position value from the user shortcode.\n\t\t\t\t\t\t\t$(window).scroll(function() {\n\t\t\t\t\t\t\t\tvar yPos = -($(window).scrollTop() \/ 3);\n\t\t\t\t\t\t\t\t\/\/ Put together our final background position.\n\t\t\t\t\t\t\t\tvar coords = xPos+' '+yPos+'px';\n\t\t\t\t\t\t\t\t\/\/ Move the background.\n\t\t\t\t\t\t\t\t$bgobj.css({ backgroundPosition: coords });\n\t\t\t\t\t\t\t});\n\t\t\t\t\t\t});\n\t\t\t\t\t}\n\t\t\t\t});\n\t\t\t\t\/\/ ]]>\n\t\t\t<\/script>\n\t\t\t\n\t\t\t<div class=\"clear\"><\/div>\n\t\t\t<div id=\"content-block-background-1862\" class=\"content-block-background \">\n\t\t\t\t<div id=\"content-block-body-1862\" class=\"content-block-body\">\n\t\t\t\t\t<div class=\"clear\"><\/div>\n\t\t\t\t\t\n<div class=\"one_third\">\n<div class=\"custom \" style=\"background:-moz-linear-gradient(center top , #FFFFFF, #EEEEEE) repeat scroll 0 0 transparent;\n\t\t\t\t\t\t   background: -webkit-gradient(linear, center top, center bottom, from(#FFFFFF), to(#EEEEEE));\n\t\t\t\t\t\t   background: -o-linear-gradient(top, #FFFFFF 0%,#EEEEEE 99%); \/* Opera 11.10+ *\/\n\t\t\t\t\t\t   background: -ms-linear-gradient(top, #FFFFFF 0%,#EEEEEE 99%); \/* IE10+ *\/\n\t\t\t\t\t\t   margin-left:0 !important;\n\t\t\t\t\t\t   margin-right:0 !important;\n\t\t\t\t\t\t   border:1px solid #FFFFFF;\n\t\t\t\t\t\t   background-color: #EEEEEE;\n\t\t\t\t\t\t   width:100%;\n\t\t\t\t\t\t   color:#888888;\"><div class=\"inner-padding\">\n<div style=\"text-align: center; margin: 0 0 0 0;\">\n<h4 style=\"margin-bottom: 5px;\"><span style=\"font-size: 30px; color: #fd7800;\">Individuelle Beratung<\/span><\/h4>\n<h5 style=\"margin-bottom: 15px;\"><span style=\"font-size: 24px; color: #444444; line-height: 30px;\">Ausgewogene Ern\u00e4hrungsprogramme<\/span><\/h5>\n<\/div>\n<div style=\"text-align: center; margin-bottom: 10px;\">In unserem Happy Ern\u00e4hrungsprogramm kreieren wir individuelle Ern\u00e4hrungsprogramme die auf unsere Kunden individuell angepasst sind. Melden sie sich jetzt f\u00fcr eine private Beratung mit einem unserer Ern\u00e4hrungsberater online an der Ihnen helfen wird ihre Ziele zu erreichen.<\/div>\n<div class=\"align-btn-center\"><a class=\" light-round-button\" href=\"m&#x61;i&#x6c;&#x74;o&#x3a;n&#117;&#x74;r&#x69;t&#105;&#x6f;n&#x40;h&#97;&#x70;p&#x79;&#x64;a&#x6e;c&#101;&#x2e;i&#x6e;t&#101;&#x72;n&#x61;t&#105;&#x6f;n&#x61;&#x6c;\" title=\"Kontakt\" target=\"_blank\"><span>Kontaktieren Sie uns<\/span><\/a><\/div>\n<\/div><\/div><\/div><div class=\"one_third\">\n<div class=\"custom \" style=\"background:-moz-linear-gradient(center top , #FFFFFF, #EEEEEE) repeat scroll 0 0 transparent;\n\t\t\t\t\t\t   background: -webkit-gradient(linear, center top, center bottom, from(#FFFFFF), to(#EEEEEE));\n\t\t\t\t\t\t   background: -o-linear-gradient(top, #FFFFFF 0%,#EEEEEE 99%); \/* Opera 11.10+ *\/\n\t\t\t\t\t\t   background: -ms-linear-gradient(top, #FFFFFF 0%,#EEEEEE 99%); \/* IE10+ *\/\n\t\t\t\t\t\t   margin-left:0 !important;\n\t\t\t\t\t\t   margin-right:0 !important;\n\t\t\t\t\t\t   border:1px solid #FFFFFF;\n\t\t\t\t\t\t   background-color: #EEEEEE;\n\t\t\t\t\t\t   width:100%;\n\t\t\t\t\t\t   color:#888888;\"><div class=\"inner-padding\">\n<div style=\"text-align: center;\">\n<h4 style=\"margin-bottom: 5px;\"><span style=\"font-size: 30px; color: #fd7800;\">Ihr Idealgewicht <\/span><\/h4>\n<h5 style=\"margin-bottom: 15px;\"><span style=\"font-size: 24px; color: #444444;\">ist m\u00f6glich<\/span><\/h5>\n<\/div>\n<div style=\"text-align: center; margin-bottom: 10px;\">Unsere Ern\u00e4hrungsprogramme sind perfekt f\u00fcr alle geeignet, die abnehmen m\u00f6chten. Zus\u00e4zlich zeigen wir Ihnen, wie Sie ihre Muskelmasse und ihre athletische Leistung verbessen k\u00f6nnen.<\/div>\n<div class=\"align-btn-center\"><a class=\" light-round-button\" href=\"&#109;a&#x69;l&#x74;o&#x3a;n&#x75;&#116;&#x72;&#105;t&#x69;o&#x6e;&#64;&#x68;a&#x70;p&#x79;&#100;&#x61;&#110;c&#x65;.&#x69;n&#x74;e&#x72;n&#x61;&#116;&#x69;&#111;n&#x61;l\" title=\"Kontakt\" target=\"_blank\"><span>Kontaktieren Sie uns<\/span><\/a><\/div>\n<\/div><\/div><\/div><div class=\"one_third last_column\">\n<div class=\"custom \" style=\"background:-moz-linear-gradient(center top , #FFFFFF, #EEEEEE) repeat scroll 0 0 transparent;\n\t\t\t\t\t\t   background: -webkit-gradient(linear, center top, center bottom, from(#FFFFFF), to(#EEEEEE));\n\t\t\t\t\t\t   background: -o-linear-gradient(top, #FFFFFF 0%,#EEEEEE 99%); \/* Opera 11.10+ *\/\n\t\t\t\t\t\t   background: -ms-linear-gradient(top, #FFFFFF 0%,#EEEEEE 99%); \/* IE10+ *\/\n\t\t\t\t\t\t   margin-left:0 !important;\n\t\t\t\t\t\t   margin-right:0 !important;\n\t\t\t\t\t\t   border:1px solid #FFFFFF;\n\t\t\t\t\t\t   background-color: #EEEEEE;\n\t\t\t\t\t\t   width:100%;\n\t\t\t\t\t\t   color:#888888;\"><div class=\"inner-padding\">\n<div style=\"text-align: center;\">\n<h4 style=\"margin-bottom: 5px;\"><span style=\"font-size: 30px; color: #fd7800;\">Gesund essen<\/span><\/h4>\n<h5 style=\"margin-bottom: 15px;\"><span style=\"font-size: 24px; color: #444444;\">und Geld sparen<\/span><\/h5>\n<\/div>\n<div style=\"text-align: center; margin-bottom: 10px;\">Glauben Sie, dass eine Gesunde Ern\u00e4hrung teuer ist? Oft scheint es, als kostet gesundes Essen wesentlich mehr als fast Food, welches auf den ersen Blick sehr preisg\u00fcnstig erscheint. Wir zeigen Ihnen, wie Sie ges\u00fcnder essen und sogar Geld sparen k\u00f6nnen. Z\u00f6gern Sie nicht unser Expertenteam zu kontaktieren! Wir haben viele Tipps und Tricks, die Ihnen genau zeigen wie Sie sich gesund ern\u00e4hren und trotzdem Geld sparen k\u00f6nnen.<\/div>\n<div class=\"align-btn-center\"><a class=\" light-round-button\" href=\"&#x6d;&#x61;il&#x74;&#x6f;&#58;nu&#x74;&#x72;&#105;ti&#x6f;&#x6e;&#64;ha&#x70;&#x70;yd&#x61;&#x6e;&#99;e.&#x69;&#x6e;&#116;er&#x6e;&#x61;&#116;io&#x6e;&#x61;l\" title=\"Kontakt\" target=\"_blank\"><span>Kontaktieren Sie uns<\/span><\/a><\/div><\/div><\/div><\/div>\n<div class=\"clear\"><\/div>\n<div style=\"float: left; margin-top: 20px;\"><\/div>\n<div class=\"clear\"><\/div>\n<div class=\"one_third\"><div class=\"custom \" style=\"background:-moz-linear-gradient(center top , #FFFFFF, #EEEEEE) repeat scroll 0 0 transparent;\n\t\t\t\t\t\t   background: -webkit-gradient(linear, center top, center bottom, from(#FFFFFF), to(#EEEEEE));\n\t\t\t\t\t\t   background: -o-linear-gradient(top, #FFFFFF 0%,#EEEEEE 99%); \/* Opera 11.10+ *\/\n\t\t\t\t\t\t   background: -ms-linear-gradient(top, #FFFFFF 0%,#EEEEEE 99%); \/* IE10+ *\/\n\t\t\t\t\t\t   margin-left:0 !important;\n\t\t\t\t\t\t   margin-right:0 !important;\n\t\t\t\t\t\t   border:1px solid #FFFFFF;\n\t\t\t\t\t\t   background-color: #EEEEEE;\n\t\t\t\t\t\t   width:100%;\n\t\t\t\t\t\t   color:#888888;\"><div class=\"inner-padding\">\n<div style=\"text-align: center;\">\n<h4 style=\"margin-bottom: 5px;\"><span style=\"font-size: 30px; color: #fd7800;\">Investieren<\/span><\/h4>\n<h5 style=\"margin-bottom: 15px;\"><span style=\"font-size: 24px; color: #444444;\">Sie in sich selbst!<\/span><\/h5>\n<\/div>\n<div style=\"text-align: center; margin-bottom: 10px;\">Es gibt keinen Preis f\u00fcr ein langes, erf\u00fclltes und gesundes Leben. Investieren Sie jetzt einen vergleichsweise geringen Betrag in unser Programm und etwas Zubeh\u00f6r, um langfristig Geld zu sparen. Ein gesundes Leben zahlt sich aus, da gesunde Menschen viel weniger Geld f\u00fcr Medizin und Arztrechnungen zahlen und oft die selbe Kleidergr\u00f6\u00dfe ihr ganzes Leben lang tragen k\u00f6nnen.<\/div>\n<div class=\"align-btn-center\"><a class=\" light-round-button\" href=\"&#109;&#x61;&#105;&#x6c;&#116;&#x6f;:&#x6e;u&#x74;r&#x69;t&#x69;o&#x6e;&#64;&#x68;a&#x70;p&#x79;d&#97;&#x6e;&#99;&#x65;&#46;&#x69;&#110;&#x74;e&#x72;n&#x61;t&#x69;o&#x6e;a&#x6c;\" title=\"Kontakt\" target=\"_blank\"><span>Kontaktieren Sie uns<\/span><\/a><\/div>\n<\/div><\/div><\/div><div class=\"one_third\"><div class=\"custom \" style=\"background:-moz-linear-gradient(center top , #FFFFFF, #EEEEEE) repeat scroll 0 0 transparent;\n\t\t\t\t\t\t   background: -webkit-gradient(linear, center top, center bottom, from(#FFFFFF), to(#EEEEEE));\n\t\t\t\t\t\t   background: -o-linear-gradient(top, #FFFFFF 0%,#EEEEEE 99%); \/* Opera 11.10+ *\/\n\t\t\t\t\t\t   background: -ms-linear-gradient(top, #FFFFFF 0%,#EEEEEE 99%); \/* IE10+ *\/\n\t\t\t\t\t\t   margin-left:0 !important;\n\t\t\t\t\t\t   margin-right:0 !important;\n\t\t\t\t\t\t   border:1px solid #FFFFFF;\n\t\t\t\t\t\t   background-color: #EEEEEE;\n\t\t\t\t\t\t   width:100%;\n\t\t\t\t\t\t   color:#888888;\"><div class=\"inner-padding\">\n<div style=\"text-align: center;\">\n<h4 style=\"margin-bottom: 5px;\"><span style=\"font-size: 30px; color: #fd7800;\">Ern\u00e4hrungsprogramme<\/span><\/h4>\n<h5 style=\"margin-bottom: 15px;\"><span style=\"font-size: 24px; color: #444444; line-height: 24px;\">f\u00fcr Schwangerschaft und Stillzeit<\/span><\/h5>\n<\/div>\n<div style=\"text-align: center; margin-bottom: 10px;\">Sind Sie schwanger oder haben gerade ein Kind bekommen und brauchen ein Ern\u00e4hrungsprogramm, das Sie und Ihr Kind gesund h\u00e4lt, die Entwicklung Ihres Kindes f\u00f6rdert? Wir unterst\u00fctzen Sie gerne. Unser hochqualifiziertes Expertenteam hilft Frauen auf der ganzen Welt, sich und ihre Kinder w\u00e4hrend der Schwangerschaft und Stillzeit gesund zu ern\u00e4hren. Mit unseren Programmen k\u00f6nnen Sie nach der Geburt wieder fit und aktiv werden und die Pfunde, die Sie eventuell w\u00e4hrend der Schwangerschaft zugenommen haben, abtrainieren.<\/div>\n<div class=\"align-btn-center\"><a class=\" light-round-button\" href=\"ma&#105;&#x6c;&#x74;&#x6f;&#x3a;nu&#116;&#114;&#x69;&#x74;&#x69;on&#64;&#104;&#x61;&#x70;&#x70;yda&#110;&#x63;&#x65;&#x2e;int&#101;&#x72;&#x6e;&#x61;tio&#110;&#x61;&#x6c;\" title=\"Round Button\" target=\"_blank\"><span>Kontaktieren Sie uns<\/span><\/a><\/div><\/div><\/div><\/div><div class=\"one_third last_column\">\n<div class=\"custom \" style=\"background:-moz-linear-gradient(center top , #FFFFFF, #EEEEEE) repeat scroll 0 0 transparent;\n\t\t\t\t\t\t   background: -webkit-gradient(linear, center top, center bottom, from(#FFFFFF), to(#EEEEEE));\n\t\t\t\t\t\t   background: -o-linear-gradient(top, #FFFFFF 0%,#EEEEEE 99%); \/* Opera 11.10+ *\/\n\t\t\t\t\t\t   background: -ms-linear-gradient(top, #FFFFFF 0%,#EEEEEE 99%); \/* IE10+ *\/\n\t\t\t\t\t\t   margin-left:0 !important;\n\t\t\t\t\t\t   margin-right:0 !important;\n\t\t\t\t\t\t   border:1px solid #FFFFFF;\n\t\t\t\t\t\t   background-color: #EEEEEE;\n\t\t\t\t\t\t   width:100%;\n\t\t\t\t\t\t   color:#888888;\"><div class=\"inner-padding\">\n<div style=\"text-align: center;\">\n<h4 style=\"margin-bottom: 5px;\"><span style=\"font-size: 30px; color: #fd7800;\">G\u00f6nnen Sie sich <\/span><\/h4>\n<h5 style=\"margin-bottom: 15px;\"><span style=\"font-size: 24px; color: #444444;\">eine tolle Haut <\/span><\/h5>\n<\/div>\n<div style=\"text-align: center; margin-bottom: 10px;\">Haben Sie Hautprobleme, Pickel, spr\u00f6de und\/oder stumpfe Haare und N\u00e4gel? Wir k\u00f6nnen Ihnen weiterhelfen. Hautprobleme sowie spr\u00f6de Haare und N\u00e4gel sind oft die Folge einer falschen Ern\u00e4hrung. Unsere Ern\u00e4hrungsberaterinnen und -berater zeigen Ihnen gerne auf, wie Sie durch eine ausgewogene Ern\u00e4hrung von innen heraus strahlen werden.<\/div>\n<div class=\"align-btn-center\"><a class=\" light-round-button\" href=\"mailto:nutrition&#64;happydance.internation&#97;&#108;\" title=\"Kontakt\" target=\"_blank\"><span>Kontaktieren Sie uns<\/span><\/a><\/div>\n<\/div><\/div><\/div>\t\t\t\t\t<div class=\"clear\"><\/div>\n\t\t\t\t<\/div>\n\t\t\t<\/div>\n\t\t\t<div class=\"clear\"><\/div>\n\t\t\t\n<div class=\"two_third\">\n<h4 style=\"margin-bottom: 10px; margin-top: 35px;\"><span style=\"font-size: 20px; color: #777777;\">Das ist Kristina, Gr\u00fcnderin von Happy Ern\u00e4hrung und Leiterin des Happy Ern\u00e4hrungsteams<\/span><\/h4>\n<p>Kristina Dos Santos ist eine qualifizierte Fitnessexpertin, Personal Trainerin, Yoga Lehrerin und Ern\u00e4hrungsberaterin. Sie wurde 1980 in Wiesbaden geboren. Nach dem Abitur lebte Kristina von 2000 bis 2002 in Israel und arbeitete dort nach ihrer Ausbildung als Fitness Trainerin, Tanz Lehrerin und Personal Trainerin. 2002 verlegte Kristina ihren Lebens- und Arbeitsschwerpunkt nach Tokyo. Sie ist seitdem in der Fitness Branche von Japan t\u00e4tig. 2004 beendete Kristina ihre Ausbildung zur Yoga Lehrerin.<\/p>\n<p>Kristina unterrichtet seit \u00fcber 15 Jahren \u00f6ffentliche und private Stunde. Bei ihrer Arbeit stellte sich immer wieder heraus, dass fundierte Kenntnisse aus dem Bereich der Ern\u00e4hrungsberatung wichtig sind, um ihre Klienten effektiv und nachhaltig begleiten zu k\u00f6nnen. Daher meldete sie sich 2011 zu einer Ausbildung als Ern\u00e4hrungsberaterin an und beendete diese mit einem Diplom vom Institute of Natural healing. Sie erhielt den Titel: Dip. N (inst.NH). Zus\u00e4tzlich erwarb Kristina 2013 ein Zertifikat f\u00fcr pflanzlich basierte Ern\u00e4hrung der ECornell University.<\/p>\n<p>Kristina entwickelte das Happy Ern\u00e4hrungsprogramm, um Menschen fitter, ges\u00fcnder und gl\u00fccklicher zu machen. Durch ihre langj\u00e4hrige Erfahrung half Kristina bereits vielen Klienten ihr Gewicht zu verringern, Verdauungsprobleme abzubauen, Arbeitsstress zu reduzieren und sich w\u00e4hrend und nach der Schwangerschaft gesund zu ern\u00e4hren und einfach gl\u00fccklicher zu sein, worauf das Happy Ern\u00e4hrungsprogramm basiert.<\/p>\n<\/div>\n<div class=\"one_third last_column\">\n<img loading=\"lazy\" decoding=\"async\" class=\"alignnone size-full wp-image-1391\" src=\"https:\/\/www.happydance.international\/wp-content\/uploads\/2015\/09\/Kristina2.jpg\" alt=\"Kristina2\" width=\"400\" height=\"364\" srcset=\"https:\/\/www.happydance.international\/wp-content\/uploads\/2015\/09\/Kristina2.jpg 400w, https:\/\/www.happydance.international\/wp-content\/uploads\/2015\/09\/Kristina2-300x273.jpg 300w\" sizes=\"auto, (max-width: 400px) 100vw, 400px\" \/><\/p>\n<blockquote><p>Gl\u00fccklich und positiv zu sein ist der Schl\u00fcssel zum Erfolg!<\/p><\/blockquote>\n<div style=\"float: right; text-align: right; font-style: normal; font-weight: bold;\">&#8211; Kristina Dos Santos<br \/>\nGr\u00fcnderin und Leiterin des Happy Ern\u00e4hrungsprogramms<\/div>\n<\/div>[\/vc_column_text][\/vc_column][\/vc_row]","protected":false},"excerpt":{"rendered":"<p>[vc_row][vc_column][vc_column_text] [\/vc_column_text][\/vc_column][\/vc_row]<\/p>\n","protected":false},"author":5,"featured_media":0,"parent":0,"menu_order":0,"comment_status":"closed","ping_status":"closed","template":"page-FullWidth.php","meta":{"footnotes":""},"class_list":["post-374","page","type-page","status-publish","hentry"],"_links":{"self":[{"href":"https:\/\/www.happydance.international\/de\/wp-json\/wp\/v2\/pages\/374","targetHints":{"allow":["GET"]}}],"collection":[{"href":"https:\/\/www.happydance.international\/de\/wp-json\/wp\/v2\/pages"}],"about":[{"href":"https:\/\/www.happydance.international\/de\/wp-json\/wp\/v2\/types\/page"}],"author":[{"embeddable":true,"href":"https:\/\/www.happydance.international\/de\/wp-json\/wp\/v2\/users\/5"}],"replies":[{"embeddable":true,"href":"https:\/\/www.happydance.international\/de\/wp-json\/wp\/v2\/comments?post=374"}],"version-history":[{"count":139,"href":"https:\/\/www.happydance.international\/de\/wp-json\/wp\/v2\/pages\/374\/revisions"}],"predecessor-version":[{"id":1631,"href":"https:\/\/www.happydance.international\/de\/wp-json\/wp\/v2\/pages\/374\/revisions\/1631"}],"wp:attachment":[{"href":"https:\/\/www.happydance.international\/de\/wp-json\/wp\/v2\/media?parent=374"}],"curies":[{"name":"wp","href":"https:\/\/api.w.org\/{rel}","templated":true}]}}