{"id":116,"date":"2014-06-25T23:33:44","date_gmt":"2014-06-25T14:33:44","guid":{"rendered":"http:\/\/www.happydance.international\/?page_id=116"},"modified":"2016-08-10T23:26:59","modified_gmt":"2016-08-10T14:26:59","slug":"happy-dance-instructor","status":"publish","type":"page","link":"https:\/\/www.happydance.international\/de\/happy-dance-instructor\/","title":{"rendered":"HAPPY DANCE TRAINER"},"content":{"rendered":"<div class=\"one_fourth\">\n<img loading=\"lazy\" decoding=\"async\" class=\"alignnone wp-image-1325 size-full\" src=\"https:\/\/www.happydance.international\/wp-content\/uploads\/2015\/08\/dancer-02_small.png\" width=\"400\" height=\"561\" srcset=\"https:\/\/www.happydance.international\/wp-content\/uploads\/2015\/08\/dancer-02_small.png 400w, https:\/\/www.happydance.international\/wp-content\/uploads\/2015\/08\/dancer-02_small-214x300.png 214w\" sizes=\"auto, (max-width: 400px) 100vw, 400px\" \/><br \/>\n<\/div>\n<div class=\"one_half\">\n<p class=\"triangle-right left\" style=\"float: left; font-size: 20px; line-height: 1.5; top: -20px; left: -20px;\">Sind Sie daran die Welt gl\u00fccklich zu machen? Dann sollten Sie sich bei unserem Happy Dance Trainer Seminaren anmelden. Hier lernen Sie, wie Sie Menschen durch unser spezielles Tanzprogramm gl\u00fccklicher machen k\u00f6nnen. Wir haben drei verschiedene Zertifikatsstufen zu vergeben! Alle Details finden sie im unteren Teil<\/p>\n<\/div>\n<div class=\"one_fourth last_column\"><\/div>\n<div class=\"clear\"><\/div>\n<div class=\"one_third\">\n<div style=\"margin-top: 30px;\">\n<div style=\"float: left; text-align: center;\">\n<h3><a title=\"Bronze Trainer\" href=\"http:\/\/www.happydance.international\/bronze-instructor\/\"><img loading=\"lazy\" decoding=\"async\" class=\"alignnone size-full wp-image-1610\" src=\"https:\/\/www.happydance.international\/wp-content\/uploads\/2014\/06\/HD-CERT-PRINT-master-with-trademark-bronze.png\" alt=\"HD CERT PRINT master with trademark-bronze\" width=\"600\" height=\"431\" srcset=\"https:\/\/www.happydance.international\/wp-content\/uploads\/2014\/06\/HD-CERT-PRINT-master-with-trademark-bronze.png 600w, https:\/\/www.happydance.international\/wp-content\/uploads\/2014\/06\/HD-CERT-PRINT-master-with-trademark-bronze-300x216.png 300w\" sizes=\"auto, (max-width: 600px) 100vw, 600px\" \/><\/a><\/h3>\n<h3><a title=\"Bronze Trainer\" href=\"http:\/\/www.happydance.international\/bronze-instructor\/\">Bronze Trainer<\/a><\/h3>\n<p style=\"float: left; text-align: center;\">Der Bronze Level Kurs lehrt alle wichtigen Grundkenntnisse des Happy Dance Power Systems. Die Lizenz erm\u00f6glicht Ihnen, sowohl Happy Dance wie Happy Fitness f\u00fcr Anf\u00e4nger zu unterrichten. Diese Lizenz beinhaltet weiterhin eine Ausbildung in Happy Hip Hop oder Happy Samba Latin oder Happy Aero.<\/p>\n<\/div>\n<\/div>\n<\/div>\n<div class=\"one_third\">\n<div style=\"margin-top: 30px;\">\n<div style=\"float: left; text-align: center;\">\n<h3><a title=\"Silver trainer\" href=\"http:\/\/www.happydance.international\/silver-instructor\/\"><img loading=\"lazy\" decoding=\"async\" class=\"alignnone size-full wp-image-1612\" src=\"https:\/\/www.happydance.international\/wp-content\/uploads\/2014\/06\/HD-CERT-PRINT-master-with-trademark-silver.png\" alt=\"HD CERT PRINT master with trademark-silver\" width=\"600\" height=\"431\" srcset=\"https:\/\/www.happydance.international\/wp-content\/uploads\/2014\/06\/HD-CERT-PRINT-master-with-trademark-silver.png 600w, https:\/\/www.happydance.international\/wp-content\/uploads\/2014\/06\/HD-CERT-PRINT-master-with-trademark-silver-300x216.png 300w\" sizes=\"auto, (max-width: 600px) 100vw, 600px\" \/><\/a><\/h3>\n<h3><a title=\"Silver trainer\" href=\"http:\/\/www.happydance.international\/silver-instructor\/\">Silber Trainer<\/a><\/h3>\n<p style=\"float: left; text-align: center;\">Der Silber Level Kurs lehrt wie man Anf\u00e4nger und Fortgeschrittene in Tanz und Aerobic des Happy Fitness Programms unterrichtet. Der Silber Level Trainer wird im Happy Hip Hop, Happy Samba Latin und Happy Aerobic ausgebildet.<\/p>\n<\/div>\n<\/div>\n<\/div>\n<div class=\"one_third last_column\">\n<div style=\"margin-top: 30px;\">\n<div style=\"float: left; text-align: center;\">\n<h3><a title=\"Gold Trainer\" href=\"http:\/\/www.happydance.international\/gold-instructor\/\"><img loading=\"lazy\" decoding=\"async\" class=\"alignnone size-full wp-image-1611\" src=\"https:\/\/www.happydance.international\/wp-content\/uploads\/2014\/06\/HD-CERT-PRINT-master-with-trademark-gold.png\" alt=\"HD CERT PRINT master with trademark-gold\" width=\"600\" height=\"431\" srcset=\"https:\/\/www.happydance.international\/wp-content\/uploads\/2014\/06\/HD-CERT-PRINT-master-with-trademark-gold.png 600w, https:\/\/www.happydance.international\/wp-content\/uploads\/2014\/06\/HD-CERT-PRINT-master-with-trademark-gold-300x216.png 300w\" sizes=\"auto, (max-width: 600px) 100vw, 600px\" \/><\/a><\/h3>\n<h3><a title=\"Gold Trainer\" href=\"http:\/\/www.happydance.international\/gold-instructor\/\">Gold Trainer<\/a><\/h3>\n<p style=\"float: left; text-align: center;\">Der Gold Level Trainer (auch Master Trainer genannt) erh\u00e4lt Qualifikation in folgenden Bereichen: Er bildet weitere Trainer aus und h\u00e4ndigt Zertifikate f\u00fcr alle zuk\u00fcnftigen Trainer, die an den Happy Dance Ausbildungen erfolgreich teilgenommen haben aus. Dar\u00fcber hinaus beinhaltet die Gold Trainer Lizenz eine Ausbildung f\u00fcr den Unterricht in jeder Trainingsstufe des Happy Dance Programms, inklusive Happy Fitness, Happy Business und Happy Kinder.<\/p>\n<\/div>\n<\/div>\n<\/div>\n<div class=\"one_third\"><div class=\"custom \" style=\"background:-moz-linear-gradient(center top , #c38765, #c38765) repeat scroll 0 0 transparent;\n\t\t\t\t\t\t   background: -webkit-gradient(linear, center top, center bottom, from(#c38765), to(#c38765));\n\t\t\t\t\t\t   background: -o-linear-gradient(top, #c38765 0%,#c38765 99%); \/* Opera 11.10+ *\/\n\t\t\t\t\t\t   background: -ms-linear-gradient(top, #c38765 0%,#c38765 99%); \/* IE10+ *\/\n\t\t\t\t\t\t   margin-left:0 !important;\n\t\t\t\t\t\t   margin-right:0 !important;\n\t\t\t\t\t\t   border:1px solid #3A889B;\n\t\t\t\t\t\t   background-color: #c38765;\n\t\t\t\t\t\t   width:100%;\n\t\t\t\t\t\t   color:#FFFFFF;\"><div class=\"inner-padding\">\n<div style=\"text-align: center;\">\n<h4 style=\"margin-bottom: 5px;\"><span style=\"font-size: 30px; color: #ffffff; line-height: 1;\">Bronze Instructor<\/span><\/h4>\n<h5 style=\"margin-bottom: 25px;\"><\/h5>\n<\/div>\n\n<ul class=\"list-2\">\n<li>Anf\u00e4ngerstunden f\u00fcr Happy Dance und Happy Fitness<\/li>\n<li>Happy Hip-Hop<\/li>\n<li>Happy Samba<\/li>\n<li>Happy Aero<\/li>\n<\/ul>\n\n<div style=\"margin-top: 20px; margin-bottom: 15px;\"><div class=\"align-btn-center\"><a class=\"flat-custom-button\" href=\"m&#x61;&#x69;l&#x74;&#x6f;:&#x63;&#x6f;n&#116;&#x61;c&#116;&#x40;h&#97;&#x70;p&#121;&#x64;an&#x63;&#x65;.&#x69;&#x6e;t&#x65;&#x72;n&#x61;&#x74;i&#111;&#x6e;a&#108;\" title=\"Kontakt\"><span style=\"padding:10px 20px; background-color:#FFFFFF; border:3px solid #3A889B; color:#777777; font-size:14px;\">Kontakt<\/span><\/a><\/div><\/div>\n<\/div><\/div><\/div> <div class=\"one_third\"><div class=\"custom \" style=\"background:-moz-linear-gradient(center top , #9c9292, #9c9292) repeat scroll 0 0 transparent;\n\t\t\t\t\t\t   background: -webkit-gradient(linear, center top, center bottom, from(#9c9292), to(#9c9292));\n\t\t\t\t\t\t   background: -o-linear-gradient(top, #9c9292 0%,#9c9292 99%); \/* Opera 11.10+ *\/\n\t\t\t\t\t\t   background: -ms-linear-gradient(top, #9c9292 0%,#9c9292 99%); \/* IE10+ *\/\n\t\t\t\t\t\t   margin-left:0 !important;\n\t\t\t\t\t\t   margin-right:0 !important;\n\t\t\t\t\t\t   border:1px solid #4D8538;\n\t\t\t\t\t\t   background-color: #9c9292;\n\t\t\t\t\t\t   width:100%;\n\t\t\t\t\t\t   color:#FFFFFF;\"><div class=\"inner-padding\">\n<div style=\"text-align: center;\">\n<h4 style=\"margin-bottom: 5px;\"><span style=\"font-size: 30px; color: #ffffff; line-height: 1;\">Silber Trainer<\/span><\/h4>\n<h5 style=\"margin-bottom: 25px;\"><\/h5>\n<\/div>\n\n<ul class=\"list-2\">\n<li>Stunden f\u00fcr Anf\u00e4nger<\/li>\n<li>Stunden f\u00fcr Fortgeschrittene<\/li>\n<li>Happy Hip-Hop<\/li>\n<li>Happy Samba<\/li>\n<li>Happy Aero<\/li>\n<\/ul>\n\n<div style=\"margin-top: 20px; margin-bottom: 15px;\"><div class=\"align-btn-center\"><a class=\"flat-custom-button\" href=\"&#x6d;a&#x69;l&#x74;&#111;:&#x63;o&#x6e;t&#x61;&#99;t&#x40;h&#x61;&#112;p&#x79;d&#x61;n&#x63;&#101;.&#x69;n&#x74;&#101;&#x72;&#x6e;a&#x74;i&#x6f;&#110;a&#x6c;\" title=\"Kontakt\"><span style=\"padding:10px 20px; background-color:#FFFFFF; border:3px solid #4D8538; color:#777777; font-size:14px;\">Kontakt<\/span><\/a><\/div><\/div>\n<\/div><\/div><\/div> <div class=\"one_third last_column\"><div class=\"custom \" style=\"background:-moz-linear-gradient(center top , #c5902d, #c5902d) repeat scroll 0 0 transparent;\n\t\t\t\t\t\t   background: -webkit-gradient(linear, center top, center bottom, from(#c5902d), to(#c5902d));\n\t\t\t\t\t\t   background: -o-linear-gradient(top, #c5902d 0%,#c5902d 99%); \/* Opera 11.10+ *\/\n\t\t\t\t\t\t   background: -ms-linear-gradient(top, #c5902d 0%,#c5902d 99%); \/* IE10+ *\/\n\t\t\t\t\t\t   margin-left:0 !important;\n\t\t\t\t\t\t   margin-right:0 !important;\n\t\t\t\t\t\t   border:1px solid #C96400;\n\t\t\t\t\t\t   background-color: #c5902d;\n\t\t\t\t\t\t   width:100%;\n\t\t\t\t\t\t   color:#FFFFFF;\"><div class=\"inner-padding\">\n<div style=\"text-align: center;\">\n<h4 style=\"margin-bottom: 5px;\"><span style=\"font-size: 30px; color: #ffffff; line-height: 1;\">Gold Trainer<\/span><\/h4>\n<h5 style=\"margin-bottom: 25px;\"><\/h5>\n<\/div>\n\n<ul class=\"list-2\">\n<li>Trainerausbildung<\/li>\n<li>Zertifizierung<\/li>\n<li>Leiten von HD Veranstaltungen<\/li>\n<li>Unterrichten von Fortgeschrittenenkursen<\/li>\n<li>Unterrichten von Anf\u00e4ngerkursen<\/li>\n<li>Happy Hip-Hop<\/li>\n<li>Happy Samba<\/li>\n<li>Happy Aero<\/li>\n<\/ul>\n\n<div style=\"margin-top: 20px; margin-bottom: 15px;\"><div class=\"align-btn-center\"><a class=\"flat-custom-button\" href=\"&#109;a&#x69;l&#x74;o&#x3a;c&#x6f;n&#x74;a&#x63;t&#x40;h&#x61;p&#x70;&#121;&#x64;&#97;&#x6e;&#99;&#x65;&#46;i&#x6e;t&#x65;r&#x6e;a&#x74;i&#x6f;n&#x61;l\" title=\"Kontakt\"><span style=\"padding:10px 20px; background-color:#FFFFFF; border:3px solid #C96400; color:#777777; font-size:14px;\">Kontakt<\/span><\/a><\/div><\/div>\n<\/div><\/div><\/div>","protected":false},"excerpt":{"rendered":"Sind Sie daran die Welt gl\u00fccklich zu machen? Dann sollten Sie sich bei unserem Happy Dance Trainer Seminaren anmelden. Hier lernen Sie, wie Sie Menschen durch unser spezielles Tanzprogramm gl\u00fccklicher machen k\u00f6nnen. Wir haben drei verschiedene Zertifikatsstufen zu vergeben! Alle Details finden sie im unteren Teil Bronze","protected":false},"author":5,"featured_media":0,"parent":0,"menu_order":0,"comment_status":"closed","ping_status":"closed","template":"page-FullWidth.php","meta":{"footnotes":""},"class_list":["post-116","page","type-page","status-publish","hentry"],"_links":{"self":[{"href":"https:\/\/www.happydance.international\/de\/wp-json\/wp\/v2\/pages\/116","targetHints":{"allow":["GET"]}}],"collection":[{"href":"https:\/\/www.happydance.international\/de\/wp-json\/wp\/v2\/pages"}],"about":[{"href":"https:\/\/www.happydance.international\/de\/wp-json\/wp\/v2\/types\/page"}],"author":[{"embeddable":true,"href":"https:\/\/www.happydance.international\/de\/wp-json\/wp\/v2\/users\/5"}],"replies":[{"embeddable":true,"href":"https:\/\/www.happydance.international\/de\/wp-json\/wp\/v2\/comments?post=116"}],"version-history":[{"count":54,"href":"https:\/\/www.happydance.international\/de\/wp-json\/wp\/v2\/pages\/116\/revisions"}],"predecessor-version":[{"id":1615,"href":"https:\/\/www.happydance.international\/de\/wp-json\/wp\/v2\/pages\/116\/revisions\/1615"}],"wp:attachment":[{"href":"https:\/\/www.happydance.international\/de\/wp-json\/wp\/v2\/media?parent=116"}],"curies":[{"name":"wp","href":"https:\/\/api.w.org\/{rel}","templated":true}]}}